{"id":257368,"date":"2026-01-10T22:55:44","date_gmt":"2026-01-10T19:55:44","guid":{"rendered":"https:\/\/baldumarket.lt\/product\/tahoe-ta17-polka\/"},"modified":"2026-02-11T18:30:24","modified_gmt":"2026-02-11T15:30:24","slug":"tahoe-ta17-polka","status":"publish","type":"product","link":"https:\/\/baldumarket.lt\/lt\/product\/tahoe-ta17-polka\/","title":{"rendered":"TAHOE TA17 LENTYNA"},"content":{"rendered":"<p>\u201eTAHOE TA17\u201c lentyna puikiai dera su tos pa\u010dios kolekcijos baldais. 120 cm ilgio ji papildys bet kok\u012f interjero dizain\u0105. D\u0117l paprasto dizaino ji puikiai tinka suvenyrams, nuotraukoms ir kitiems smulkiems daiktams laikyti. Paprastas geometrinis sistemos dizainas puikiai papildo beveik bet kok\u012f interjero stili\u0173. Lentyna idealiai derinama su TA01 televizoriaus staliuku ar kitais \u201eTAHOE\u201c serijos baldais, arba gali b\u016bti naudojama kaip atskiras baldas, pritaikomas prie j\u016bs\u0173 kambario dekoro.<\/p>\n<p>Plotis 120 cm Gylis 22 cm Auk\u0161tis 22 cm Gaminio svoris su pakuote 7,45 kg Gamintojo kodas \/ simbolis TA17 DAB KPL Kolekcijos pavadinimas tahoe Gaminio pakuo\u010di\u0173 skai\u010dius 1 Stilius Modernus \u012eranga Surinkimo instrukcijos \/ surinkimo priedai Surinkimas Savaranki\u0161kam surinkimui Korpuso spalva Wotan \u0105\u017euolas Korpuso apdailos med\u017eiaga \/ tipas \/ storis laminuota med\u017eio dro\u017eli\u0173 plok\u0161t\u0117 25 mm<\/p>","protected":false},"excerpt":{"rendered":"<p>\u201eTAHOE TA17\u201c lentyna papildo tos pa\u010dios kolekcijos baldus. 120 cm ilgio ji papildys bet kok\u012f interjero dizain\u0105. D\u0117l paprasto dizaino ji puikiai tinka suvenyrams, nuotraukoms ir kitiems smulkiems daiktams laikyti. Paprastas geometrinis sistemos dizainas puikiai papildo beveik bet kok\u012f interjero stili\u0173. Lentyna idealiai derinama [\u2026]<\/p>","protected":false},"featured_media":257356,"comment_status":"open","ping_status":"open","template":"","meta":[],"product_brand":[],"product_cat":[1174,2457],"product_tag":[],"class_list":{"0":"post-257368","1":"product","2":"type-product","3":"status-publish","4":"has-post-thumbnail","6":"product_cat-hanging-shelves","7":"product_cat-liveo","9":"first","10":"instock","11":"purchasable","12":"product-type-simple"},"_links":{"self":[{"href":"https:\/\/baldumarket.lt\/lt\/wp-json\/wp\/v2\/product\/257368","targetHints":{"allow":["GET"]}}],"collection":[{"href":"https:\/\/baldumarket.lt\/lt\/wp-json\/wp\/v2\/product"}],"about":[{"href":"https:\/\/baldumarket.lt\/lt\/wp-json\/wp\/v2\/types\/product"}],"replies":[{"embeddable":true,"href":"https:\/\/baldumarket.lt\/lt\/wp-json\/wp\/v2\/comments?post=257368"}],"wp:featuredmedia":[{"embeddable":true,"href":"https:\/\/baldumarket.lt\/lt\/wp-json\/wp\/v2\/media\/257356"}],"wp:attachment":[{"href":"https:\/\/baldumarket.lt\/lt\/wp-json\/wp\/v2\/media?parent=257368"}],"wp:term":[{"taxonomy":"product_brand","embeddable":true,"href":"https:\/\/baldumarket.lt\/lt\/wp-json\/wp\/v2\/product_brand?post=257368"},{"taxonomy":"product_cat","embeddable":true,"href":"https:\/\/baldumarket.lt\/lt\/wp-json\/wp\/v2\/product_cat?post=257368"},{"taxonomy":"product_tag","embeddable":true,"href":"https:\/\/baldumarket.lt\/lt\/wp-json\/wp\/v2\/product_tag?post=257368"}],"curies":[{"name":"wp","href":"https:\/\/api.w.org\/{rel}","templated":true}]}}