{"id":257364,"date":"2026-01-10T22:55:39","date_gmt":"2026-01-10T19:55:39","guid":{"rendered":"https:\/\/baldumarket.lt\/product\/tahoe-ta12-witryna\/"},"modified":"2026-02-11T18:30:24","modified_gmt":"2026-02-11T15:30:24","slug":"tahoe-ta12-witryna","status":"publish","type":"product","link":"https:\/\/baldumarket.lt\/lt\/product\/tahoe-ta12-witryna\/","title":{"rendered":"TAHOE TA12 SKLYPAS"},"content":{"rendered":"<p>\u201eTAHOE TA12\u201c vitrina puikiai tinka svetainei, darbo kambariui ar valgomajam; ji gali b\u016bti naudojama kaip baras arba indauja. U\u017e dviej\u0173 dali\u0173 stiklinio priekio yra lentynos su papildomu LED ap\u0161vietimu, leid\u017eian\u010diu s\u0117kmingai eksponuoti m\u0117gstamus suvenyrus ir papuo\u0161alus. Apatin\u0117 spintel\u0117s dalis yra padalinta \u012f keturias ni\u0161as, tod\u0117l galite pasl\u0117pti daiktus, kuri\u0173 neb\u016btinai norite demonstruoti. Paprastas geometrinis sistemos dizainas ir ranken\u0117li\u0173 nebuvimas puikiai papildo beveik bet kok\u012f interjero stili\u0173. Vitrina idealiai dera su kitais \u201eTAHOE\u201c serijos baldais arba yra atskiras baldas, prisitaikantis prie j\u016bs\u0173 kambario dekoro.<\/p>\n<p>Plotis 90 cm Gylis 40 cm Auk\u0161tis 210 cm Produkto svoris su pakuote 82,75 kg Gamintojo kodas \/ simbolis TA12 DAB KPL Kolekcijos pavadinimas tahoe Produkto pakuo\u010di\u0173 skai\u010dius 4 Stilius Modernus \u012eranga Surinkimo instrukcijos \/ surinkimo priedai Surinkimas Savaranki\u0161kam surinkimui Korpuso spalva Wotan \u0105\u017euolas Korpuso med\u017eiaga \/ tipas \/ storis laminuota med\u017eio dro\u017eli\u0173 plok\u0161t\u0117 25 mm Lentyn\u0173 kiekis 3 Galin\u0117s sienel\u0117s matomos dalies spalva Wotan \u0105\u017euolas Priekin\u0117s spalvos Wotan \u0105\u017euolas Priekin\u0117s med\u017eiagos \/ tipas \/ storis laminuota med\u017eio dro\u017eli\u0173 plok\u0161t\u0117 16 mm Priekin\u0117 rankena \/ dizainas \/ spalva frezuota Glaz\u016bruoto priekinio stiklo dizainas \/ stiklo spalva FLOAT BRONZE TEMPERED Glaz\u016bruoto priekinio stiklo storis 3 mm Vidinio ap\u0161vietimo \u0161viesos spalva \u0160iltai balta Kojel\u0117 \/ dizainas \/ spalva GLIDE Dur\u0173 skai\u010dius 4<\/p>","protected":false},"excerpt":{"rendered":"<p>\u201eTAHOE TA12\u201c vitrina puikiai tinka svetainei, darbo kambariui ar valgomajam; ji gali b\u016bti naudojama kaip baras arba indauja. U\u017e dviej\u0173 dali\u0173 stiklinio priekio yra lentynos su papildomu LED ap\u0161vietimu, leid\u017eian\u010diu s\u0117kmingai eksponuoti m\u0117gstamus suvenyrus ir papuo\u0161alus. Apatin\u0117 spintel\u0117s dalis yra padalinta \u012f [\u2026]<\/p>","protected":false},"featured_media":257365,"comment_status":"open","ping_status":"open","template":"","meta":[],"product_brand":[],"product_cat":[2457,2006],"product_tag":[],"class_list":{"0":"post-257364","1":"product","2":"type-product","3":"status-publish","4":"has-post-thumbnail","6":"product_cat-liveo","7":"product_cat-vitrines","9":"first","10":"instock","11":"purchasable","12":"product-type-simple"},"_links":{"self":[{"href":"https:\/\/baldumarket.lt\/lt\/wp-json\/wp\/v2\/product\/257364","targetHints":{"allow":["GET"]}}],"collection":[{"href":"https:\/\/baldumarket.lt\/lt\/wp-json\/wp\/v2\/product"}],"about":[{"href":"https:\/\/baldumarket.lt\/lt\/wp-json\/wp\/v2\/types\/product"}],"replies":[{"embeddable":true,"href":"https:\/\/baldumarket.lt\/lt\/wp-json\/wp\/v2\/comments?post=257364"}],"wp:featuredmedia":[{"embeddable":true,"href":"https:\/\/baldumarket.lt\/lt\/wp-json\/wp\/v2\/media\/257365"}],"wp:attachment":[{"href":"https:\/\/baldumarket.lt\/lt\/wp-json\/wp\/v2\/media?parent=257364"}],"wp:term":[{"taxonomy":"product_brand","embeddable":true,"href":"https:\/\/baldumarket.lt\/lt\/wp-json\/wp\/v2\/product_brand?post=257364"},{"taxonomy":"product_cat","embeddable":true,"href":"https:\/\/baldumarket.lt\/lt\/wp-json\/wp\/v2\/product_cat?post=257364"},{"taxonomy":"product_tag","embeddable":true,"href":"https:\/\/baldumarket.lt\/lt\/wp-json\/wp\/v2\/product_tag?post=257364"}],"curies":[{"name":"wp","href":"https:\/\/api.w.org\/{rel}","templated":true}]}}