{"id":257363,"date":"2026-01-10T22:55:37","date_gmt":"2026-01-10T19:55:37","guid":{"rendered":"https:\/\/baldumarket.lt\/product\/tahoe-ta07-komoda\/"},"modified":"2026-02-11T18:30:24","modified_gmt":"2026-02-11T15:30:24","slug":"tahoe-ta07-komoda","status":"publish","type":"product","link":"https:\/\/baldumarket.lt\/lt\/product\/tahoe-ta07-komoda\/","title":{"rendered":"TAHOE TA07 komoda su stal\u010diais"},"content":{"rendered":"<p>\u201eTAHOE TA07\u201c indauja puikiai tiks j\u016bs\u0173 svetainei, valgomajam ar biurui. Ji turi du stal\u010dius ir dvi dureles kair\u0117je pus\u0117je bei dvi atviras lentynas de\u0161in\u0117je. U\u017e u\u017edar\u0173 dureli\u0173 yra lentynos, kuriose yra daug vietos daiktams susid\u0117ti. Paprastas geometrinis sistemos dizainas ir ranken\u0117li\u0173 nebuvimas puikiai papildo beveik bet kok\u012f interjero stili\u0173. Indauja puikiai dera su kitais \u201eTAHOE\u201c serijos baldais arba yra atskiras baldas, prisitaikantis prie j\u016bs\u0173 kambario dekoro.<\/p>\n<p>Plotis 140 cm Gylis 40 cm Auk\u0161tis 85 cm Produkto svoris su pakuote 58,95 kg Gamintojo kodas \/ simbolis TA07 DAB KPL Kolekcijos pavadinimas tahoe Produkto pakuo\u010di\u0173 skai\u010dius 3 Stilius Moderni \u012eranga Surinkimo instrukcijos \/ surinkimo priedai Surinkimas Savaranki\u0161kam surinkimui Korpuso spalva Wotan \u0105\u017euolas Vir\u0161utin\u0117s dalies med\u017eiaga \/ tipas \/ storis laminuota med\u017eio dro\u017eli\u0173 plok\u0161t\u0117 25 mm Korpuso med\u017eiaga \/ tipas \/ storis laminuota med\u017eio dro\u017eli\u0173 plok\u0161t\u0117 25 mm Lentyn\u0173 med\u017eiaga \/ tipas \/ storis laminuota med\u017eio dro\u017eli\u0173 plok\u0161t\u0117 16 mm Lentyn\u0173 kiekis 4 Priekin\u0117s dalies spalva Wotan \u0105\u017euolas Priekin\u0117s dalies med\u017eiaga \/ tipas \/ storis laminuota med\u017eio dro\u017eli\u0173 plok\u0161t\u0117 16 mm Priekin\u0117 rankena \/ dizainas \/ spalva frezuota Kojel\u0117 \/ dizainas \/ spalva GLIDE Dureli\u0173 skai\u010dius 2 Stal\u010di\u0173 skai\u010dius 2<\/p>","protected":false},"excerpt":{"rendered":"<p>\u201eTAHOE TA07\u201c indauja puikiai tiks j\u016bs\u0173 svetainei, valgomajam ar biurui. Ji turi du stal\u010dius ir dvi dureles kair\u0117je pus\u0117je bei dvi atviras lentynas de\u0161in\u0117je. U\u017e u\u017edar\u0173 dureli\u0173 yra lentynos, kuriose yra daug vietos daiktams susid\u0117ti. Paprastas geometrinis sistemos dizainas ir ranken\u0117li\u0173 nebuvimas leid\u017eia [\u2026]<\/p>","protected":false},"featured_media":257353,"comment_status":"open","ping_status":"open","template":"","meta":[],"product_brand":[],"product_cat":[1173,2457],"product_tag":[],"class_list":{"0":"post-257363","1":"product","2":"type-product","3":"status-publish","4":"has-post-thumbnail","6":"product_cat-chests-of-drawers","7":"product_cat-liveo","9":"first","10":"instock","11":"purchasable","12":"product-type-simple"},"_links":{"self":[{"href":"https:\/\/baldumarket.lt\/lt\/wp-json\/wp\/v2\/product\/257363","targetHints":{"allow":["GET"]}}],"collection":[{"href":"https:\/\/baldumarket.lt\/lt\/wp-json\/wp\/v2\/product"}],"about":[{"href":"https:\/\/baldumarket.lt\/lt\/wp-json\/wp\/v2\/types\/product"}],"replies":[{"embeddable":true,"href":"https:\/\/baldumarket.lt\/lt\/wp-json\/wp\/v2\/comments?post=257363"}],"wp:featuredmedia":[{"embeddable":true,"href":"https:\/\/baldumarket.lt\/lt\/wp-json\/wp\/v2\/media\/257353"}],"wp:attachment":[{"href":"https:\/\/baldumarket.lt\/lt\/wp-json\/wp\/v2\/media?parent=257363"}],"wp:term":[{"taxonomy":"product_brand","embeddable":true,"href":"https:\/\/baldumarket.lt\/lt\/wp-json\/wp\/v2\/product_brand?post=257363"},{"taxonomy":"product_cat","embeddable":true,"href":"https:\/\/baldumarket.lt\/lt\/wp-json\/wp\/v2\/product_cat?post=257363"},{"taxonomy":"product_tag","embeddable":true,"href":"https:\/\/baldumarket.lt\/lt\/wp-json\/wp\/v2\/product_tag?post=257363"}],"curies":[{"name":"wp","href":"https:\/\/api.w.org\/{rel}","templated":true}]}}