{"id":257361,"date":"2026-01-10T22:55:34","date_gmt":"2026-01-10T19:55:34","guid":{"rendered":"https:\/\/baldumarket.lt\/product\/tahoe-ta04-nadstawka-rtv\/"},"modified":"2026-02-11T18:30:24","modified_gmt":"2026-02-11T15:30:24","slug":"tahoe-ta04-nadstawka-rtv","status":"publish","type":"product","link":"https:\/\/baldumarket.lt\/lt\/product\/tahoe-ta04-nadstawka-rtv\/","title":{"rendered":"TAHOE TA04 TV prailginimas"},"content":{"rendered":"<p>\u201eTAHOE TA04\u201c televizoriaus prailginimas puikiai veiks kartu su \u201eTA03\u201c spintele.<\/p>\n<p>Plotis 130 cm Gylis 37 cm Auk\u0161tis 48 cm Produkto svoris su pakuote 14,25 kg Gamintojo kodas \/ simbolis TA04 DAB KPL Kolekcijos pavadinimas tahoe Produkto pakuo\u010di\u0173 skai\u010dius 1 Stilius Moderni \u012franga Surinkimo instrukcijos \/ surinkimo priedai Surinkimas Savaranki\u0161kam surinkimui Korpuso spalva Wotan \u0105\u017euolas Korpuso apdailos med\u017eiaga \/ tipas \/ storis laminuota med\u017eio dro\u017eli\u0173 plok\u0161t\u0117 25 mm Kojel\u0117 \/ apdaila \/ spalva SLIDE<\/p>","protected":false},"excerpt":{"rendered":"<p>\u201eTAHOE TA04\u201c televizoriaus prailginimas puikiai der\u0117s su TA03 spintele. Plotis 130 cm Gylis 37 cm Auk\u0161tis 48 cm Gaminio svoris su pakuote 14,25 kg Gamintojo kodas \/ simbolis TA04 DAB KPL Kolekcijos pavadinimas \u201etahoe\u201c Gaminio pakuo\u010di\u0173 skai\u010dius 1 Stilius Moderni \u012franga Surinkimo instrukcijos \/ surinkimo priedai Surinkimas Savaranki\u0161kam surinkimui [\u2026]<\/p>","protected":false},"featured_media":257355,"comment_status":"open","ping_status":"open","template":"","meta":[],"product_brand":[],"product_cat":[2457,1175],"product_tag":[],"class_list":{"0":"post-257361","1":"product","2":"type-product","3":"status-publish","4":"has-post-thumbnail","6":"product_cat-liveo","7":"product_cat-tv-stands","9":"first","10":"instock","11":"purchasable","12":"product-type-simple"},"_links":{"self":[{"href":"https:\/\/baldumarket.lt\/lt\/wp-json\/wp\/v2\/product\/257361","targetHints":{"allow":["GET"]}}],"collection":[{"href":"https:\/\/baldumarket.lt\/lt\/wp-json\/wp\/v2\/product"}],"about":[{"href":"https:\/\/baldumarket.lt\/lt\/wp-json\/wp\/v2\/types\/product"}],"replies":[{"embeddable":true,"href":"https:\/\/baldumarket.lt\/lt\/wp-json\/wp\/v2\/comments?post=257361"}],"wp:featuredmedia":[{"embeddable":true,"href":"https:\/\/baldumarket.lt\/lt\/wp-json\/wp\/v2\/media\/257355"}],"wp:attachment":[{"href":"https:\/\/baldumarket.lt\/lt\/wp-json\/wp\/v2\/media?parent=257361"}],"wp:term":[{"taxonomy":"product_brand","embeddable":true,"href":"https:\/\/baldumarket.lt\/lt\/wp-json\/wp\/v2\/product_brand?post=257361"},{"taxonomy":"product_cat","embeddable":true,"href":"https:\/\/baldumarket.lt\/lt\/wp-json\/wp\/v2\/product_cat?post=257361"},{"taxonomy":"product_tag","embeddable":true,"href":"https:\/\/baldumarket.lt\/lt\/wp-json\/wp\/v2\/product_tag?post=257361"}],"curies":[{"name":"wp","href":"https:\/\/api.w.org\/{rel}","templated":true}]}}