{"id":257360,"date":"2026-01-10T22:55:32","date_gmt":"2026-01-10T19:55:32","guid":{"rendered":"https:\/\/baldumarket.lt\/product\/tahoe-ta03-rtv\/"},"modified":"2026-02-11T18:30:24","modified_gmt":"2026-02-11T15:30:24","slug":"tahoe-ta03-rtv","status":"publish","type":"product","link":"https:\/\/baldumarket.lt\/lt\/product\/tahoe-ta03-rtv\/","title":{"rendered":"TAHOE TA03 RTV"},"content":{"rendered":"<p>\u201eTAHOE TA03\u201c televizoriaus staliukas \u2013 tai baldas, kuris puikiai tiks tiek svetain\u0117je, tiek darbo kambaryje. \u0160is unikalus baldas turi tris stal\u010dius ir didel\u012f stalvir\u0161\u012f, puikiai tinkant\u012f televizoriui pastatyti ar stilingoms dekoracijoms eksponuoti. Paprastas geometrinis dizainas ir ranken\u0117li\u0173 nebuvimas puikiai papildo beveik bet kok\u012f interjero stili\u0173. Televizoriaus staliukas idealiai dera su TA04 prailginimo spintele arba kitais \u201eTAHOE\u201c serijos baldais.<\/p>\n<p>Plotis 170 cm Gylis 47 cm Auk\u0161tis 33 cm Produkto svoris su pakuote 46,1 kg Gamintojo kodas \/ simbolis TA03 DAB KPL Kolekcijos pavadinimas tahoe Produkto pakuo\u010di\u0173 skai\u010dius 1 Stilius Moderni \u012franga Surinkimo instrukcijos \/ surinkimo priedai Surinkimas Savaranki\u0161kam surinkimui Korpuso spalva Wotan \u0105\u017euolas Vir\u0161utin\u0117s dalies med\u017eiaga \/ tipas \/ storis laminuota med\u017eio dro\u017eli\u0173 plok\u0161t\u0117 25 mm Korpuso med\u017eiaga \/ tipas \/ storis laminuota med\u017eio dro\u017eli\u0173 plok\u0161t\u0117 25 mm Matomos galin\u0117s sienel\u0117s dalies spalva Wotan \u0105\u017euolas Priekin\u0117s spalvos Wotan \u0105\u017euolas Priekin\u0117s med\u017eiagos \/ tipas \/ storis laminuota med\u017eio dro\u017eli\u0173 plok\u0161t\u0117 16 mm Priekin\u0117 rankena \/ tipas \/ spalva frezuota Stal\u010di\u0173 b\u0117geliai su rutuliniu guoliu Kojel\u0117 \/ tipas \/ spalva GLIDE Stal\u010di\u0173 skai\u010dius 3<\/p>","protected":false},"excerpt":{"rendered":"<p>\u201eTAHOE TA03\u201c televizoriaus staliukas \u2013 tai baldas, kuris puikiai tiks tiek svetain\u0117je, tiek darbo kambaryje. \u0160is unikalus baldas turi tris stal\u010dius ir didel\u012f stalvir\u0161\u012f, puikiai tinkant\u012f televizoriui pastatyti ar stilingoms dekoracijoms eksponuoti. Paprastas geometrinis dizainas ir ranken\u0117li\u0173 nebuvimas daro j\u012f puikiu beveik [\u2026]<\/p>","protected":false},"featured_media":257351,"comment_status":"open","ping_status":"open","template":"","meta":[],"product_brand":[],"product_cat":[2457,1175],"product_tag":[],"class_list":{"0":"post-257360","1":"product","2":"type-product","3":"status-publish","4":"has-post-thumbnail","6":"product_cat-liveo","7":"product_cat-tv-stands","9":"first","10":"instock","11":"purchasable","12":"product-type-simple"},"_links":{"self":[{"href":"https:\/\/baldumarket.lt\/lt\/wp-json\/wp\/v2\/product\/257360","targetHints":{"allow":["GET"]}}],"collection":[{"href":"https:\/\/baldumarket.lt\/lt\/wp-json\/wp\/v2\/product"}],"about":[{"href":"https:\/\/baldumarket.lt\/lt\/wp-json\/wp\/v2\/types\/product"}],"replies":[{"embeddable":true,"href":"https:\/\/baldumarket.lt\/lt\/wp-json\/wp\/v2\/comments?post=257360"}],"wp:featuredmedia":[{"embeddable":true,"href":"https:\/\/baldumarket.lt\/lt\/wp-json\/wp\/v2\/media\/257351"}],"wp:attachment":[{"href":"https:\/\/baldumarket.lt\/lt\/wp-json\/wp\/v2\/media?parent=257360"}],"wp:term":[{"taxonomy":"product_brand","embeddable":true,"href":"https:\/\/baldumarket.lt\/lt\/wp-json\/wp\/v2\/product_brand?post=257360"},{"taxonomy":"product_cat","embeddable":true,"href":"https:\/\/baldumarket.lt\/lt\/wp-json\/wp\/v2\/product_cat?post=257360"},{"taxonomy":"product_tag","embeddable":true,"href":"https:\/\/baldumarket.lt\/lt\/wp-json\/wp\/v2\/product_tag?post=257360"}],"curies":[{"name":"wp","href":"https:\/\/api.w.org\/{rel}","templated":true}]}}