{"id":257357,"date":"2026-01-10T22:55:29","date_gmt":"2026-01-10T19:55:29","guid":{"rendered":"https:\/\/baldumarket.lt\/product\/tahoe-ta02-rtv\/"},"modified":"2026-02-11T18:30:24","modified_gmt":"2026-02-11T15:30:24","slug":"tahoe-ta02-rtv","status":"publish","type":"product","link":"https:\/\/baldumarket.lt\/lt\/product\/tahoe-ta02-rtv\/","title":{"rendered":"TAHOE TA02 RTV"},"content":{"rendered":"<p>\u201eTAHOE TA02\u201c televizoriaus staliukas puikiai papildys j\u016bs\u0173 svetain\u0119 ar darbo kambar\u012f. Tur\u0117damas du stal\u010dius ir du skyrius, jis pad\u0117s palaikyti tvark\u0105 namuose, o didelis stalvir\u0161is leis eksponuoti gra\u017eius dekoracijas. Sistema pasi\u017eymi paprastu geometriniu dizainu ir ranken\u0117li\u0173 neturin\u010diu dizainu, tod\u0117l puikiai dera prie beveik bet kokio interjero stiliaus. Televizoriaus staliukas puikiai der\u0117s su kitais \u201eTAHOE\u201c serijos baldais arba bus naudojamas kaip atskiras baldas, prisitaikantis prie j\u016bs\u0173 kambario dekoro.<\/p>\n<p>Plotis 140 cm Gylis 47 cm Auk\u0161tis 45 cm Produkto svoris su pakuote 47,75 kg Gamintojo kodas \/ simbolis TA02 DAB KPL Kolekcijos pavadinimas tahoe Produkto pakuo\u010di\u0173 skai\u010dius 2 \u012eranga Surinkimo instrukcijos \/ surinkimo priedai Surinkimas Savaranki\u0161kam surinkimui Korpuso spalva Wotan \u0105\u017euolas Vir\u0161utin\u0117s dalies med\u017eiaga \/ tipas \/ storis laminuota med\u017eio dro\u017eli\u0173 plok\u0161t\u0117 25 mm Korpuso med\u017eiaga \/ tipas \/ storis laminuota med\u017eio dro\u017eli\u0173 plok\u0161t\u0117 25 mm Matomos galin\u0117s sienel\u0117s dalies spalva Wotan \u0105\u017euolas Priekin\u0117s spalvos Wotan \u0105\u017euolas Priekin\u0117s med\u017eiagos \/ tipas \/ storis laminuota med\u017eio dro\u017eli\u0173 plok\u0161t\u0117 16 mm Priekin\u0117 rankena \/ tipas \/ spalva frezuota Stal\u010di\u0173 b\u0117geliai su rutuliniu guoliu Kojel\u0117 \/ tipas \/ spalva GLIDE Stal\u010di\u0173 skai\u010dius 2<\/p>","protected":false},"excerpt":{"rendered":"<p>\u201eTAHOE TA02\u201c televizoriaus staliukas puikiai papildys j\u016bs\u0173 svetain\u0119 ar darbo kambar\u012f. Tur\u0117damas du stal\u010dius ir du skyrius, jis pad\u0117s palaikyti tvark\u0105 namuose, o didelis stalvir\u0161is leis eksponuoti gra\u017eius dekoracij\u0173 elementus. Sistema pasi\u017eymi paprastu geometriniu dizainu ir ranken\u0117li\u0173 neturin\u010diu dizainu, tod\u0117l [\u2026]<\/p>","protected":false},"featured_media":257352,"comment_status":"open","ping_status":"open","template":"","meta":[],"product_brand":[],"product_cat":[2457,1175],"product_tag":[],"class_list":{"0":"post-257357","1":"product","2":"type-product","3":"status-publish","4":"has-post-thumbnail","6":"product_cat-liveo","7":"product_cat-tv-stands","9":"first","10":"instock","11":"purchasable","12":"product-type-simple"},"_links":{"self":[{"href":"https:\/\/baldumarket.lt\/lt\/wp-json\/wp\/v2\/product\/257357","targetHints":{"allow":["GET"]}}],"collection":[{"href":"https:\/\/baldumarket.lt\/lt\/wp-json\/wp\/v2\/product"}],"about":[{"href":"https:\/\/baldumarket.lt\/lt\/wp-json\/wp\/v2\/types\/product"}],"replies":[{"embeddable":true,"href":"https:\/\/baldumarket.lt\/lt\/wp-json\/wp\/v2\/comments?post=257357"}],"wp:featuredmedia":[{"embeddable":true,"href":"https:\/\/baldumarket.lt\/lt\/wp-json\/wp\/v2\/media\/257352"}],"wp:attachment":[{"href":"https:\/\/baldumarket.lt\/lt\/wp-json\/wp\/v2\/media?parent=257357"}],"wp:term":[{"taxonomy":"product_brand","embeddable":true,"href":"https:\/\/baldumarket.lt\/lt\/wp-json\/wp\/v2\/product_brand?post=257357"},{"taxonomy":"product_cat","embeddable":true,"href":"https:\/\/baldumarket.lt\/lt\/wp-json\/wp\/v2\/product_cat?post=257357"},{"taxonomy":"product_tag","embeddable":true,"href":"https:\/\/baldumarket.lt\/lt\/wp-json\/wp\/v2\/product_tag?post=257357"}],"curies":[{"name":"wp","href":"https:\/\/api.w.org\/{rel}","templated":true}]}}