{"id":257349,"date":"2026-01-10T22:55:26","date_gmt":"2026-01-10T19:55:26","guid":{"rendered":"https:\/\/baldumarket.lt\/product\/tahoe-ta01-rtv\/"},"modified":"2026-02-11T18:30:24","modified_gmt":"2026-02-11T15:30:24","slug":"tahoe-ta01-rtv","status":"publish","type":"product","link":"https:\/\/baldumarket.lt\/lt\/product\/tahoe-ta01-rtv\/","title":{"rendered":"TAHOE TA01 RTV"},"content":{"rendered":"<p>\u201eTAHOE TA01\u201c televizoriaus staliukas \u2013 prakti\u0161kas baldas, kuris puikiai tiks tiek svetain\u0117je, tiek darbo kambaryje. Su dviem erdviais stal\u010diais ir dviem ni\u0161omis, tai trumpiausias \u0161ios kolekcijos televizoriaus staliuk\u0173 variantas. Sistema pasi\u017eymi paprastu geometriniu dizainu ir ranken\u0117li\u0173 neturin\u010diu dizainu, tod\u0117l puikiai dera prie beveik bet kokio interjero stiliaus. Televizoriaus staliukas idealiai dera su kitais \u201eTAHOE\u201c serijos baldais arba yra atskiras baldas, prisitaikantis prie j\u016bs\u0173 kambario dizaino.<\/p>\n<p>Plotis 120 cm Gylis 47 cm Auk\u0161tis 45 cm Produkto svoris su pakuote 38,95 kg Gamintojo kodas \/ simbolis TA01 DAB KPL Kolekcijos pavadinimas tahoe Produkto pakuo\u010di\u0173 skai\u010dius 2 Stilius Moderni \u012franga Surinkimo instrukcijos \/ surinkimo priedai Surinkimas Savaranki\u0161kam surinkimui Korpuso spalva WOTAN OAK Vir\u0161utin\u0117s dalies med\u017eiaga \/ tipas \/ storis laminuota med\u017eio dro\u017eli\u0173 plok\u0161t\u0117 25 mm Korpuso med\u017eiaga \/ tipas \/ storis laminuota med\u017eio dro\u017eli\u0173 plok\u0161t\u0117 25 mm Matomos galin\u0117s sienel\u0117s dalies spalva wotan \u0105\u017euolas Priekin\u0117s spalvos WOTAN OAK Priekin\u0117s med\u017eiagos \/ tipas \/ storis laminuota med\u017eio dro\u017eli\u0173 plok\u0161t\u0117 16 mm Priekin\u0117 rankena \/ tipas \/ spalva frezuota Stal\u010di\u0173 b\u0117geliai rutulinis guolis Kojel\u0117 \/ tipas \/ spalva GLIDE Stal\u010di\u0173 skai\u010dius 2 Atvir\u0173 ni\u0161\u0173 skai\u010dius 2<\/p>","protected":false},"excerpt":{"rendered":"<p>\u201eTAHOE TA01\u201c televizoriaus staliukas yra prakti\u0161kas baldas, kuris puikiai tiks tiek svetain\u0117je, tiek darbo kambaryje. Su dviem erdviais stal\u010diais ir dviem ni\u0161omis, tai trumpiausias \u0161ios bald\u0173 kolekcijos televizoriaus staliuk\u0173 variantas. Sistema pasi\u017eymi paprastu geometriniu dizainu ir konstrukcija be ranken\u0117li\u0173, [\u2026]<\/p>","protected":false},"featured_media":257350,"comment_status":"open","ping_status":"open","template":"","meta":[],"product_brand":[],"product_cat":[2457,1175],"product_tag":[],"class_list":{"0":"post-257349","1":"product","2":"type-product","3":"status-publish","4":"has-post-thumbnail","6":"product_cat-liveo","7":"product_cat-tv-stands","9":"first","10":"instock","11":"purchasable","12":"product-type-simple"},"_links":{"self":[{"href":"https:\/\/baldumarket.lt\/lt\/wp-json\/wp\/v2\/product\/257349","targetHints":{"allow":["GET"]}}],"collection":[{"href":"https:\/\/baldumarket.lt\/lt\/wp-json\/wp\/v2\/product"}],"about":[{"href":"https:\/\/baldumarket.lt\/lt\/wp-json\/wp\/v2\/types\/product"}],"replies":[{"embeddable":true,"href":"https:\/\/baldumarket.lt\/lt\/wp-json\/wp\/v2\/comments?post=257349"}],"wp:featuredmedia":[{"embeddable":true,"href":"https:\/\/baldumarket.lt\/lt\/wp-json\/wp\/v2\/media\/257350"}],"wp:attachment":[{"href":"https:\/\/baldumarket.lt\/lt\/wp-json\/wp\/v2\/media?parent=257349"}],"wp:term":[{"taxonomy":"product_brand","embeddable":true,"href":"https:\/\/baldumarket.lt\/lt\/wp-json\/wp\/v2\/product_brand?post=257349"},{"taxonomy":"product_cat","embeddable":true,"href":"https:\/\/baldumarket.lt\/lt\/wp-json\/wp\/v2\/product_cat?post=257349"},{"taxonomy":"product_tag","embeddable":true,"href":"https:\/\/baldumarket.lt\/lt\/wp-json\/wp\/v2\/product_tag?post=257349"}],"curies":[{"name":"wp","href":"https:\/\/api.w.org\/{rel}","templated":true}]}}