{"id":257347,"date":"2026-01-10T22:55:22","date_gmt":"2026-01-10T19:55:22","guid":{"rendered":"https:\/\/baldumarket.lt\/product\/system-cichego-domyku-szuflady\/"},"modified":"2026-02-11T18:30:24","modified_gmt":"2026-02-11T15:30:24","slug":"system-cichego-domyku-szuflady","status":"publish","type":"product","link":"https:\/\/baldumarket.lt\/lt\/product\/system-cichego-domyku-szuflady\/","title":{"rendered":"STAL\u010cI\u0172 TYLUS U\u017dDARYMO SISTEMA"},"content":{"rendered":"<p>Stal\u010diaus stabdys yra universalus l\u0117tinimo \u012ftaisas, sumontuotas abiejose stal\u010diaus pus\u0117se, pagerinantis jo veikim\u0105.<\/p>\n<p>Pavadinimas b2b sistemoje \u0160VELNIAI U\u017dSIDARAN\u010cI\u0172 STAL\u010cI\u0172 SISTEMA_\u0160VELNIAI U\u017dSIDARAN\u010cIA R. \u012eranga Surinkimo instrukcijos \/ surinkimo priedai Surinkimas Savaranki\u0161kam surinkimui<\/p>","protected":false},"excerpt":{"rendered":"<p>Stal\u010diaus stabdys yra universalus l\u0117tinimo \u012ftaisas, sumontuotas abiejose stal\u010diaus pus\u0117se, pagerinantis jo veikim\u0105. Pavadinimas b2b sistemoje \u0160VELNIAI U\u017dSIDARAN\u010cI\u0172 STAL\u010cI\u0172 SISTEMA_\u0160VELNIAI U\u017dSIDARAN\u010cIA R. \u012eranga Surinkimo instrukcijos \/ surinkimo priedai Surinkimas Savaranki\u0161kam surinkimui<\/p>","protected":false},"featured_media":257348,"comment_status":"open","ping_status":"open","template":"","meta":[],"product_brand":[],"product_cat":[1043,2457],"product_tag":[],"class_list":{"0":"post-257347","1":"product","2":"type-product","3":"status-publish","4":"has-post-thumbnail","6":"product_cat-extras","7":"product_cat-liveo","9":"first","10":"instock","11":"purchasable","12":"product-type-simple"},"_links":{"self":[{"href":"https:\/\/baldumarket.lt\/lt\/wp-json\/wp\/v2\/product\/257347","targetHints":{"allow":["GET"]}}],"collection":[{"href":"https:\/\/baldumarket.lt\/lt\/wp-json\/wp\/v2\/product"}],"about":[{"href":"https:\/\/baldumarket.lt\/lt\/wp-json\/wp\/v2\/types\/product"}],"replies":[{"embeddable":true,"href":"https:\/\/baldumarket.lt\/lt\/wp-json\/wp\/v2\/comments?post=257347"}],"wp:featuredmedia":[{"embeddable":true,"href":"https:\/\/baldumarket.lt\/lt\/wp-json\/wp\/v2\/media\/257348"}],"wp:attachment":[{"href":"https:\/\/baldumarket.lt\/lt\/wp-json\/wp\/v2\/media?parent=257347"}],"wp:term":[{"taxonomy":"product_brand","embeddable":true,"href":"https:\/\/baldumarket.lt\/lt\/wp-json\/wp\/v2\/product_brand?post=257347"},{"taxonomy":"product_cat","embeddable":true,"href":"https:\/\/baldumarket.lt\/lt\/wp-json\/wp\/v2\/product_cat?post=257347"},{"taxonomy":"product_tag","embeddable":true,"href":"https:\/\/baldumarket.lt\/lt\/wp-json\/wp\/v2\/product_tag?post=257347"}],"curies":[{"name":"wp","href":"https:\/\/api.w.org\/{rel}","templated":true}]}}