{"id":257343,"date":"2026-01-10T22:55:19","date_gmt":"2026-01-10T19:55:19","guid":{"rendered":"https:\/\/baldumarket.lt\/product\/stelaz-metalowy-180\/"},"modified":"2026-02-11T18:30:24","modified_gmt":"2026-02-11T15:30:24","slug":"stelaz-metalowy-180","status":"publish","type":"product","link":"https:\/\/baldumarket.lt\/lt\/product\/stelaz-metalowy-180\/","title":{"rendered":"METALINIS R\u0116MAS 180"},"content":{"rendered":"<p>Metaliniai r\u0117mai yra ne tik prakti\u0161ki aksesuarai, bet ir suteikia j\u016bs\u0173 baldams unikalumo. Pasirink\u0119 juos, galite b\u016bti tikri, kad jie bus i\u0161skirtinai tvirti ir ilgaam\u017eiai. Sutvirtinta konstrukcija u\u017etikrina tinkam\u0105 \u010diu\u017einio atram\u0105 d\u0117l dviej\u0173 profili\u0173, einan\u010di\u0173 per r\u0117mo centr\u0105. R\u0117mui nereikia atramos kojel\u0117s.<\/p>\n<p>Plotis 178,5 cm Ilgis 198 cm Auk\u0161tis 5 cm Gaminio svoris su pakuote 30,65 kg Pavadinimas b2b sistemoje R\u0116MAS 180 metalinis (2\u00d724 lentjuost\u0117s) komplektas Gaminio pakuo\u010di\u0173 skai\u010dius 1 \u012eranga Surinkimo instrukcijos \/ surinkimo priedai Surinkimas Savaranki\u0161kam surinkimui R\u0117mo konstrukcija Metalinis r\u0117mas \/ medin\u0117s lentjuost\u0117s R\u0117mo lentjuos\u010di\u0173 skai\u010dius 48<\/p>","protected":false},"excerpt":{"rendered":"<p>Metaliniai r\u0117mai yra ne tik prakti\u0161ki aksesuarai, bet ir suteikia j\u016bs\u0173 baldams unikalumo. Pasirink\u0119 juos, galite b\u016bti tikri, kad jie bus i\u0161skirtinai tvirti ir ilgaam\u017eiai. Sutvirtinta konstrukcija u\u017etikrina tinkam\u0105 \u010diu\u017einio atram\u0105 d\u0117l dviej\u0173 profili\u0173, einan\u010di\u0173 per r\u0117mo centr\u0105. R\u0117mas [\u2026]<\/p>","protected":false},"featured_media":252685,"comment_status":"open","ping_status":"open","template":"","meta":[],"product_brand":[],"product_cat":[1043,2457],"product_tag":[],"class_list":{"0":"post-257343","1":"product","2":"type-product","3":"status-publish","4":"has-post-thumbnail","6":"product_cat-extras","7":"product_cat-liveo","9":"first","10":"instock","11":"purchasable","12":"product-type-simple"},"_links":{"self":[{"href":"https:\/\/baldumarket.lt\/lt\/wp-json\/wp\/v2\/product\/257343","targetHints":{"allow":["GET"]}}],"collection":[{"href":"https:\/\/baldumarket.lt\/lt\/wp-json\/wp\/v2\/product"}],"about":[{"href":"https:\/\/baldumarket.lt\/lt\/wp-json\/wp\/v2\/types\/product"}],"replies":[{"embeddable":true,"href":"https:\/\/baldumarket.lt\/lt\/wp-json\/wp\/v2\/comments?post=257343"}],"wp:featuredmedia":[{"embeddable":true,"href":"https:\/\/baldumarket.lt\/lt\/wp-json\/wp\/v2\/media\/252685"}],"wp:attachment":[{"href":"https:\/\/baldumarket.lt\/lt\/wp-json\/wp\/v2\/media?parent=257343"}],"wp:term":[{"taxonomy":"product_brand","embeddable":true,"href":"https:\/\/baldumarket.lt\/lt\/wp-json\/wp\/v2\/product_brand?post=257343"},{"taxonomy":"product_cat","embeddable":true,"href":"https:\/\/baldumarket.lt\/lt\/wp-json\/wp\/v2\/product_cat?post=257343"},{"taxonomy":"product_tag","embeddable":true,"href":"https:\/\/baldumarket.lt\/lt\/wp-json\/wp\/v2\/product_tag?post=257343"}],"curies":[{"name":"wp","href":"https:\/\/api.w.org\/{rel}","templated":true}]}}