{"id":257329,"date":"2026-01-10T22:55:08","date_gmt":"2026-01-10T19:55:08","guid":{"rendered":"https:\/\/baldumarket.lt\/product\/stelaz-drewniany-90\/"},"modified":"2026-02-11T18:30:25","modified_gmt":"2026-02-11T15:30:25","slug":"stelaz-drewniany-90","status":"publish","type":"product","link":"https:\/\/baldumarket.lt\/lt\/product\/stelaz-drewniany-90\/","title":{"rendered":"MEDINIS R\u0116MAS 90"},"content":{"rendered":"<p>R\u0117mas yra esminis bet kurios lovos elementas. Tinkama konstrukcija ir meistri\u0161kumas daro didel\u0119 \u012ftak\u0105 m\u016bs\u0173 miegui ir gerovei. R\u0117mas pagamintas i\u0161 kietmed\u017eio, klijuotas sluoksniais, susidedantis i\u0161 20 spyruoklini\u0173 lenteli\u0173, ma\u017edaug 53 mm plo\u010dio ir 8 mm storio, pritvirtint\u0173 prie plastikini\u0173 laikikli\u0173. Jis sugeria m\u016bs\u0173 k\u016bno svor\u012f, tenkant\u012f \u010diu\u017einiui, taip pailgindamas jo tarnavimo laik\u0105.<\/p>\n<p>Plotis 88 cm Ilgis 197 cm Auk\u0161tis 5 cm Produkto svoris su pakuote 11,00 kg Pavadinimas b2b sistemoje R\u0116MAS 90\u00d7200 medinis (20 lenteli\u0173) komplektas NAUJAS Produkto pakuo\u010di\u0173 skai\u010dius 1 \u012eranga Surinkimo instrukcijos \/ surinkimo priedai Surinkimas Savaranki\u0161kam surinkimui R\u0117mo konstrukcija Medinis r\u0117mas \/ medin\u0117s lentel\u0117s R\u0117mo lenteli\u0173 skai\u010dius 20<\/p>","protected":false},"excerpt":{"rendered":"<p>R\u0117mas yra esminis bet kurios lovos elementas. Tinkama konstrukcija ir meistri\u0161kumas daro didel\u0119 \u012ftak\u0105 m\u016bs\u0173 miegui ir gerovei. R\u0117mas pagamintas i\u0161 kietmed\u017eio, klijuotas sluoksniais, susidedantis i\u0161 20 spyruoklini\u0173 lenteli\u0173, ma\u017edaug 53 mm plo\u010dio ir 8 mm storio, pritvirtint\u0173 prie plastikini\u0173 laikikli\u0173. Jis sugeria m\u016bs\u0173 k\u016bno svor\u012f [\u2026]<\/p>","protected":false},"featured_media":257330,"comment_status":"open","ping_status":"open","template":"","meta":[],"product_brand":[],"product_cat":[1043,2457],"product_tag":[],"class_list":{"0":"post-257329","1":"product","2":"type-product","3":"status-publish","4":"has-post-thumbnail","6":"product_cat-extras","7":"product_cat-liveo","9":"first","10":"instock","11":"purchasable","12":"product-type-simple"},"_links":{"self":[{"href":"https:\/\/baldumarket.lt\/lt\/wp-json\/wp\/v2\/product\/257329","targetHints":{"allow":["GET"]}}],"collection":[{"href":"https:\/\/baldumarket.lt\/lt\/wp-json\/wp\/v2\/product"}],"about":[{"href":"https:\/\/baldumarket.lt\/lt\/wp-json\/wp\/v2\/types\/product"}],"replies":[{"embeddable":true,"href":"https:\/\/baldumarket.lt\/lt\/wp-json\/wp\/v2\/comments?post=257329"}],"wp:featuredmedia":[{"embeddable":true,"href":"https:\/\/baldumarket.lt\/lt\/wp-json\/wp\/v2\/media\/257330"}],"wp:attachment":[{"href":"https:\/\/baldumarket.lt\/lt\/wp-json\/wp\/v2\/media?parent=257329"}],"wp:term":[{"taxonomy":"product_brand","embeddable":true,"href":"https:\/\/baldumarket.lt\/lt\/wp-json\/wp\/v2\/product_brand?post=257329"},{"taxonomy":"product_cat","embeddable":true,"href":"https:\/\/baldumarket.lt\/lt\/wp-json\/wp\/v2\/product_cat?post=257329"},{"taxonomy":"product_tag","embeddable":true,"href":"https:\/\/baldumarket.lt\/lt\/wp-json\/wp\/v2\/product_tag?post=257329"}],"curies":[{"name":"wp","href":"https:\/\/api.w.org\/{rel}","templated":true}]}}