{"id":257319,"date":"2026-01-10T22:54:59","date_gmt":"2026-01-10T19:54:59","guid":{"rendered":"https:\/\/baldumarket.lt\/product\/st12-stol-rozkladany\/"},"modified":"2026-02-11T18:30:25","modified_gmt":"2026-02-11T15:30:25","slug":"st12-stol-rozkladany","status":"publish","type":"product","link":"https:\/\/baldumarket.lt\/lt\/product\/st12-stol-rozkladany\/","title":{"rendered":"ST12 I\u0160PL\u0116STAMASIS STALAS"},"content":{"rendered":"<p>I\u0161traukiamas stalas ST12 \u2013 tai eleganti\u0161kas baldas, puikiai tiksiantis bet kurioje erdv\u0117je, derinantis modern\u0173 dizain\u0105 su prakti\u0161kais sprendimais. D\u0117l novatori\u0161ko i\u0161traukimo mechanizmo jo dyd\u012f galite lengvai pritaikyti prie savo poreiki\u0173 \u2013 puikiai tinka tiek kasdieniams patiekalams, tiek didesniems \u0161eimos susib\u016brimams ar vakar\u0117liams. Eleganti\u0161ka apdaila ir tvirta konstrukcija u\u017etikrina ne tik estetin\u012f patrauklum\u0105, bet ir ilgaam\u017ei\u0161kum\u0105. Stalo pavir\u0161i\u0173 lengva pri\u017ei\u016br\u0117ti, tod\u0117l jis daugel\u012f met\u0173 i\u0161laikys puiki\u0105 i\u0161vaizd\u0105.<\/p>\n<p>I\u0161traukiama TAIP \u012ed\u0117kl\u0173 skai\u010dius 1 Plotis 90 cm Ilgis 160 cm Ilgis i\u0161skleidus 200 cm Auk\u0161tis 76,5 cm Produkto svoris su pakuote 72,75 kg Gamintojo kodas \/ simbolis ST12 Pavadinimas b2b sistemoje I\u0160TRAUKIAMAS STALAS ST12 \u0104\u017dUOLAS KREMINIS KOTTA\/\u010cESNAKINIS komplektas Produkto pakuo\u010di\u0173 skai\u010dius 3 Stilius UNIVERSAL \u012eranga Surinkimo instrukcijos \/ surinkimo priedai Surinkimas Savaranki\u0161kam surinkimui Spalva Kremonos kota \u0105\u017euolas \/ Juoda Stalvir\u0161io med\u017eiaga \/ tipas \/ storis 28 mm baldin\u0117 lenta R\u0117mo med\u017eiaga \/ tipas \/ storis 16 mm baldin\u0117 lenta \/ 28 mm baldin\u0117 lenta Kolonos med\u017eiaga \/ tipas \/ storis 16 mm baldin\u0117 lenta \/ lentjuost\u0117s 16 mm MDF baldin\u0117 lenta Kolonos pagrindo med\u017eiaga \/ tipas \/ storis 28 mm baldin\u0117 lenta Kojel\u0117 \/ med\u017eiaga \/ spalva Nereguliuojama \/ Bald\u0173 b\u0117geliai \/ plastikas \/ Juoda<\/p>","protected":false},"excerpt":{"rendered":"<p>I\u0161skleid\u017eiamas stalas ST12 yra eleganti\u0161kas baldas, puikiai tiksiantis bet kurioje erdv\u0117je, derinantis modern\u0173 dizain\u0105 su prakti\u0161kais sprendimais. D\u0117l novatori\u0161ko i\u0161skleid\u017eiamojo mechanizmo galite lengvai pritaikyti jo dyd\u012f prie savo poreiki\u0173 \u2013 puikiai tinka tiek kasdieniams patiekalams, tiek didesniems \u0161eimos susib\u016brimams ar vakar\u0117liams. Eleganti\u0161ka apdaila [\u2026]<\/p>","protected":false},"featured_media":254803,"comment_status":"open","ping_status":"open","template":"","meta":[],"product_brand":[],"product_cat":[2457,1934],"product_tag":[],"class_list":{"0":"post-257319","1":"product","2":"type-product","3":"status-publish","4":"has-post-thumbnail","6":"product_cat-liveo","7":"product_cat-tables","9":"first","10":"instock","11":"purchasable","12":"product-type-simple"},"_links":{"self":[{"href":"https:\/\/baldumarket.lt\/lt\/wp-json\/wp\/v2\/product\/257319","targetHints":{"allow":["GET"]}}],"collection":[{"href":"https:\/\/baldumarket.lt\/lt\/wp-json\/wp\/v2\/product"}],"about":[{"href":"https:\/\/baldumarket.lt\/lt\/wp-json\/wp\/v2\/types\/product"}],"replies":[{"embeddable":true,"href":"https:\/\/baldumarket.lt\/lt\/wp-json\/wp\/v2\/comments?post=257319"}],"wp:featuredmedia":[{"embeddable":true,"href":"https:\/\/baldumarket.lt\/lt\/wp-json\/wp\/v2\/media\/254803"}],"wp:attachment":[{"href":"https:\/\/baldumarket.lt\/lt\/wp-json\/wp\/v2\/media?parent=257319"}],"wp:term":[{"taxonomy":"product_brand","embeddable":true,"href":"https:\/\/baldumarket.lt\/lt\/wp-json\/wp\/v2\/product_brand?post=257319"},{"taxonomy":"product_cat","embeddable":true,"href":"https:\/\/baldumarket.lt\/lt\/wp-json\/wp\/v2\/product_cat?post=257319"},{"taxonomy":"product_tag","embeddable":true,"href":"https:\/\/baldumarket.lt\/lt\/wp-json\/wp\/v2\/product_tag?post=257319"}],"curies":[{"name":"wp","href":"https:\/\/api.w.org\/{rel}","templated":true}]}}