{"id":257306,"date":"2026-01-10T22:54:53","date_gmt":"2026-01-10T19:54:53","guid":{"rendered":"https:\/\/baldumarket.lt\/product\/st10-stol-rozkladany\/"},"modified":"2026-02-11T18:30:25","modified_gmt":"2026-02-11T15:30:25","slug":"st10-stol-rozkladany","status":"publish","type":"product","link":"https:\/\/baldumarket.lt\/lt\/product\/st10-stol-rozkladany\/","title":{"rendered":"ST10 I\u0160PL\u0116STAMASIS STALAS"},"content":{"rendered":"<p>Pristatome ST10 i\u0161skleid\u017eiam\u0105 stal\u0105 i\u0161 Cremona \u0105\u017euolo \u2013 eleganti\u0161k\u0105 ir funkcional\u0173 sprendim\u0105, kuris puikiai tiks bet kokiam interjerui. ST10 stalas yra kruop\u0161\u010diai pagamintas i\u0161 auk\u0161tos kokyb\u0117s med\u017eiag\u0173, u\u017etikrinan\u010di\u0173 jo patvarum\u0105 ir stabilum\u0105 ilgus metus. Jo Cremona \u0105\u017euolo apdaila suteikia nat\u016bralaus \u017eavesio ir \u0161ilumos, dera prie \u012fvairi\u0173 interjero stili\u0173 \u2013 nuo klasikinio iki modernaus. Vienas did\u017eiausi\u0173 ST10 stalo privalum\u0173 yra jo funkcionalumas. D\u0117l i\u0161skleid\u017eiamo mechanizmo stal\u0105 galima lengvai i\u0161pl\u0117sti, kad tilpt\u0173 daugiau sve\u010di\u0173. Jis idealiai tinka \u0161eimos susib\u016brimams, vakar\u0117liams ar kasdieniams pietums. Sulankstytas stalas u\u017eima ma\u017eiau vietos, tod\u0117l yra prakti\u0161kas pasirinkimas ma\u017eesn\u0117ms erdv\u0117ms.<\/p>\n<p>I\u0161traukiama TAIP \u012ed\u0117kl\u0173 skai\u010dius 1 Plotis 90 cm Ilgis 160 cm Ilgis po i\u0161skleidimo 200 cm Auk\u0161tis 76 cm Produkto svoris su pakuote 56,20 kg Gamintojo kodas \/ simbolis ST10 Pavadinimas b2b sistemoje I\u0160TRAUKIAMAS STALAS ST10 CREMONA \u0104\u017dUOLO komplektas Produkto pakuo\u010di\u0173 skai\u010dius 3 Stilius UNIVERSAL \u012eranga Surinkimo instrukcijos \/ surinkimo priedai Surinkimas Savaranki\u0161kam surinkimui Spalva Cremona \u0105\u017euolas Stalvir\u0161io med\u017eiaga \/ tipas \/ storis 28 mm baldin\u0117 lenta R\u0117mo med\u017eiaga \/ tipas \/ storis 22 mm baldin\u0117 lenta Kojeli\u0173 med\u017eiaga \/ tipas \/ storis 16 mm baldin\u0117 lenta Kojel\u0117 \/ med\u017eiaga \/ spalva Nereguliuojama \/ Bald\u0173 b\u0117geliai \/ plastikas \/ Juoda<\/p>","protected":false},"excerpt":{"rendered":"<p>Pristatome ST10 i\u0161skleid\u017eiam\u0105 stal\u0105 i\u0161 Cremona \u0105\u017euolo \u2013 eleganti\u0161k\u0105 ir funkcional\u0173 sprendim\u0105, kuris puikiai tiks bet kokiam interjerui. ST10 stalas yra kruop\u0161\u010diai pagamintas i\u0161 auk\u0161tos kokyb\u0117s med\u017eiag\u0173, u\u017etikrinan\u010di\u0173 jo patvarum\u0105 ir stabilum\u0105 ilgus metus. Jo Cremona \u0105\u017euolo apdaila suteikia nat\u016bralaus \u017eavesio ir \u0161ilumos, der\u0117dama prie \u012fvairi\u0173 interjero [\u2026]<\/p>","protected":false},"featured_media":257307,"comment_status":"open","ping_status":"open","template":"","meta":[],"product_brand":[],"product_cat":[2457,1934],"product_tag":[],"class_list":{"0":"post-257306","1":"product","2":"type-product","3":"status-publish","4":"has-post-thumbnail","6":"product_cat-liveo","7":"product_cat-tables","9":"first","10":"instock","11":"purchasable","12":"product-type-simple"},"_links":{"self":[{"href":"https:\/\/baldumarket.lt\/lt\/wp-json\/wp\/v2\/product\/257306","targetHints":{"allow":["GET"]}}],"collection":[{"href":"https:\/\/baldumarket.lt\/lt\/wp-json\/wp\/v2\/product"}],"about":[{"href":"https:\/\/baldumarket.lt\/lt\/wp-json\/wp\/v2\/types\/product"}],"replies":[{"embeddable":true,"href":"https:\/\/baldumarket.lt\/lt\/wp-json\/wp\/v2\/comments?post=257306"}],"wp:featuredmedia":[{"embeddable":true,"href":"https:\/\/baldumarket.lt\/lt\/wp-json\/wp\/v2\/media\/257307"}],"wp:attachment":[{"href":"https:\/\/baldumarket.lt\/lt\/wp-json\/wp\/v2\/media?parent=257306"}],"wp:term":[{"taxonomy":"product_brand","embeddable":true,"href":"https:\/\/baldumarket.lt\/lt\/wp-json\/wp\/v2\/product_brand?post=257306"},{"taxonomy":"product_cat","embeddable":true,"href":"https:\/\/baldumarket.lt\/lt\/wp-json\/wp\/v2\/product_cat?post=257306"},{"taxonomy":"product_tag","embeddable":true,"href":"https:\/\/baldumarket.lt\/lt\/wp-json\/wp\/v2\/product_tag?post=257306"}],"curies":[{"name":"wp","href":"https:\/\/api.w.org\/{rel}","templated":true}]}}