{"id":257299,"date":"2026-01-10T22:54:50","date_gmt":"2026-01-10T19:54:50","guid":{"rendered":"https:\/\/baldumarket.lt\/product\/st08-stol-rozkladany\/"},"modified":"2026-02-11T18:30:25","modified_gmt":"2026-02-11T15:30:25","slug":"st08-stol-rozkladany","status":"publish","type":"product","link":"https:\/\/baldumarket.lt\/lt\/product\/st08-stol-rozkladany\/","title":{"rendered":"ST08 I\u0160PL\u0116STAMAS STALAS"},"content":{"rendered":"<p>I\u0161traukiamas stalas ST08 yra b\u016btinas bet kurios svetain\u0117s ar valgomojo aksesuaras, puikiai tinkantis tiek kasdieniam naudojimui, tiek \u0161eimos susib\u016brimams. Stalvir\u0161is, pagrindas ir kojos yra tos pa\u010dios akmens \u0105\u017euolo spalvos. J\u012f galima prailginti iki 200 cm, naudojant 40 cm prailginim\u0105, kuris telpa po stalvir\u0161iu. I\u0161traukiamas stalas idealiai tinka naudoti su kitais ATE serijos baldais arba kaip atskiras baldas, prisitaikantis prie j\u016bs\u0173 kambario interjero.<\/p>\n<p>I\u0161traukiama TAIP \u012ed\u0117kl\u0173 skai\u010dius 1 Plotis 90 cm Ilgis 160 cm Ilgis po i\u0161skleidimo 200 cm Auk\u0161tis 76 cm Produkto svoris su pakuote 56,75 kg Gamintojo kodas \/ simbolis ST08 Pavadinimas b2b sistemoje I\u0160TRAUKIAMAS STALAS ST08 AKMENINIO \u0104\u017dUOLO KOMPLEKTAS Produkto pakuo\u010di\u0173 skai\u010dius 3 Stilius UNIVERSAL \u012eranga Surinkimo instrukcijos \/ surinkimo priedai Surinkimas Savaranki\u0161kam surinkimui Spalva Akmens \u0105\u017euolas Stalvir\u0161io med\u017eiaga \/ tipas \/ storis 32 mm baldin\u0117 lenta R\u0117mo med\u017eiaga \/ tipas \/ storis 16 mm baldin\u0117 lenta Kojeli\u0173 med\u017eiaga \/ tipas \/ storis 16 mm baldin\u0117 lenta Kojel\u0117 \/ med\u017eiaga \/ spalva Nereguliuojama \/ Bald\u0173 b\u0117geliai \/ plastikas \/ Juoda<\/p>","protected":false},"excerpt":{"rendered":"<p>I\u0161traukiamas stalas ST08 yra b\u016btinas bet kurios svetain\u0117s ar valgomojo aksesuaras, puikiai tinkantis tiek kasdieniam naudojimui, tiek \u0161eimos susib\u016brimams. Stalvir\u0161is, pagrindas ir kojos yra tos pa\u010dios akmens \u0105\u017euolo spalvos. J\u012f galima prailginti iki 200 cm, naudojant 40 cm prailginim\u0105, kuris telpa po [\u2026]<\/p>","protected":false},"featured_media":257300,"comment_status":"open","ping_status":"open","template":"","meta":[],"product_brand":[],"product_cat":[2457,1934],"product_tag":[],"class_list":{"0":"post-257299","1":"product","2":"type-product","3":"status-publish","4":"has-post-thumbnail","6":"product_cat-liveo","7":"product_cat-tables","9":"first","10":"instock","11":"purchasable","12":"product-type-simple"},"_links":{"self":[{"href":"https:\/\/baldumarket.lt\/lt\/wp-json\/wp\/v2\/product\/257299","targetHints":{"allow":["GET"]}}],"collection":[{"href":"https:\/\/baldumarket.lt\/lt\/wp-json\/wp\/v2\/product"}],"about":[{"href":"https:\/\/baldumarket.lt\/lt\/wp-json\/wp\/v2\/types\/product"}],"replies":[{"embeddable":true,"href":"https:\/\/baldumarket.lt\/lt\/wp-json\/wp\/v2\/comments?post=257299"}],"wp:featuredmedia":[{"embeddable":true,"href":"https:\/\/baldumarket.lt\/lt\/wp-json\/wp\/v2\/media\/257300"}],"wp:attachment":[{"href":"https:\/\/baldumarket.lt\/lt\/wp-json\/wp\/v2\/media?parent=257299"}],"wp:term":[{"taxonomy":"product_brand","embeddable":true,"href":"https:\/\/baldumarket.lt\/lt\/wp-json\/wp\/v2\/product_brand?post=257299"},{"taxonomy":"product_cat","embeddable":true,"href":"https:\/\/baldumarket.lt\/lt\/wp-json\/wp\/v2\/product_cat?post=257299"},{"taxonomy":"product_tag","embeddable":true,"href":"https:\/\/baldumarket.lt\/lt\/wp-json\/wp\/v2\/product_tag?post=257299"}],"curies":[{"name":"wp","href":"https:\/\/api.w.org\/{rel}","templated":true}]}}