{"id":257284,"date":"2026-01-10T22:54:43","date_gmt":"2026-01-10T19:54:43","guid":{"rendered":"https:\/\/baldumarket.lt\/product\/st06-stol-rozkladany-3\/"},"modified":"2026-02-11T18:30:25","modified_gmt":"2026-02-11T15:30:25","slug":"st06-stol-rozkladany-3","status":"publish","type":"product","link":"https:\/\/baldumarket.lt\/lt\/product\/st06-stol-rozkladany-3\/","title":{"rendered":"ST06 I\u0160PL\u0116STAMAS STALAS"},"content":{"rendered":"<p>I\u0161traukiamas stalas ST06 puikiai tinka tiek ma\u017eoms, tiek didel\u0117ms svetain\u0117ms, valgomiesiems ir darbo erdv\u0117ms. D\u0117l i\u0161traukiamos dalies (40 cm \u012fd\u0117klas) jis suteikia pakankamai stalo ploto visai \u0161eimai ir draugams. Moderni spalv\u0173 gama leid\u017eia sukurti tobul\u0105 interjer\u0105, pritaikyt\u0105 prie vartotoj\u0173 skonio ir poreiki\u0173. Kolekcijai b\u016bdinga minimalistin\u0117 i\u0161vaizda ir funkcionalumas. I\u0161traukiamas stalas idealiai tinka derinti su kitais REMI serijos baldais arba naudoti kaip atskir\u0105 bald\u0105, prisitaikant prie j\u016bs\u0173 kambario dizaino.<\/p>\n<p>I\u0161traukiama TAIP Plotis 80 cm Ilgis 135\u2013175 cm Auk\u0161tis 76 cm Produkto svoris su pakuote 31,9 kg Gamintojo kodas \/ simbolis ST06 Produkto pakuo\u010di\u0173 skai\u010dius 2 Stilius Modernus \u012eranga Surinkimo instrukcijos \/ surinkimo priedai Surinkimas Savaranki\u0161kam surinkimui Stalvir\u0161io med\u017eiaga \/ tipas \/ storis laminuota med\u017eio dro\u017eli\u0173 plok\u0161t\u0117 16 mm Korpuso med\u017eiaga \/ tipas \/ storis Laminuota med\u017eio dro\u017eli\u0173 plok\u0161t\u0117 16 mm<\/p>","protected":false},"excerpt":{"rendered":"<p>I\u0161traukiamas stalas ST06 puikiai tinka tiek ma\u017eoms, tiek didel\u0117ms svetain\u0117ms, valgomiesiems ir darbo erdv\u0117ms. D\u0117l i\u0161traukiamos dalies (40 cm \u012fd\u0117klas) jis suteikia pakankamai stalo ploto visai \u0161eimai ir draugams. Moderni spalv\u0173 gama leid\u017eia sukurti tobul\u0105 interjer\u0105, pritaikyt\u0105 pagal skon\u012f ir [\u2026]<\/p>","protected":false},"featured_media":257035,"comment_status":"open","ping_status":"open","template":"","meta":[],"product_brand":[],"product_cat":[2457,1934],"product_tag":[],"class_list":{"0":"post-257284","1":"product","2":"type-product","3":"status-publish","4":"has-post-thumbnail","6":"product_cat-liveo","7":"product_cat-tables","9":"first","10":"instock","11":"purchasable","12":"product-type-simple"},"_links":{"self":[{"href":"https:\/\/baldumarket.lt\/lt\/wp-json\/wp\/v2\/product\/257284","targetHints":{"allow":["GET"]}}],"collection":[{"href":"https:\/\/baldumarket.lt\/lt\/wp-json\/wp\/v2\/product"}],"about":[{"href":"https:\/\/baldumarket.lt\/lt\/wp-json\/wp\/v2\/types\/product"}],"replies":[{"embeddable":true,"href":"https:\/\/baldumarket.lt\/lt\/wp-json\/wp\/v2\/comments?post=257284"}],"wp:featuredmedia":[{"embeddable":true,"href":"https:\/\/baldumarket.lt\/lt\/wp-json\/wp\/v2\/media\/257035"}],"wp:attachment":[{"href":"https:\/\/baldumarket.lt\/lt\/wp-json\/wp\/v2\/media?parent=257284"}],"wp:term":[{"taxonomy":"product_brand","embeddable":true,"href":"https:\/\/baldumarket.lt\/lt\/wp-json\/wp\/v2\/product_brand?post=257284"},{"taxonomy":"product_cat","embeddable":true,"href":"https:\/\/baldumarket.lt\/lt\/wp-json\/wp\/v2\/product_cat?post=257284"},{"taxonomy":"product_tag","embeddable":true,"href":"https:\/\/baldumarket.lt\/lt\/wp-json\/wp\/v2\/product_tag?post=257284"}],"curies":[{"name":"wp","href":"https:\/\/api.w.org\/{rel}","templated":true}]}}