{"id":257263,"date":"2026-01-10T22:54:31","date_gmt":"2026-01-10T19:54:31","guid":{"rendered":"https:\/\/baldumarket.lt\/product\/st04-stol-rozkladany\/"},"modified":"2026-02-11T18:30:25","modified_gmt":"2026-02-11T15:30:25","slug":"st04-stol-rozkladany","status":"publish","type":"product","link":"https:\/\/baldumarket.lt\/lt\/product\/st04-stol-rozkladany\/","title":{"rendered":"ST04 I\u0160PL\u0116STAMAS STALAS"},"content":{"rendered":"<p>I\u0161skleid\u017eiamas stalas ST04 yra nesenstantis ir eleganti\u0161kas baldas, puikiai papildantis \u0161iuolaikinius interjero dizaino standartus. Tai ne tik puikus priedas patiekiant ir m\u0117gaujantis gard\u017eiais valgiais su \u0161eima ir draugais, bet ir dekoratyvus virtuv\u0117s, valgomojo ar net nam\u0173 biuro akcentas. I\u0161skleistas stalas yra 160 cm plo\u010dio. Su prailginimu j\u012f galima prailginti iki 200 cm. Laminatas, imituojantis ry\u0161ki\u0105 \u0105\u017euolo medienos tekst\u016br\u0105 \u201cEvoke\u201d spalvos, suteikia bet kokiam interjerui \u0161ilumos ir kaimi\u0161ko charakterio. Stalas idealiai tinka naudoti su kitais ARIS, S-LINE, NOEL ir INTENSO serij\u0173 baldais arba kaip atskiras baldas, leid\u017eiantis pritaikyti erdv\u0119 pagal savo poreikius.<\/p>\n<p>I\u0161traukiama TAIP \u012ed\u0117kl\u0173 skai\u010dius 1 Plotis 90 cm Ilgis 160 cm Ilgis i\u0161skleidus 200 cm Auk\u0161tis 76,5 cm Produkto svoris su pakuote 46,40 kg Gamintojo kodas \/ simbolis ST04 Pavadinimas b2b sistemoje I\u0160TRAUKIAMAS STALAS ST04 \u0104\u017dUOLO EVOKE komplektas Produkto pakuo\u010di\u0173 skai\u010dius 3 Stilius Universalus \u012eranga Surinkimo instrukcijos \/ surinkimo priedai Surinkimas Savaranki\u0161kam surinkimui Spalvos \u0104\u017euolo spalvos Stalvir\u0161io med\u017eiaga \/ tipas \/ storis 22 mm baldin\u0117 lenta R\u0117mo med\u017eiaga \/ tipas \/ storis 16 mm baldin\u0117 lenta Kojeli\u0173 med\u017eiaga \/ tipas \/ storis 22 mm baldin\u0117 lenta Kojel\u0117 \/ tipas \/ spalva Nereguliuojama \/ Bald\u0173 b\u0117geliai \/ plastikas \/ Juoda<\/p>","protected":false},"excerpt":{"rendered":"<p>I\u0161skleid\u017eiamas stalas ST04 yra nesenstantis ir eleganti\u0161kas baldas, puikiai papildantis \u0161iuolaikinius interjero dizaino standartus. Tai ne tik puikus priedas patiekiant ir m\u0117gaujantis gard\u017eiais patiekalais su \u0161eima ir draugais, bet ir dekoratyvus virtuv\u0117s, valgomojo ar net nam\u0173 biuro akcentas. I\u0161skleistas, [\u2026]<\/p>","protected":false},"featured_media":252442,"comment_status":"open","ping_status":"open","template":"","meta":[],"product_brand":[],"product_cat":[2457,1934],"product_tag":[],"class_list":{"0":"post-257263","1":"product","2":"type-product","3":"status-publish","4":"has-post-thumbnail","6":"product_cat-liveo","7":"product_cat-tables","9":"first","10":"instock","11":"purchasable","12":"product-type-simple"},"_links":{"self":[{"href":"https:\/\/baldumarket.lt\/lt\/wp-json\/wp\/v2\/product\/257263","targetHints":{"allow":["GET"]}}],"collection":[{"href":"https:\/\/baldumarket.lt\/lt\/wp-json\/wp\/v2\/product"}],"about":[{"href":"https:\/\/baldumarket.lt\/lt\/wp-json\/wp\/v2\/types\/product"}],"replies":[{"embeddable":true,"href":"https:\/\/baldumarket.lt\/lt\/wp-json\/wp\/v2\/comments?post=257263"}],"wp:featuredmedia":[{"embeddable":true,"href":"https:\/\/baldumarket.lt\/lt\/wp-json\/wp\/v2\/media\/252442"}],"wp:attachment":[{"href":"https:\/\/baldumarket.lt\/lt\/wp-json\/wp\/v2\/media?parent=257263"}],"wp:term":[{"taxonomy":"product_brand","embeddable":true,"href":"https:\/\/baldumarket.lt\/lt\/wp-json\/wp\/v2\/product_brand?post=257263"},{"taxonomy":"product_cat","embeddable":true,"href":"https:\/\/baldumarket.lt\/lt\/wp-json\/wp\/v2\/product_cat?post=257263"},{"taxonomy":"product_tag","embeddable":true,"href":"https:\/\/baldumarket.lt\/lt\/wp-json\/wp\/v2\/product_tag?post=257263"}],"curies":[{"name":"wp","href":"https:\/\/api.w.org\/{rel}","templated":true}]}}