{"id":257256,"date":"2026-01-10T22:54:28","date_gmt":"2026-01-10T19:54:28","guid":{"rendered":"https:\/\/baldumarket.lt\/product\/st02-stol-rozkladany-4\/"},"modified":"2026-02-11T18:30:25","modified_gmt":"2026-02-11T15:30:25","slug":"st02-stol-rozkladany-4","status":"publish","type":"product","link":"https:\/\/baldumarket.lt\/lt\/product\/st02-stol-rozkladany-4\/","title":{"rendered":"ST02 I\u0160PL\u0116STAMAS STALAS"},"content":{"rendered":"<p>ST02 stalas \u2013 tai ak\u012f traukiantis baldas, kuriame dera funkcionalumas ir eleganti\u0161kas dizainas, tod\u0117l jis puikiai tinka moderniai svetainei ar valgomajam. \u0160i\u0105 stabili\u0105 konstrukcij\u0105 papildomai palaiko plati koja su stalvir\u0161iu, kuri taip pat atlieka dekoratyvinio elemento funkcij\u0105. D\u0117l 40 cm \u012fd\u0117klo j\u012f galima lengvai transformuoti \u012f pilnai funkcional\u0173 stal\u0105, kurio pavir\u0161iaus plotas yra 200 cm. Jis nepakei\u010diamas tiek jaukiems \u0161eimos susib\u016brimams, tiek retkar\u010diais vykstantiems vakar\u0117liams. \u0104\u017euolo spalva sukuria jauki\u0105 atmosfer\u0105 ir skatina sve\u010dius leisti laik\u0105 prie jo. Tai idealus sprendimas tiems, kurie m\u0117gsta modernius, \u0161ilt\u0173 atspalvi\u0173 baldus. Stalas idealiai tinka derinti su kitais G-TE, KRIS ar IRMA serijos baldais arba kaip universalus ir prakti\u0161kas dekoro elementas, kur\u012f galima pritaikyti prie j\u016bs\u0173 interjero dizaino.<\/p>\n<p>I\u0161traukiama TAIP \u012ed\u0117kl\u0173 skai\u010dius 1 Plotis 90 cm Ilgis 160 cm Ilgis po i\u0161skleidimo 200 cm Auk\u0161tis 76,5 cm Produkto svoris su pakuote 72,00 kg Gamintojo kodas \/ simbolis st02 Pavadinimas b2b sistemoje I\u0160TRAUKIAMAS STALAS ST02 EVOKE \u0104\u017dUOLO komplektas Produkto pakuo\u010di\u0173 skai\u010dius 3 Stilius UNIVERSAL \u012eranga Surinkimo instrukcijos \/ surinkimo priedai Surinkimas Savaranki\u0161kam surinkimui Spalva Evoke Oak Stalvir\u0161io med\u017eiaga \/ tipas \/ storis 28 mm baldin\u0117 lenta R\u0117mo med\u017eiaga \/ tipas \/ storis 22 mm baldin\u0117 lenta Kolonos med\u017eiaga \/ tipas \/ storis 16 mm baldin\u0117 lenta Kolonos pagrindo med\u017eiaga \/ tipas \/ storis 28 mm baldin\u0117 lenta Kojel\u0117 \/ med\u017eiaga \/ spalva Nereguliuojama \/ Bald\u0173 b\u0117geliai \/ plastikas \/ Juoda<\/p>","protected":false},"excerpt":{"rendered":"<p>ST02 stalas yra ak\u012f traukiantis baldas, kuriame dera funkcionalumas ir eleganti\u0161kas dizainas, tod\u0117l jis puikiai tinka moderniai svetainei ar valgomajam. \u0160i\u0105 stabili\u0105 konstrukcij\u0105 papildomai palaiko plati koja su stalvir\u0161iu, kuri taip pat atlieka dekoratyvinio elemento funkcij\u0105. D\u0117l 40 cm \u012fd\u0117klo jis [\u2026]<\/p>","protected":false},"featured_media":257257,"comment_status":"open","ping_status":"open","template":"","meta":[],"product_brand":[],"product_cat":[2457,1934],"product_tag":[],"class_list":{"0":"post-257256","1":"product","2":"type-product","3":"status-publish","4":"has-post-thumbnail","6":"product_cat-liveo","7":"product_cat-tables","9":"first","10":"instock","11":"purchasable","12":"product-type-simple"},"_links":{"self":[{"href":"https:\/\/baldumarket.lt\/lt\/wp-json\/wp\/v2\/product\/257256","targetHints":{"allow":["GET"]}}],"collection":[{"href":"https:\/\/baldumarket.lt\/lt\/wp-json\/wp\/v2\/product"}],"about":[{"href":"https:\/\/baldumarket.lt\/lt\/wp-json\/wp\/v2\/types\/product"}],"replies":[{"embeddable":true,"href":"https:\/\/baldumarket.lt\/lt\/wp-json\/wp\/v2\/comments?post=257256"}],"wp:featuredmedia":[{"embeddable":true,"href":"https:\/\/baldumarket.lt\/lt\/wp-json\/wp\/v2\/media\/257257"}],"wp:attachment":[{"href":"https:\/\/baldumarket.lt\/lt\/wp-json\/wp\/v2\/media?parent=257256"}],"wp:term":[{"taxonomy":"product_brand","embeddable":true,"href":"https:\/\/baldumarket.lt\/lt\/wp-json\/wp\/v2\/product_brand?post=257256"},{"taxonomy":"product_cat","embeddable":true,"href":"https:\/\/baldumarket.lt\/lt\/wp-json\/wp\/v2\/product_cat?post=257256"},{"taxonomy":"product_tag","embeddable":true,"href":"https:\/\/baldumarket.lt\/lt\/wp-json\/wp\/v2\/product_tag?post=257256"}],"curies":[{"name":"wp","href":"https:\/\/api.w.org\/{rel}","templated":true}]}}