{"id":257244,"date":"2026-01-10T22:54:16","date_gmt":"2026-01-10T19:54:16","guid":{"rendered":"https:\/\/baldumarket.lt\/product\/snobi-sb14-stol-rozkladany\/"},"modified":"2026-02-11T18:30:26","modified_gmt":"2026-02-11T15:30:26","slug":"snobi-sb14-stol-rozkladany","status":"publish","type":"product","link":"https:\/\/baldumarket.lt\/lt\/product\/snobi-sb14-stol-rozkladany\/","title":{"rendered":"SNOBI SB14 prailginamas stalas"},"content":{"rendered":"<p>SNOBI SB14 stalas \u2013 idealus sprendimas tiek ma\u017eesn\u0117ms, tiek didesn\u0117ms erdv\u0117ms. Jo privalumas tas, kad kasdien naudojant jis u\u017eima minimaliai vietos, o du 33 cm plo\u010dio prailginimai leid\u017eia greitai padidinti stalo plot\u0105 nuo 112 iki 178 cm. Jis bus nepakei\u010diamas tiek kasdieniams valgymams, tiek \u0161eimos susib\u016brimams. Eleganti\u0161kas ir nesenstantis SNOBI stalas puikiai atspindi dabartines tendencijas, o \u0161ilta \u0105\u017euolo spalva vizualiai su\u0161ildo erdv\u0119 ir sukuria jauki\u0105 atmosfer\u0105. Jis puikiai dera su kitais \u0161ios serijos baldais arba kaip atskiras baldas, prisitaikydamas prie j\u016bs\u0173 kambario dizaino.<\/p>\n<p>I\u0161traukiama TAIP Plotis 90 cm Ilgis 112-145-178 cm Auk\u0161tis 76 cm Produkto svoris su pakuote 47,35 kg Gamintojo kodas \/ simbolis SB14 Kolekcijos pavadinimas SNOBI I\u0161traukiama TAIP Produkto pakuo\u010di\u0173 skai\u010dius 3 Stilius Moderni \u012franga Surinkimo instrukcijos \/ surinkimo priedai Surinkimas Savaranki\u0161kam surinkimui Korpuso spalva auksinis \u0105\u017euolas Stalvir\u0161io med\u017eiaga \/ tipas \/ storis laminuota med\u017eio dro\u017eli\u0173 plok\u0161t\u0117 22 mm Korpuso med\u017eiaga \/ tipas \/ storis Laminuota med\u017eio dro\u017eli\u0173 plok\u0161t\u0117 16 mm Kojel\u0117 \/ tipas \/ spalva PLASTIKAS NEREGULIUOJAMAS Stalo kreipiklis rutulinis guolis<\/p>","protected":false},"excerpt":{"rendered":"<p>SNOBI SB14 stalas \u2013 idealus sprendimas tiek ma\u017eesn\u0117ms, tiek didesn\u0117ms erdv\u0117ms. Jo privalumas tas, kad kasdien naudojant jis u\u017eima minimaliai vietos, o du 33 cm plo\u010dio prailginimai leid\u017eia greitai padidinti stalo plot\u0105 nuo 112 iki 178 cm. Jis bus nepakei\u010diamas kasdieniams valgymams ir \u0161eimos susib\u016brimams [\u2026]<\/p>","protected":false},"featured_media":257216,"comment_status":"open","ping_status":"open","template":"","meta":[],"product_brand":[],"product_cat":[2457,1934],"product_tag":[],"class_list":{"0":"post-257244","1":"product","2":"type-product","3":"status-publish","4":"has-post-thumbnail","6":"product_cat-liveo","7":"product_cat-tables","9":"first","10":"instock","11":"purchasable","12":"product-type-simple"},"_links":{"self":[{"href":"https:\/\/baldumarket.lt\/lt\/wp-json\/wp\/v2\/product\/257244","targetHints":{"allow":["GET"]}}],"collection":[{"href":"https:\/\/baldumarket.lt\/lt\/wp-json\/wp\/v2\/product"}],"about":[{"href":"https:\/\/baldumarket.lt\/lt\/wp-json\/wp\/v2\/types\/product"}],"replies":[{"embeddable":true,"href":"https:\/\/baldumarket.lt\/lt\/wp-json\/wp\/v2\/comments?post=257244"}],"wp:featuredmedia":[{"embeddable":true,"href":"https:\/\/baldumarket.lt\/lt\/wp-json\/wp\/v2\/media\/257216"}],"wp:attachment":[{"href":"https:\/\/baldumarket.lt\/lt\/wp-json\/wp\/v2\/media?parent=257244"}],"wp:term":[{"taxonomy":"product_brand","embeddable":true,"href":"https:\/\/baldumarket.lt\/lt\/wp-json\/wp\/v2\/product_brand?post=257244"},{"taxonomy":"product_cat","embeddable":true,"href":"https:\/\/baldumarket.lt\/lt\/wp-json\/wp\/v2\/product_cat?post=257244"},{"taxonomy":"product_tag","embeddable":true,"href":"https:\/\/baldumarket.lt\/lt\/wp-json\/wp\/v2\/product_tag?post=257244"}],"curies":[{"name":"wp","href":"https:\/\/api.w.org\/{rel}","templated":true}]}}