{"id":257242,"date":"2026-01-10T22:54:14","date_gmt":"2026-01-10T19:54:14","guid":{"rendered":"https:\/\/baldumarket.lt\/product\/snobi-sb13-lawa-rozkladana\/"},"modified":"2026-02-11T18:30:26","modified_gmt":"2026-02-11T15:30:26","slug":"snobi-sb13-lawa-rozkladana","status":"publish","type":"product","link":"https:\/\/baldumarket.lt\/lt\/product\/snobi-sb13-lawa-rozkladana\/","title":{"rendered":"SNOBI SB13 SULANKSTOMAS SUOLAS"},"content":{"rendered":"<p>I\u0161traukiamas kavos staliukas SNOBI SB13 \u2013 puikus pasirinkimas tiems, kurie vertina funkcionalum\u0105. Priklausomai nuo j\u016bs\u0173 poreiki\u0173, \u0161\u012f bald\u0105 galima naudoti kaip nedidel\u012f kavos staliuk\u0105 arba valgomojo stal\u0105. Pasl\u0117ptas \u012fd\u0117klas leid\u017eia prailginti stalvir\u0161\u012f nuo 114 cm iki 144 cm. Staliuko centre esanti kolona pabr\u0117\u017eia jo modern\u0173 vaizd\u0105. Kavos staliukas puikiai dera su kitais \u0161ios serijos baldais arba yra atskiras baldas, prisitaikantis prie j\u016bs\u0173 kambario interjero dizaino.<\/p>\n<p>Plotis 68 cm Ilgis 114-144 cm Auk\u0161tis 51,5 cm Produkto svoris su pakuote 35,5 kg Gamintojo kodas \/ simbolis SB13 Kolekcijos pavadinimas SNOBI I\u0161traukiamas TAIP Produkto pakuo\u010di\u0173 skai\u010dius 3 Stilius Modernus \u012eranga Surinkimo instrukcijos \/ surinkimo priedai Surinkimas Savaranki\u0161kam surinkimui Korpuso spalva auksinis \u0105\u017euolas Stalvir\u0161io med\u017eiaga \/ tipas \/ storis LAMINUOTA MEDO\u017dI\u0172 PLOK\u0160T\u0116 22 mm Korpuso med\u017eiaga \/ tipas \/ storis Laminuota med\u017eio dro\u017eli\u0173 plok\u0161t\u0117 16 mm Kojel\u0117 \/ tipas \/ spalva PLASTIKAS NEREGULIUOJAMAS Stalo kreipiklis rutulinis guolis<\/p>","protected":false},"excerpt":{"rendered":"<p>SNOBI SB13 i\u0161skleid\u017eiamas kavos staliukas yra puikus pasirinkimas tiems, kurie vertina funkcionalum\u0105. Priklausomai nuo j\u016bs\u0173 poreiki\u0173, \u0161is baldas gali b\u016bti naudojamas kaip ma\u017eas kavos staliukas arba valgomojo stalas. Pasl\u0117ptas \u012fd\u0117klas leid\u017eia prailginti stalvir\u0161\u012f nuo 114 cm iki 144 cm. Staliuko centre esanti kolona [\u2026]<\/p>","protected":false},"featured_media":254785,"comment_status":"open","ping_status":"open","template":"","meta":[],"product_brand":[],"product_cat":[866,2457],"product_tag":[],"class_list":{"0":"post-257242","1":"product","2":"type-product","3":"status-publish","4":"has-post-thumbnail","6":"product_cat-coffee-tables","7":"product_cat-liveo","9":"first","10":"instock","11":"purchasable","12":"product-type-simple"},"_links":{"self":[{"href":"https:\/\/baldumarket.lt\/lt\/wp-json\/wp\/v2\/product\/257242","targetHints":{"allow":["GET"]}}],"collection":[{"href":"https:\/\/baldumarket.lt\/lt\/wp-json\/wp\/v2\/product"}],"about":[{"href":"https:\/\/baldumarket.lt\/lt\/wp-json\/wp\/v2\/types\/product"}],"replies":[{"embeddable":true,"href":"https:\/\/baldumarket.lt\/lt\/wp-json\/wp\/v2\/comments?post=257242"}],"wp:featuredmedia":[{"embeddable":true,"href":"https:\/\/baldumarket.lt\/lt\/wp-json\/wp\/v2\/media\/254785"}],"wp:attachment":[{"href":"https:\/\/baldumarket.lt\/lt\/wp-json\/wp\/v2\/media?parent=257242"}],"wp:term":[{"taxonomy":"product_brand","embeddable":true,"href":"https:\/\/baldumarket.lt\/lt\/wp-json\/wp\/v2\/product_brand?post=257242"},{"taxonomy":"product_cat","embeddable":true,"href":"https:\/\/baldumarket.lt\/lt\/wp-json\/wp\/v2\/product_cat?post=257242"},{"taxonomy":"product_tag","embeddable":true,"href":"https:\/\/baldumarket.lt\/lt\/wp-json\/wp\/v2\/product_tag?post=257242"}],"curies":[{"name":"wp","href":"https:\/\/api.w.org\/{rel}","templated":true}]}}