{"id":257240,"date":"2026-01-10T22:54:11","date_gmt":"2026-01-10T19:54:11","guid":{"rendered":"https:\/\/baldumarket.lt\/product\/snobi-sb12-polka-wiszaca\/"},"modified":"2026-02-11T18:30:26","modified_gmt":"2026-02-11T15:30:26","slug":"snobi-sb12-polka-wiszaca","status":"publish","type":"product","link":"https:\/\/baldumarket.lt\/lt\/product\/snobi-sb12-polka-wiszaca\/","title":{"rendered":"SNOBI SB12 kabinama lentyna"},"content":{"rendered":"<p>Pakabinama lentyna SNOBI SB12 puikiai tinka svetainei, valgomajam ar nam\u0173 biurui. 155,5 cm plo\u010dio, ant jos lengvai tilps dekoracijos, dekoratyvin\u0117s \u017evak\u0117s ir kelios knygos. Lentyn\u0105 galima derinti su kitais SNOBI kolekcijos gaminiais, tokiais kaip SB1, SB4 ir SB5, ta\u010diau ji taip pat puikiai tinka kaip atskiras baldas.<\/p>\n<p>Plotis 155,5 cm Gylis 23,5 cm Auk\u0161tis 22 cm Gaminio svoris su pakuote 8,9 kg Gamintojo kodas \/ simbolis SB12 Kolekcijos pavadinimas SNOBI Gaminio pakuo\u010di\u0173 skai\u010dius 1 Stilius Moderni \u012franga Surinkimo instrukcijos \/ surinkimo priedai Surinkimas Savaranki\u0161kam surinkimui Korpuso spalva auksinis \u0105\u017euolas Korpuso apdailos med\u017eiaga \/ tipas \/ storis 16 mm laminuota med\u017eio dro\u017eli\u0173 plok\u0161t\u0117<\/p>","protected":false},"excerpt":{"rendered":"<p>Pakabinama lentyna SNOBI SB12 puikiai tinka svetainei, valgomajam ar nam\u0173 biurui. 155,5 cm plo\u010dio, ant jos lengvai tilps dekoracijos, dekoratyvin\u0117s \u017evak\u0117s ir kelios knygos. Lentyn\u0105 galima derinti su kitais SNOBI kolekcijos gaminiais, tokiais kaip SB1, SB4 ir SB5, ta\u010diau ji taip pat puikiai tinka kaip [\u2026]<\/p>","protected":false},"featured_media":257234,"comment_status":"open","ping_status":"open","template":"","meta":[],"product_brand":[],"product_cat":[1174,2457],"product_tag":[],"class_list":{"0":"post-257240","1":"product","2":"type-product","3":"status-publish","4":"has-post-thumbnail","6":"product_cat-hanging-shelves","7":"product_cat-liveo","9":"first","10":"instock","11":"purchasable","12":"product-type-simple"},"_links":{"self":[{"href":"https:\/\/baldumarket.lt\/lt\/wp-json\/wp\/v2\/product\/257240","targetHints":{"allow":["GET"]}}],"collection":[{"href":"https:\/\/baldumarket.lt\/lt\/wp-json\/wp\/v2\/product"}],"about":[{"href":"https:\/\/baldumarket.lt\/lt\/wp-json\/wp\/v2\/types\/product"}],"replies":[{"embeddable":true,"href":"https:\/\/baldumarket.lt\/lt\/wp-json\/wp\/v2\/comments?post=257240"}],"wp:featuredmedia":[{"embeddable":true,"href":"https:\/\/baldumarket.lt\/lt\/wp-json\/wp\/v2\/media\/257234"}],"wp:attachment":[{"href":"https:\/\/baldumarket.lt\/lt\/wp-json\/wp\/v2\/media?parent=257240"}],"wp:term":[{"taxonomy":"product_brand","embeddable":true,"href":"https:\/\/baldumarket.lt\/lt\/wp-json\/wp\/v2\/product_brand?post=257240"},{"taxonomy":"product_cat","embeddable":true,"href":"https:\/\/baldumarket.lt\/lt\/wp-json\/wp\/v2\/product_cat?post=257240"},{"taxonomy":"product_tag","embeddable":true,"href":"https:\/\/baldumarket.lt\/lt\/wp-json\/wp\/v2\/product_tag?post=257240"}],"curies":[{"name":"wp","href":"https:\/\/api.w.org\/{rel}","templated":true}]}}