{"id":257237,"date":"2026-01-10T22:54:06","date_gmt":"2026-01-10T19:54:06","guid":{"rendered":"https:\/\/baldumarket.lt\/product\/snobi-sb11-szafa\/"},"modified":"2026-02-11T18:30:26","modified_gmt":"2026-02-11T15:30:26","slug":"snobi-sb11-szafa","status":"publish","type":"product","link":"https:\/\/baldumarket.lt\/lt\/product\/snobi-sb11-szafa\/","title":{"rendered":"SNOBI SB11 drabu\u017ei\u0173 spintos"},"content":{"rendered":"<p>Spinta SNOBI SB11 \u2013 tai unikalus ir prakti\u0161kas interjero dizaino elementas \u2013 ja galima apstatyti \u012fvairios paskirties ir charakterio kambarius \u2013 nuo \u200b\u200bsvetain\u0117s iki biuro. D\u0117l kompakti\u0161ko dyd\u017eio ji taip pat tinka ma\u017eam miegamajam. Spinta su pakaba ir lentyna leid\u017eia lengvai susitvarkyti ne tik drabu\u017eius. Baltos spalvos gausa ir nat\u016brali med\u017eio spalva vizualiai su\u0161ildo erdv\u0119 ir sukuria jauki\u0105 atmosfer\u0105. Dar vienas negin\u010dijamas spintos privalumas \u2013 tamsios kojel\u0117s, kurios palengvina prie\u017ei\u016br\u0105 ir suteikia formai lengvumo. Spinta idealiai tinka derinti su kitais SNOBI serijos baldais arba naudoti kaip atskiras baldas, prisitaikant prie j\u016bs\u0173 kambario interjero dizaino.<\/p>\n<p>Plotis 85 cm Gylis 56 cm Auk\u0161tis 197 cm Produkto svoris su pakuote 65,75 kg Gamintojo kodas \/ simbolis SB11 Kolekcijos pavadinimas SNOBI Produkto pakuo\u010di\u0173 skai\u010dius 2 Stilius Moderni \u012franga Surinkimo instrukcijos \/ surinkimo priedai Surinkimas Savaranki\u0161kam surinkimui Korpuso spalva auksin\u0117 \u201ecraft \u0105\u017euolas\u201c Vir\u0161utin\u0117 med\u017eiaga \/ tipas \/ storis laminuota med\u017eio dro\u017eli\u0173 plok\u0161t\u0117 22 mm Korpuso med\u017eiaga \/ tipas \/ storis laminuota med\u017eio dro\u017eli\u0173 plok\u0161t\u0117 16 mm Priekin\u0117 spalva auksin\u0117 \u201ecraft \u0105\u017euolas\u201c \/ blizgi alpi\u0173 balta Priekin\u0117 med\u017eiaga \/ tipas \/ storis med\u017eio dro\u017eli\u0173 plok\u0161t\u0117 16 mm \/ MDF 18 mm Priekin\u0117 rankena \/ tipas \/ spalva metalin\u0117 \u0160velnaus u\u017edarymo dur\u0173 sistema Standarti\u0161kai Kojel\u0117 \/ tipas \/ spalva PLASTIKAS NEREGULIUOJAMAS Korpuso \u012franga Standarti\u0161kai pakabos strypas<\/p>","protected":false},"excerpt":{"rendered":"<p>SNOBI SB11 spinta yra unikalus ir prakti\u0161kas interjero dizaino elementas \u2013 ja galima apstatyti \u012fvairios paskirties ir pob\u016bd\u017eio kambarius \u2013 nuo \u200b\u200bsvetain\u0117s iki biuro. D\u0117l kompakti\u0161ko dyd\u017eio ji taip pat tinka ma\u017eam miegamajam. SNOBI spinta su pakaba ir lentyna leid\u017eia [\u2026]<\/p>","protected":false},"featured_media":257202,"comment_status":"open","ping_status":"open","template":"","meta":[],"product_brand":[],"product_cat":[2457,1177],"product_tag":[],"class_list":{"0":"post-257237","1":"product","2":"type-product","3":"status-publish","4":"has-post-thumbnail","6":"product_cat-liveo","7":"product_cat-wardrobes","9":"first","10":"instock","11":"purchasable","12":"product-type-simple"},"_links":{"self":[{"href":"https:\/\/baldumarket.lt\/lt\/wp-json\/wp\/v2\/product\/257237","targetHints":{"allow":["GET"]}}],"collection":[{"href":"https:\/\/baldumarket.lt\/lt\/wp-json\/wp\/v2\/product"}],"about":[{"href":"https:\/\/baldumarket.lt\/lt\/wp-json\/wp\/v2\/types\/product"}],"replies":[{"embeddable":true,"href":"https:\/\/baldumarket.lt\/lt\/wp-json\/wp\/v2\/comments?post=257237"}],"wp:featuredmedia":[{"embeddable":true,"href":"https:\/\/baldumarket.lt\/lt\/wp-json\/wp\/v2\/media\/257202"}],"wp:attachment":[{"href":"https:\/\/baldumarket.lt\/lt\/wp-json\/wp\/v2\/media?parent=257237"}],"wp:term":[{"taxonomy":"product_brand","embeddable":true,"href":"https:\/\/baldumarket.lt\/lt\/wp-json\/wp\/v2\/product_brand?post=257237"},{"taxonomy":"product_cat","embeddable":true,"href":"https:\/\/baldumarket.lt\/lt\/wp-json\/wp\/v2\/product_cat?post=257237"},{"taxonomy":"product_tag","embeddable":true,"href":"https:\/\/baldumarket.lt\/lt\/wp-json\/wp\/v2\/product_tag?post=257237"}],"curies":[{"name":"wp","href":"https:\/\/api.w.org\/{rel}","templated":true}]}}