{"id":257235,"date":"2026-01-10T22:54:04","date_gmt":"2026-01-10T19:54:04","guid":{"rendered":"https:\/\/baldumarket.lt\/product\/snobi-sb10-szafka-l-p\/"},"modified":"2026-02-11T18:30:26","modified_gmt":"2026-02-11T15:30:26","slug":"snobi-sb10-szafka-l-p","status":"publish","type":"product","link":"https:\/\/baldumarket.lt\/lt\/product\/snobi-sb10-szafka-l-p\/","title":{"rendered":"SNOBI SB10 SPINTEL\u0116 K\/D"},"content":{"rendered":"<p>SNOBI SB10 spintel\u0117 \u2013 unikalus ir prakti\u0161kas interjero dizaino elementas. D\u0117l savo dizaino ji tinka svetainei, sve\u010di\u0173 kambariui, prie\u0161kambariui ar net biurui. U\u017e u\u017edar\u0173 fasad\u0173 slypi erdvios ni\u0161os, kurias galima naudoti segtuvams, dokumentams ar tiesiog stalo \u012frankiams laikyti. Spintel\u0117 yra universali, jos durys gali atsidaryti \u012f kair\u0119 arba \u012f de\u0161in\u0119. \u0160is eleganti\u0161kas baldas neu\u017eima daug vietos, ta\u010diau viduje yra labai erdvus. Baltos spalvos ir nat\u016bralios medienos spalvos gausa vizualiai su\u0161ildo erdv\u0119 ir sukuria jauki\u0105 atmosfer\u0105. Dar vienas svarbus spintel\u0117s bruo\u017eas \u2013 tamsios kojel\u0117s, kurios padeda palaikyti tvark\u0105 ir suteikia dizainui lengvumo. Spintel\u0117 puikiai dera su kitais SNOBI serijos baldais arba yra atskiras baldas, prisitaikantis prie j\u016bs\u0173 kambario interjero.<\/p>\n<p>Plotis 56,5 cm Gylis 39,5 cm Auk\u0161tis 197 cm Produkto svoris su pakuote 46,05 kg Gamintojo kodas \/ simbolis SB10 Kolekcijos pavadinimas SNOBI Produkto pakuo\u010di\u0173 skai\u010dius 3 Stilius Moderni \u012franga Surinkimo instrukcijos \/ surinkimo priedai Surinkimas Savaranki\u0161kam surinkimui Korpuso spalva: auksinis \u0105\u017euolas Korpuso med\u017eiaga \/ tipas \/ storis: laminuota med\u017eio dro\u017eli\u0173 plok\u0161t\u0117 16 mm Lentyn\u0173 kiekis 3 Priekin\u0117s dalies spalva: auksinis \u0105\u017euolas \/ blizgi Alpi\u0173 balta Priekin\u0117s dalies med\u017eiaga \/ tipas \/ storis: med\u017eio dro\u017eli\u0173 plok\u0161t\u0117 16 mm \/ MDF 18 mm \u0160velnaus u\u017edarymo dureli\u0173 sistema Standartin\u0117 komplektacija Kojel\u0117 \/ tipas \/ spalva: PLASTIKAS NEREGULIUOJAMAS<\/p>","protected":false},"excerpt":{"rendered":"<p>SNOBI SB10 spintel\u0117 yra unikalus ir prakti\u0161kas interjero dizaino elementas. D\u0117l savo dizaino ji tinka svetainei, sve\u010di\u0173 kambariui, prie\u0161kambariui ar net biurui. U\u017e u\u017edar\u0173 fasad\u0173 yra erdvios ni\u0161os, kurias galima naudoti segtuvams, dokumentams ar tiesiog stalo \u012frankiams laikyti. Spintel\u0117 yra universali, jos durel\u0117mis galima [\u2026]<\/p>","protected":false},"featured_media":257200,"comment_status":"open","ping_status":"open","template":"","meta":[],"product_brand":[],"product_cat":[2457,1177],"product_tag":[],"class_list":{"0":"post-257235","1":"product","2":"type-product","3":"status-publish","4":"has-post-thumbnail","6":"product_cat-liveo","7":"product_cat-wardrobes","9":"first","10":"instock","11":"purchasable","12":"product-type-simple"},"_links":{"self":[{"href":"https:\/\/baldumarket.lt\/lt\/wp-json\/wp\/v2\/product\/257235","targetHints":{"allow":["GET"]}}],"collection":[{"href":"https:\/\/baldumarket.lt\/lt\/wp-json\/wp\/v2\/product"}],"about":[{"href":"https:\/\/baldumarket.lt\/lt\/wp-json\/wp\/v2\/types\/product"}],"replies":[{"embeddable":true,"href":"https:\/\/baldumarket.lt\/lt\/wp-json\/wp\/v2\/comments?post=257235"}],"wp:featuredmedia":[{"embeddable":true,"href":"https:\/\/baldumarket.lt\/lt\/wp-json\/wp\/v2\/media\/257200"}],"wp:attachment":[{"href":"https:\/\/baldumarket.lt\/lt\/wp-json\/wp\/v2\/media?parent=257235"}],"wp:term":[{"taxonomy":"product_brand","embeddable":true,"href":"https:\/\/baldumarket.lt\/lt\/wp-json\/wp\/v2\/product_brand?post=257235"},{"taxonomy":"product_cat","embeddable":true,"href":"https:\/\/baldumarket.lt\/lt\/wp-json\/wp\/v2\/product_cat?post=257235"},{"taxonomy":"product_tag","embeddable":true,"href":"https:\/\/baldumarket.lt\/lt\/wp-json\/wp\/v2\/product_tag?post=257235"}],"curies":[{"name":"wp","href":"https:\/\/api.w.org\/{rel}","templated":true}]}}