{"id":257231,"date":"2026-01-10T22:54:01","date_gmt":"2026-01-10T19:54:01","guid":{"rendered":"https:\/\/baldumarket.lt\/product\/snobi-sb09-witryna-prawa\/"},"modified":"2026-02-11T18:30:26","modified_gmt":"2026-02-11T15:30:26","slug":"snobi-sb09-witryna-prawa","status":"publish","type":"product","link":"https:\/\/baldumarket.lt\/lt\/product\/snobi-sb09-witryna-prawa\/","title":{"rendered":"SNOBI SB09 TEIS\u0116S PREKI\u0172 VITRINA"},"content":{"rendered":"<p>De\u0161in\u0117s pus\u0117s vitrina SNOBI SB09 yra eleganti\u0161kas ir stilingas bet kurio svetain\u0117s, poilsio kambario ar valgomojo papildymas. Ji suteiks bet kuriai erdvei klas\u0117s ir \u017eavesio. I\u0161 dalies \u012fstiklinta priekin\u0117 dalis leid\u017eia eksponuoti dekoratyvinius suvenyrus ar porcelian\u0105, o apatin\u0117, rakinama spintel\u0117 suteikia vietos kitiems daiktams. Vitrin\u0105 galima apr\u016bpinti LED ap\u0161vietimu, kuris sukuria stulbinant\u012f efekt\u0105. Balta spalva kartu su nat\u016bralia mediena vizualiai su\u0161ildys erdv\u0119 ir sukurs jauki\u0105 atmosfer\u0105. Grioveliais dekoruotas priekin\u0117s dalies dizainas suteikia spintelei unikalaus charakterio. Dar vienas svarbus vitrinos bruo\u017eas \u2013 tamsios kojel\u0117s, kurios palengvina prie\u017ei\u016br\u0105 ir suteikia dizainui lengvumo. Vitrina idealiai tinka derinant su kitais SNOBI serijos baldais arba kaip atskiras baldas, leid\u017eiantis j\u0105 pritaikyti prie savo interjero dizaino.<\/p>\n<p>Plotis 56,5 cm Gylis 39,5 cm Auk\u0161tis 197 cm Produkto svoris su pakuote 47,05 kg Gamintojo kodas \/ simbolis SB09 Kolekcijos pavadinimas SNOBI Produkto pakuo\u010di\u0173 skai\u010dius 3 Stilius Moderni \u012franga Surinkimo instrukcijos \/ surinkimo priedai Surinkimui Savaranki\u0161kam surinkimui Korpuso spalva auksin\u0117 \u201ecraft \u0105\u017euolas\u201c Vir\u0161utin\u0117 med\u017eiaga \/ tipas \/ storis laminuota med\u017eio dro\u017eli\u0173 plok\u0161t\u0117 22 mm Korpuso med\u017eiaga \/ tipas \/ storis laminuota med\u017eio dro\u017eli\u0173 plok\u0161t\u0117 16 mm Lentyn\u0173 kiekis 1 Priekin\u0117s dalies spalva auksin\u0117 \u201ecraft \u0105\u017euolas\u201c \/ blizgi alpin\u0117 balta Priekin\u0117s dalies med\u017eiaga \/ tipas \/ storis med\u017eio dro\u017eli\u0173 plok\u0161t\u0117 16 mm \/ MDF 18 mm Priekin\u0117 rankena \/ med\u017eiaga \/ spalva metalas Glaz\u016bruota priekin\u0117 med\u017eiaga \/ gr\u016bdinto stiklo spalva antisol ruda Glaz\u016bruoto priekinio stiklo storis 4 mm Stiklin\u0117s lentynos stiklo storis 6 mm Stiklin\u0117s lentynos kiekis 2 Vidaus ap\u0161vietimo \u0161viesos spalva \u0161iltai balta Kojel\u0117 \/ med\u017eiaga \/ spalva PLASTIKAS NEREGULIUOJAMAS<\/p>","protected":false},"excerpt":{"rendered":"<p>De\u0161in\u0117s pus\u0117s vitrina SNOBI SB09 yra eleganti\u0161kas ir stilingas bet kurios svetain\u0117s, poilsio kambario ar valgomojo aksesuaras. Ji suteiks bet kuriai erdvei klas\u0117s ir \u017eavesio. I\u0161 dalies \u012fstiklinta priekin\u0117 dalis leid\u017eia eksponuoti dekoratyvinius suvenyrus ar porcelian\u0105, o apatin\u0117, u\u017erakinama spintel\u0117 suteikia vietos kitiems daiktams. Vitrina [\u2026]<\/p>","protected":false},"featured_media":257232,"comment_status":"open","ping_status":"open","template":"","meta":[],"product_brand":[],"product_cat":[2457,2006],"product_tag":[],"class_list":{"0":"post-257231","1":"product","2":"type-product","3":"status-publish","4":"has-post-thumbnail","6":"product_cat-liveo","7":"product_cat-vitrines","9":"first","10":"instock","11":"purchasable","12":"product-type-simple"},"_links":{"self":[{"href":"https:\/\/baldumarket.lt\/lt\/wp-json\/wp\/v2\/product\/257231","targetHints":{"allow":["GET"]}}],"collection":[{"href":"https:\/\/baldumarket.lt\/lt\/wp-json\/wp\/v2\/product"}],"about":[{"href":"https:\/\/baldumarket.lt\/lt\/wp-json\/wp\/v2\/types\/product"}],"replies":[{"embeddable":true,"href":"https:\/\/baldumarket.lt\/lt\/wp-json\/wp\/v2\/comments?post=257231"}],"wp:featuredmedia":[{"embeddable":true,"href":"https:\/\/baldumarket.lt\/lt\/wp-json\/wp\/v2\/media\/257232"}],"wp:attachment":[{"href":"https:\/\/baldumarket.lt\/lt\/wp-json\/wp\/v2\/media?parent=257231"}],"wp:term":[{"taxonomy":"product_brand","embeddable":true,"href":"https:\/\/baldumarket.lt\/lt\/wp-json\/wp\/v2\/product_brand?post=257231"},{"taxonomy":"product_cat","embeddable":true,"href":"https:\/\/baldumarket.lt\/lt\/wp-json\/wp\/v2\/product_cat?post=257231"},{"taxonomy":"product_tag","embeddable":true,"href":"https:\/\/baldumarket.lt\/lt\/wp-json\/wp\/v2\/product_tag?post=257231"}],"curies":[{"name":"wp","href":"https:\/\/api.w.org\/{rel}","templated":true}]}}