{"id":257228,"date":"2026-01-10T22:53:58","date_gmt":"2026-01-10T19:53:58","guid":{"rendered":"https:\/\/baldumarket.lt\/product\/snobi-sb08-witryna-lewa\/"},"modified":"2026-02-11T18:30:26","modified_gmt":"2026-02-11T15:30:26","slug":"snobi-sb08-witryna-lewa","status":"publish","type":"product","link":"https:\/\/baldumarket.lt\/lt\/product\/snobi-sb08-witryna-lewa\/","title":{"rendered":"SNOBI SB08 kairysis vitrinos komplektas"},"content":{"rendered":"<p>Kairin\u0117 vitrina SNOBI SB08 yra eleganti\u0161kas ir stilingas bet kurio svetain\u0117s, poilsio kambario ar valgomojo papildymas. Ji suteiks bet kuriai erdvei klas\u0117s ir \u017eavesio. I\u0161 dalies \u012fstiklinta priekin\u0117 dalis leid\u017eia eksponuoti dekoratyvinius suvenyrus ar porcelian\u0105, o apatin\u0117, rakinama spintel\u0117 suteikia vietos kitiems daiktams. Vitrin\u0105 galima apr\u016bpinti LED ap\u0161vietimu, kuris sukuria stulbinant\u012f efekt\u0105. Balta spalva kartu su nat\u016bralia med\u017eio spalva vizualiai su\u0161ildys erdv\u0119 ir sukurs jauki\u0105 atmosfer\u0105. Grioveliais dekoruotas priekin\u0117s dalies dizainas suteikia spintelei unikalaus charakterio. Dar vienas negin\u010dijamas vitrinos privalumas \u2013 tamsios kojel\u0117s, kurios palengvina prie\u017ei\u016br\u0105 ir suteikia dizainui lengvumo. Vitrina idealiai tinka derinant su kitais SNOBI serijos baldais arba kaip atskiras baldas, leid\u017eiantis j\u0105 pritaikyti prie savo interjero dizaino.<\/p>\n<p>Plotis 56,5 cm Gylis 39,5 cm Auk\u0161tis 197 cm Produkto svoris su pakuote 47,05 kg Gamintojo kodas \/ simbolis SB08 Kolekcijos pavadinimas SNOBI Produkto pakuo\u010di\u0173 skai\u010dius 3 Stilius Moderni \u012eranga Surinkimo instrukcijos \/ surinkimo priedai Surinkimas Savaranki\u0161kam surinkimui Korpuso spalva auksin\u0117 \u201ecraft \u0105\u017euolas\u201c Vir\u0161utin\u0117 med\u017eiaga \/ tipas \/ storis laminuota med\u017eio dro\u017eli\u0173 plok\u0161t\u0117 22 mm Korpuso med\u017eiaga \/ tipas \/ storis laminuota med\u017eio dro\u017eli\u0173 plok\u0161t\u0117 16 mm Lentyn\u0173 med\u017eiaga \/ tipas \/ storis laminuota med\u017eio dro\u017eli\u0173 plok\u0161t\u0117 16 mm Lentyn\u0173 kiekis 1 Priekin\u0117s dalies spalva auksin\u0117 \u201ecraft \u0105\u017euolas\u201c \/ blizgi alpin\u0117 balta Priekin\u0117s dalies med\u017eiaga \/ tipas \/ storis med\u017eio dro\u017eli\u0173 plok\u0161t\u0117 16 mm \/ MDF 18 mm Priekin\u0117 rankena \/ med\u017eiaga \/ spalva metalas Glaz\u016bruota priekin\u0117 med\u017eiaga \/ spalva gr\u016bdintas stiklas antisol ruda Glaz\u016bruoto priekinio stiklo storis 4 mm Stiklin\u0117s lentynos spalva flotacinis stiklas skaidrus Stiklin\u0117s lentynos stiklo storis 6 mm Stiklin\u0117s lentynos kiekis 2 Vidinio ap\u0161vietimo \u0161viesos spalva \u0160iltai balta \u0160velniai u\u017edaroma dur\u0173 sistema Standartinis Kojel\u0117 \/ apdaila \/ spalva PLASTIKAS NEREGULIUOJAMAS<\/p>","protected":false},"excerpt":{"rendered":"<p>Kairin\u0117 SNOBI SB08 vitrina yra eleganti\u0161kas ir stilingas bet kurios svetain\u0117s, poilsio kambario ar valgomojo aksesuaras. Ji suteiks bet kuriai erdvei klas\u0117s ir \u017eavesio. I\u0161 dalies \u012fstiklinta priekin\u0117 dalis leid\u017eia eksponuoti dekoratyvinius suvenyrus ar porcelian\u0105, o apatin\u0117, u\u017erakinama spintel\u0117 suteikia vietos kitiems daiktams. Vitrina [\u2026]<\/p>","protected":false},"featured_media":257229,"comment_status":"open","ping_status":"open","template":"","meta":[],"product_brand":[],"product_cat":[2457,2006],"product_tag":[],"class_list":{"0":"post-257228","1":"product","2":"type-product","3":"status-publish","4":"has-post-thumbnail","6":"product_cat-liveo","7":"product_cat-vitrines","9":"first","10":"instock","11":"purchasable","12":"product-type-simple"},"_links":{"self":[{"href":"https:\/\/baldumarket.lt\/lt\/wp-json\/wp\/v2\/product\/257228","targetHints":{"allow":["GET"]}}],"collection":[{"href":"https:\/\/baldumarket.lt\/lt\/wp-json\/wp\/v2\/product"}],"about":[{"href":"https:\/\/baldumarket.lt\/lt\/wp-json\/wp\/v2\/types\/product"}],"replies":[{"embeddable":true,"href":"https:\/\/baldumarket.lt\/lt\/wp-json\/wp\/v2\/comments?post=257228"}],"wp:featuredmedia":[{"embeddable":true,"href":"https:\/\/baldumarket.lt\/lt\/wp-json\/wp\/v2\/media\/257229"}],"wp:attachment":[{"href":"https:\/\/baldumarket.lt\/lt\/wp-json\/wp\/v2\/media?parent=257228"}],"wp:term":[{"taxonomy":"product_brand","embeddable":true,"href":"https:\/\/baldumarket.lt\/lt\/wp-json\/wp\/v2\/product_brand?post=257228"},{"taxonomy":"product_cat","embeddable":true,"href":"https:\/\/baldumarket.lt\/lt\/wp-json\/wp\/v2\/product_cat?post=257228"},{"taxonomy":"product_tag","embeddable":true,"href":"https:\/\/baldumarket.lt\/lt\/wp-json\/wp\/v2\/product_tag?post=257228"}],"curies":[{"name":"wp","href":"https:\/\/api.w.org\/{rel}","templated":true}]}}