{"id":257225,"date":"2026-01-10T22:53:55","date_gmt":"2026-01-10T19:53:55","guid":{"rendered":"https:\/\/baldumarket.lt\/product\/snobi-sb07-witryna\/"},"modified":"2026-02-11T18:30:26","modified_gmt":"2026-02-11T15:30:26","slug":"snobi-sb07-witryna","status":"publish","type":"product","link":"https:\/\/baldumarket.lt\/lt\/product\/snobi-sb07-witryna\/","title":{"rendered":"SNOBI SB07 VITRINA"},"content":{"rendered":"<p>SNOBI SB07 vitrina \u2013 eleganti\u0161kas ir stilingas bet kurio svetain\u0117s, poilsio kambario ar valgomojo aksesuaras. Ji suteiks bet kokiai erdvei klas\u0117s ir \u017eavesio. Stiklin\u0117 lentyna gali b\u016bti naudojama stalo \u012frankiams ar kitoms dekoracijoms eksponuoti (stiklin\u0117s lentynos maksimali apkrova \u2013 2 kg). Vid\u0173 galima ap\u0161viesti, sukuriant stulbinant\u012f efekt\u0105. Rakinama spintel\u0117 leid\u017eia laikyti ir tvarkyti daiktus, kurie neb\u016btinai turi b\u016bti matomi. Balta spalva kartu su nat\u016bralia med\u017eio spalva vizualiai su\u0161ildys erdv\u0119 ir suteiks jauki\u0105 atmosfer\u0105, suteikdama baldui lengvumo. Grioveliais dekoruotas priekis suteikia baldui unikal\u0173 charakter\u012f. Dar vienas negin\u010dijamas vitrinos privalumas \u2013 tamsios kojel\u0117s, kurios palengvina prie\u017ei\u016br\u0105 ir suteikia dizainui lengvumo. Vitrina idealiai tinka derinant su kitais SNOBI serijos baldais arba kaip atskiras baldas, leid\u017eiantis pritaikyti j\u0105 prie savo kambario interjero.<\/p>\n<p>Plotis 72,5 cm Gylis 39,5 cm Auk\u0161tis 197 cm Produkto svoris su pakuote 60,65 kg Gamintojo kodas \/ simbolis SB07 Kolekcijos pavadinimas SNOBI Produkto pakuo\u010di\u0173 skai\u010dius 3 Stilius Moderni \u012franga Surinkimo instrukcijos \/ surinkimo priedai Surinkimas Savaranki\u0161kam surinkimui Korpuso spalva auksin\u0117 \u201ecraft \u0105\u017euolas\u201c Vir\u0161utin\u0117 med\u017eiaga \/ tipas \/ storis laminuota med\u017eio dro\u017eli\u0173 plok\u0161t\u0117 22 mm Korpuso med\u017eiaga \/ tipas \/ storis laminuota med\u017eio dro\u017eli\u0173 plok\u0161t\u0117 16 mm Lentynos spalva auksin\u0117 \u201ecraft \u0105\u017euolas\u201c Lentynos med\u017eiaga \/ tipas \/ storis laminuota med\u017eio dro\u017eli\u0173 plok\u0161t\u0117 16 mm Lentyn\u0173 kiekis 3 Galin\u0117s sienel\u0117s matomos dalies spalva auksin\u0117 \u201ecraft \u0105\u017euolas\u201c Priekin\u0117 spalva auksin\u0117 \u201ecraft \u0105\u017euolas\u201c \/ blizgi alpi\u0173 balta Priekin\u0117 med\u017eiaga \/ tipas \/ storis med\u017eio dro\u017eli\u0173 plok\u0161t\u0117 16 mm \/ MDF 18 mm Priekin\u0117 rankena \/ med\u017eiaga \/ spalva metalas Glaz\u016bruota priekin\u0117 med\u017eiaga \/ spalva gr\u016bdintas stiklas antisol ruda Glaz\u016bruoto priekinio stiklo storis 4 mm Lentynos stiklo spalva flotacinis stiklas bespalvis Stiklin\u0117s lentynos stiklo storis 6 mm Stiklin\u0117s lentynos kiekis 1 Vidinis ap\u0161vietimas \u0161viesos spalva \u0161iltai balta \u0160velniai u\u017esidaranti dur\u0173 sistema Standartinis komplektas Kojel\u0117 \/ apdaila \/ spalva PLASTIKAS NEREGULIUOJAMAS<\/p>","protected":false},"excerpt":{"rendered":"<p>SNOBI SB07 vitrina yra eleganti\u0161kas ir stilingas bet kurio svetain\u0117s, poilsio kambario ar valgomojo aksesuaras. Ji suteiks bet kuriai erdvei klas\u0117s ir \u017eavesio. Stiklin\u0117 priekin\u0117 dalis gali b\u016bti naudojama stalo \u012frankiams ar kitoms dekoracijoms eksponuoti (stiklin\u0117s lentynos maksimali apkrova yra 2 kg). Vidus gali b\u016bti [\u2026]<\/p>","protected":false},"featured_media":257226,"comment_status":"open","ping_status":"open","template":"","meta":[],"product_brand":[],"product_cat":[2457,2006],"product_tag":[],"class_list":{"0":"post-257225","1":"product","2":"type-product","3":"status-publish","4":"has-post-thumbnail","6":"product_cat-liveo","7":"product_cat-vitrines","9":"first","10":"instock","11":"purchasable","12":"product-type-simple"},"_links":{"self":[{"href":"https:\/\/baldumarket.lt\/lt\/wp-json\/wp\/v2\/product\/257225","targetHints":{"allow":["GET"]}}],"collection":[{"href":"https:\/\/baldumarket.lt\/lt\/wp-json\/wp\/v2\/product"}],"about":[{"href":"https:\/\/baldumarket.lt\/lt\/wp-json\/wp\/v2\/types\/product"}],"replies":[{"embeddable":true,"href":"https:\/\/baldumarket.lt\/lt\/wp-json\/wp\/v2\/comments?post=257225"}],"wp:featuredmedia":[{"embeddable":true,"href":"https:\/\/baldumarket.lt\/lt\/wp-json\/wp\/v2\/media\/257226"}],"wp:attachment":[{"href":"https:\/\/baldumarket.lt\/lt\/wp-json\/wp\/v2\/media?parent=257225"}],"wp:term":[{"taxonomy":"product_brand","embeddable":true,"href":"https:\/\/baldumarket.lt\/lt\/wp-json\/wp\/v2\/product_brand?post=257225"},{"taxonomy":"product_cat","embeddable":true,"href":"https:\/\/baldumarket.lt\/lt\/wp-json\/wp\/v2\/product_cat?post=257225"},{"taxonomy":"product_tag","embeddable":true,"href":"https:\/\/baldumarket.lt\/lt\/wp-json\/wp\/v2\/product_tag?post=257225"}],"curies":[{"name":"wp","href":"https:\/\/api.w.org\/{rel}","templated":true}]}}