{"id":257222,"date":"2026-01-10T22:53:53","date_gmt":"2026-01-10T19:53:53","guid":{"rendered":"https:\/\/baldumarket.lt\/product\/snobi-sb06-witryna\/"},"modified":"2026-02-11T18:30:26","modified_gmt":"2026-02-11T15:30:26","slug":"snobi-sb06-witryna","status":"publish","type":"product","link":"https:\/\/baldumarket.lt\/lt\/product\/snobi-sb06-witryna\/","title":{"rendered":"SNOBI SB06 VITRINA"},"content":{"rendered":"<p>SNOBI SB06 vitrina puikiai tinka svetainei arba valgomajam, kai reikia papildomos vietos daiktams susid\u0117ti. I\u0161 dalies \u012fstiklintas fasadas leid\u017eia eksponuoti dekoratyvinius daiktus, nuotraukas ir atminimo dovan\u0117les. Viena i\u0161 lentyn\u0173 pagaminta i\u0161 gr\u016bdinto stiklo \u2013 galite prid\u0117ti LED ap\u0161vietim\u0105, kad sukurtum\u0117te unikali\u0105 atmosfer\u0105. U\u017e tvirt\u0173 fasad\u0173 yra lentynos, kurias galima naudoti kaip nedidel\u012f bar\u0105 arba kaip atskir\u0105 bald\u0105. Balta spalva kartu su nat\u016bralia med\u017eio spalva vizualiai su\u0161ildys erdv\u0119 ir suteiks jaukumo, suteikdama baldui lengvumo. Grioveliai spintel\u0117s priekyje suteikia baldui unikal\u0173 charakter\u012f. Kitas negin\u010dijamas vitrinos privalumas \u2013 tamsios kojel\u0117s, kurios palengvina organizavim\u0105 ir suteikia dizainui lengvumo. Vitrina idealiai dera su kitais SNOBI serijos baldais arba kaip atskiras baldas, leid\u017eiantis pritaikyti j\u0105 prie savo kambario interjero.<\/p>\n<p>Plotis 85 cm Gylis 39,5 cm Auk\u0161tis 145 cm Gaminio svoris su pakuote 52,25 kg Gamintojo kodas \/ simbolis SB06 Kolekcijos pavadinimas SNOBI Gaminio pakuo\u010di\u0173 skai\u010dius 3 Stilius Moderni \u012franga Surinkimo instrukcijos \/ surinkimo priedai Surinkimas Savaranki\u0161kam surinkimui Korpuso spalva auksin\u0117 \u201ecraft \u0105\u017euolas\u201c Vir\u0161utin\u0117 med\u017eiaga \/ tipas \/ storis laminuota med\u017eio dro\u017eli\u0173 plok\u0161t\u0117 22 mm Korpuso med\u017eiaga \/ tipas \/ storis laminuota med\u017eio dro\u017eli\u0173 plok\u0161t\u0117 16 mm Lentynos spalva auksin\u0117 \u201ecraft \u0105\u017euolas\u201c Lentynos med\u017eiaga \/ tipas \/ storis laminuota med\u017eio dro\u017eli\u0173 plok\u0161t\u0117 16 mm Lentyn\u0173 kiekis 3 Galin\u0117s sienel\u0117s matomos dalies spalva auksin\u0117 \u201ecraft \u0105\u017euolas\u201c Priekin\u0117 spalva auksin\u0117 \u201ecraft \u0105\u017euolas\u201c \/ blizgi alpi\u0173 balta Priekin\u0117 med\u017eiaga \/ tipas \/ storis med\u017eio dro\u017eli\u0173 plok\u0161t\u0117 16 mm \/ MDF 18 mm Priekin\u0117 rankena \/ med\u017eiaga \/ spalva metalas Glaz\u016bruota priekin\u0117 med\u017eiaga \/ gr\u016bdinto stiklo \u201eantisol\u201c ruda spalva Glaz\u016bruoto priekinio stiklo storis 4 mm Stiklin\u0117s lentynos stiklo spalva: bespalv\u0117 \u201efloat\u201c Stiklin\u0117 lentyna: stiklo storis: 6 mm Stiklin\u0117s lentynos kiekis: 1 Vidinis ap\u0161vietimas: \u0161viesi spalva: \u0161iltai balta \u0160velnaus u\u017edarymo dur\u0173 sistema: standartin\u0117 Kojel\u0117 \/ apdaila \/ spalva: PLASTIKAS NEREGULIUOJAMAS<\/p>","protected":false},"excerpt":{"rendered":"<p>SNOBI SB06 vitrina puikiai tinka svetainei ar valgomajam, kai reikia papildomos vietos daiktams. I\u0161 dalies \u012fstiklinta priekin\u0117 dalis leid\u017eia eksponuoti dekoratyvinius daiktus, nuotraukas ir atminimo dovan\u0117les. Viena i\u0161 lentyn\u0173 pagaminta i\u0161 gr\u016bdinto stiklo \u2013 galite prie jos prid\u0117ti LED ap\u0161vietim\u0105, kad gal\u0117tum\u0117te m\u0117gautis [\u2026]<\/p>","protected":false},"featured_media":257223,"comment_status":"open","ping_status":"open","template":"","meta":[],"product_brand":[],"product_cat":[2457,2006],"product_tag":[],"class_list":{"0":"post-257222","1":"product","2":"type-product","3":"status-publish","4":"has-post-thumbnail","6":"product_cat-liveo","7":"product_cat-vitrines","9":"first","10":"instock","11":"purchasable","12":"product-type-simple"},"_links":{"self":[{"href":"https:\/\/baldumarket.lt\/lt\/wp-json\/wp\/v2\/product\/257222","targetHints":{"allow":["GET"]}}],"collection":[{"href":"https:\/\/baldumarket.lt\/lt\/wp-json\/wp\/v2\/product"}],"about":[{"href":"https:\/\/baldumarket.lt\/lt\/wp-json\/wp\/v2\/types\/product"}],"replies":[{"embeddable":true,"href":"https:\/\/baldumarket.lt\/lt\/wp-json\/wp\/v2\/comments?post=257222"}],"wp:featuredmedia":[{"embeddable":true,"href":"https:\/\/baldumarket.lt\/lt\/wp-json\/wp\/v2\/media\/257223"}],"wp:attachment":[{"href":"https:\/\/baldumarket.lt\/lt\/wp-json\/wp\/v2\/media?parent=257222"}],"wp:term":[{"taxonomy":"product_brand","embeddable":true,"href":"https:\/\/baldumarket.lt\/lt\/wp-json\/wp\/v2\/product_brand?post=257222"},{"taxonomy":"product_cat","embeddable":true,"href":"https:\/\/baldumarket.lt\/lt\/wp-json\/wp\/v2\/product_cat?post=257222"},{"taxonomy":"product_tag","embeddable":true,"href":"https:\/\/baldumarket.lt\/lt\/wp-json\/wp\/v2\/product_tag?post=257222"}],"curies":[{"name":"wp","href":"https:\/\/api.w.org\/{rel}","templated":true}]}}