{"id":257218,"date":"2026-01-10T22:53:50","date_gmt":"2026-01-10T19:53:50","guid":{"rendered":"https:\/\/baldumarket.lt\/product\/snobi-sb05-kredens\/"},"modified":"2026-02-11T18:30:27","modified_gmt":"2026-02-11T15:30:27","slug":"snobi-sb05-kredens","status":"publish","type":"product","link":"https:\/\/baldumarket.lt\/lt\/product\/snobi-sb05-kredens\/","title":{"rendered":"SNOBI SB05 indauja"},"content":{"rendered":"<p>SNOBI SB05 indauja puikiai tinka kaip funkcionalus ir eksponuojantis baldas svetain\u0117je, svetain\u0117je ar valgomajame. Stikliniai fasadai kartu su vidin\u0117mis stiklin\u0117mis lentynomis leid\u017eia eksponuoti viduje esan\u010dius daiktus. Svarbus privalumas \u2013 galimyb\u0117 derinti LED ap\u0161vietim\u0105, kuris pary\u0161kina dekoro gro\u017e\u012f. U\u017e dureli\u0173 kair\u0117je pus\u0117je lentyna padalija erdv\u0119 \u012f dvi ni\u0161as. Balta spalva kartu su nat\u016bralios medienos spalva vizualiai su\u0161ildo erdv\u0119 ir sukuria jauki\u0105 atmosfer\u0105, suteikdama baldui lengvumo. Grioveliai spintel\u0117s priekyje suteikia baldui unikal\u0173 charakter\u012f. Kitas negin\u010dijamas indaujai b\u016bdingas privalumas \u2013 tamsios kojel\u0117s, kurios palengvina prie\u017ei\u016br\u0105 ir suteikia formai lengvumo. Indauja idealiai tinka derinti su kitais SNOBI serijos baldais arba naudoti kaip atskiras baldas, leid\u017eiantis j\u0105 pritaikyti prie savo kambario dizaino.<\/p>\n<p>Plotis 155,5 cm Gylis 39,5 cm Auk\u0161tis 90 cm Produkto svoris su pakuote 54,8 kg Gamintojo kodas \/ simbolis SB05 Kolekcijos pavadinimas SNOBI Produkto pakuo\u010di\u0173 skai\u010dius 3 Stilius Moderni \u012franga Surinkimo instrukcijos \/ surinkimo priedai Surinkimas Savaranki\u0161kam surinkimui Korpuso spalva auksin\u0117 \u201ecraft \u0105\u017euolas\u201c Vir\u0161utin\u0117 med\u017eiaga \/ tipas \/ storis laminuota med\u017eio dro\u017eli\u0173 plok\u0161t\u0117 22 mm Korpuso med\u017eiaga \/ tipas \/ storis laminuota med\u017eio dro\u017eli\u0173 plok\u0161t\u0117 16 mm Lentyn\u0173 med\u017eiaga \/ tipas \/ storis laminuota med\u017eio dro\u017eli\u0173 plok\u0161t\u0117 16 mm Lentyn\u0173 kiekis 1 Priekin\u0117s dalies spalva auksin\u0117 \u201ecraft \u0105\u017euolas\u201c \/ blizgi alpin\u0117 balta Priekin\u0117s dalies med\u017eiaga \/ tipas \/ storis med\u017eio dro\u017eli\u0173 plok\u0161t\u0117 16 mm \/ MDF 18 mm Priekin\u0117 rankena \/ med\u017eiaga \/ spalva metalas Glaz\u016bruotos priekin\u0117s dalies med\u017eiaga \/ stiklo spalva GR\u016aDINTA ANTISOL BRONZE Glaz\u016bruoto priekinio stiklo storis 4 mm Stiklin\u0117s lentynos stiklo spalva FLOAT CLEAR Stiklin\u0117s lentynos storis 6 mm stiklas Stiklini\u0173 lentyn\u0173 kiekis 2 Vidinio ap\u0161vietimo \u0161viesos spalva \u0160iltai balta \u0160velniai u\u017edaroma dur\u0173 sistema Standartinis komplektas Kojel\u0117 \/ apdaila \/ spalva PLASTIKAS NEREGULIUOJAMAS<\/p>","protected":false},"excerpt":{"rendered":"<p>SNOBI SB05 indauja puikiai tinka kaip funkcionalus ir eksponuojamas elementas svetain\u0117je, svetain\u0117je ar valgomajame. Stikliniai fasadai kartu su vidin\u0117mis stiklin\u0117mis lentynomis leid\u017eia eksponuoti viduje esan\u010dius daiktus. Svarbus privalumas \u2013 galimyb\u0117 derinti LED ap\u0161vietim\u0105, kuris pary\u0161kina dekoro gro\u017e\u012f. U\u017e dureli\u0173 [\u2026]<\/p>","protected":false},"featured_media":257219,"comment_status":"open","ping_status":"open","template":"","meta":[],"product_brand":[],"product_cat":[1173,2457],"product_tag":[],"class_list":{"0":"post-257218","1":"product","2":"type-product","3":"status-publish","4":"has-post-thumbnail","6":"product_cat-chests-of-drawers","7":"product_cat-liveo","9":"first","10":"instock","11":"purchasable","12":"product-type-simple"},"_links":{"self":[{"href":"https:\/\/baldumarket.lt\/lt\/wp-json\/wp\/v2\/product\/257218","targetHints":{"allow":["GET"]}}],"collection":[{"href":"https:\/\/baldumarket.lt\/lt\/wp-json\/wp\/v2\/product"}],"about":[{"href":"https:\/\/baldumarket.lt\/lt\/wp-json\/wp\/v2\/types\/product"}],"replies":[{"embeddable":true,"href":"https:\/\/baldumarket.lt\/lt\/wp-json\/wp\/v2\/comments?post=257218"}],"wp:featuredmedia":[{"embeddable":true,"href":"https:\/\/baldumarket.lt\/lt\/wp-json\/wp\/v2\/media\/257219"}],"wp:attachment":[{"href":"https:\/\/baldumarket.lt\/lt\/wp-json\/wp\/v2\/media?parent=257218"}],"wp:term":[{"taxonomy":"product_brand","embeddable":true,"href":"https:\/\/baldumarket.lt\/lt\/wp-json\/wp\/v2\/product_brand?post=257218"},{"taxonomy":"product_cat","embeddable":true,"href":"https:\/\/baldumarket.lt\/lt\/wp-json\/wp\/v2\/product_cat?post=257218"},{"taxonomy":"product_tag","embeddable":true,"href":"https:\/\/baldumarket.lt\/lt\/wp-json\/wp\/v2\/product_tag?post=257218"}],"curies":[{"name":"wp","href":"https:\/\/api.w.org\/{rel}","templated":true}]}}