{"id":257213,"date":"2026-01-10T22:53:47","date_gmt":"2026-01-10T19:53:47","guid":{"rendered":"https:\/\/baldumarket.lt\/product\/snobi-sb04-komoda\/"},"modified":"2026-02-11T18:30:27","modified_gmt":"2026-02-11T15:30:27","slug":"snobi-sb04-komoda","status":"publish","type":"product","link":"https:\/\/baldumarket.lt\/lt\/product\/snobi-sb04-komoda\/","title":{"rendered":"SNOBI SB04 komoda su stal\u010diais"},"content":{"rendered":"<p>Komoda SNOBI SB04 \u2013 tai unikalus ir nesenstantis dizaino elementas, kuris pravers bet kuriame svetain\u0117je ar valgomajame. Komoda turi du fasadus, u\u017e kuri\u0173 slypi viena plati lentyna. Kitoje pus\u0117je yra trys erdv\u016bs stal\u010diai. Komoda yra daugiau nei 150 cm plo\u010dio ir joje telpa dokumentai, nam\u0173 tekstil\u0117 ir kiti aksesuarai. Stalvir\u0161is taip pat gali b\u016bti naudojamas dekoracijoms ar g\u0117l\u0117ms eksponuoti. Baltos spalvos ir nat\u016bralios medienos gausa vizualiai su\u0161ildo erdv\u0119 ir sukuria jauki\u0105 atmosfer\u0105. Dar vienas svarbus komodos bruo\u017eas \u2013 tamsios kojel\u0117s, kurios padeda palaikyti tvark\u0105 ir suteikia dizainui lengvumo. Komoda puikiai dera su kitais SNOBI serijos baldais arba yra atskiras baldas, prisitaikantis prie j\u016bs\u0173 kambario interjero.<\/p>\n<p>Plotis 155,5 cm Gylis 39,5 cm Auk\u0161tis 90 cm Produkto svoris su pakuote 59 kg Gamintojo kodas \/ simbolis SB04 Kolekcijos pavadinimas SNOBI Produkto pakuo\u010di\u0173 skai\u010dius 3 Stilius Moderni \u012franga Surinkimo instrukcijos \/ surinkimo priedai Surinkimas Savaranki\u0161kam surinkimui Korpuso spalva auksin\u0117 \u201ecraft \u0105\u017euolas\u201c Vir\u0161utin\u0117 med\u017eiaga \/ tipas \/ storis laminuota med\u017eio dro\u017eli\u0173 plok\u0161t\u0117 22 mm Korpuso med\u017eiaga \/ tipas \/ storis laminuota med\u017eio dro\u017eli\u0173 plok\u0161t\u0117 16 mm Matomos galin\u0117s sienel\u0117s dalis auksin\u0117 \u201ecraft \u0105\u017euolas\u201c Priekin\u0117 spalva auksin\u0117 \u201ecraft \u0105\u017euolas\u201c \/ blizgi alpi\u0173 balta Priekin\u0117 med\u017eiaga \/ tipas \/ storis med\u017eio dro\u017eli\u0173 plok\u0161t\u0117 16 mm \/ MDF 18 mm Priekin\u0117 rankena \/ tipas \/ spalva metalin\u0117 \u0160velnaus u\u017edarymo dur\u0173 sistema Standarti\u0161kai Pilno i\u0161traukimo stal\u010di\u0173 b\u0117geliai Kojel\u0117 \/ tipas \/ spalva PLASTIKINIS NEREGULIUOJAMAS Stal\u010di\u0173 skai\u010dius 3<\/p>","protected":false},"excerpt":{"rendered":"<p>SNOBI SB04 komoda yra unikalus ir nesenstantis dizaino elementas, kuris pravers bet kurioje svetain\u0117je ar valgomajame. Komoda turi du priekius, u\u017e kuri\u0173 yra viena plati lentyna. Kitoje pus\u0117je yra trys erdv\u016bs stal\u010diai. Komoda yra daugiau nei 150 cm [\u2026]<\/p>","protected":false},"featured_media":257214,"comment_status":"open","ping_status":"open","template":"","meta":[],"product_brand":[],"product_cat":[1173,2457],"product_tag":[],"class_list":{"0":"post-257213","1":"product","2":"type-product","3":"status-publish","4":"has-post-thumbnail","6":"product_cat-chests-of-drawers","7":"product_cat-liveo","9":"first","10":"instock","11":"purchasable","12":"product-type-simple"},"_links":{"self":[{"href":"https:\/\/baldumarket.lt\/lt\/wp-json\/wp\/v2\/product\/257213","targetHints":{"allow":["GET"]}}],"collection":[{"href":"https:\/\/baldumarket.lt\/lt\/wp-json\/wp\/v2\/product"}],"about":[{"href":"https:\/\/baldumarket.lt\/lt\/wp-json\/wp\/v2\/types\/product"}],"replies":[{"embeddable":true,"href":"https:\/\/baldumarket.lt\/lt\/wp-json\/wp\/v2\/comments?post=257213"}],"wp:featuredmedia":[{"embeddable":true,"href":"https:\/\/baldumarket.lt\/lt\/wp-json\/wp\/v2\/media\/257214"}],"wp:attachment":[{"href":"https:\/\/baldumarket.lt\/lt\/wp-json\/wp\/v2\/media?parent=257213"}],"wp:term":[{"taxonomy":"product_brand","embeddable":true,"href":"https:\/\/baldumarket.lt\/lt\/wp-json\/wp\/v2\/product_brand?post=257213"},{"taxonomy":"product_cat","embeddable":true,"href":"https:\/\/baldumarket.lt\/lt\/wp-json\/wp\/v2\/product_cat?post=257213"},{"taxonomy":"product_tag","embeddable":true,"href":"https:\/\/baldumarket.lt\/lt\/wp-json\/wp\/v2\/product_tag?post=257213"}],"curies":[{"name":"wp","href":"https:\/\/api.w.org\/{rel}","templated":true}]}}