{"id":257209,"date":"2026-01-10T22:53:44","date_gmt":"2026-01-10T19:53:44","guid":{"rendered":"https:\/\/baldumarket.lt\/product\/snobi-sb03-komoda\/"},"modified":"2026-02-11T18:30:27","modified_gmt":"2026-02-11T15:30:27","slug":"snobi-sb03-komoda","status":"publish","type":"product","link":"https:\/\/baldumarket.lt\/lt\/product\/snobi-sb03-komoda\/","title":{"rendered":"SNOBI SB03 komoda su stal\u010diais"},"content":{"rendered":"<p>Komoda SNOBI SB03 puikiai atrodys ir papildys j\u016bs\u0173 erdv\u0119, kad ir kur j\u0105 pastatytum\u0117te \u2013 svetain\u0117je ar prie\u0161kambaryje. Erdviame stal\u010diuje tvarkingai tilps j\u016bs\u0173 \u012fkrovikliai, servet\u0117l\u0117s ir kiti reikalingi daiktai. Du rakinami skyriai su lentynomis leid\u017eia optimaliai sutvarkyti b\u016btiniausius daiktus. Nat\u016brali med\u017eio spalva ir grioveliais i\u0161rai\u017eytas priekis vizualiai su\u0161ildo erdv\u0119 ir sukuria jauki\u0105 atmosfer\u0105. Dar vienas svarbus komodos bruo\u017eas \u2013 tamsios kojel\u0117s, kurios palengvina tvark\u0105 ir suteikia dizainui lengvumo. Komoda puikiai der\u0117s su kitais SNOBI serijos baldais arba bus naudojama kaip atskiras baldas, prisitaikantis prie j\u016bs\u0173 kambario interjero.<\/p>\n<p>Plotis 114 cm Gylis 39,5 cm Auk\u0161tis 90 cm Produkto svoris su pakuote 42,7 kg Gamintojo kodas \/ simbolis SB03 Kolekcijos pavadinimas SNOBI Produkto pakuo\u010di\u0173 skai\u010dius 3 Stilius Moderni \u012franga Surinkimo instrukcijos \/ surinkimo priedai Surinkimas Savaranki\u0161kam surinkimui Korpuso spalva auksin\u0117 \u201ecraft \u0105\u017euolas\u201c Vir\u0161utin\u0117 med\u017eiaga \/ tipas \/ storis laminuota med\u017eio dro\u017eli\u0173 plok\u0161t\u0117 22 mm Korpuso med\u017eiaga \/ tipas \/ storis laminuota med\u017eio dro\u017eli\u0173 plok\u0161t\u0117 16 mm Lentyn\u0173 med\u017eiaga \/ tipas \/ storis laminuota med\u017eio dro\u017eli\u0173 plok\u0161t\u0117 16 mm Lentyn\u0173 kiekis 1 Priekin\u0117s dalies spalva auksin\u0117 \u201ecraft \u0105\u017euolas\u201c \/ blizgi alpin\u0117 balta Priekin\u0117s dalies med\u017eiaga \/ tipas \/ storis med\u017eio dro\u017eli\u0173 plok\u0161t\u0117 16 mm \/ MDF 18 mm Priekin\u0117 rankena \/ tipas \/ spalva metalin\u0117 \u0160velnaus u\u017edarymo dur\u0173 sistema Standarti\u0161kai Pilno i\u0161traukimo stal\u010di\u0173 b\u0117geliai Kojel\u0117 \/ tipas \/ spalva PLASTIKINIS NEREGULIUOJAMAS Stal\u010di\u0173 skai\u010dius 1<\/p>","protected":false},"excerpt":{"rendered":"<p>Komoda SNOBI SB03 puikiai atrodys ir papildys j\u016bs\u0173 erdv\u0119, kad ir kur j\u0105 pastatytum\u0117te \u2013 svetain\u0117je ar prie\u0161kambaryje. Erdviame stal\u010diuje tvarkingai tilps j\u016bs\u0173 \u012fkrovikliai, servet\u0117l\u0117s ir kiti reikalingi daiktai. Du u\u017erakinami skyriai su lentynomis leid\u017eia optimaliai sutvarkyti b\u016btiniausius daiktus. Nat\u016brali med\u017eio spalva ir grioveliais i\u0161rai\u017eytas priekis vizualiai [\u2026]<\/p>","protected":false},"featured_media":257210,"comment_status":"open","ping_status":"open","template":"","meta":[],"product_brand":[],"product_cat":[1173,2457],"product_tag":[],"class_list":{"0":"post-257209","1":"product","2":"type-product","3":"status-publish","4":"has-post-thumbnail","6":"product_cat-chests-of-drawers","7":"product_cat-liveo","9":"first","10":"instock","11":"purchasable","12":"product-type-simple"},"_links":{"self":[{"href":"https:\/\/baldumarket.lt\/lt\/wp-json\/wp\/v2\/product\/257209","targetHints":{"allow":["GET"]}}],"collection":[{"href":"https:\/\/baldumarket.lt\/lt\/wp-json\/wp\/v2\/product"}],"about":[{"href":"https:\/\/baldumarket.lt\/lt\/wp-json\/wp\/v2\/types\/product"}],"replies":[{"embeddable":true,"href":"https:\/\/baldumarket.lt\/lt\/wp-json\/wp\/v2\/comments?post=257209"}],"wp:featuredmedia":[{"embeddable":true,"href":"https:\/\/baldumarket.lt\/lt\/wp-json\/wp\/v2\/media\/257210"}],"wp:attachment":[{"href":"https:\/\/baldumarket.lt\/lt\/wp-json\/wp\/v2\/media?parent=257209"}],"wp:term":[{"taxonomy":"product_brand","embeddable":true,"href":"https:\/\/baldumarket.lt\/lt\/wp-json\/wp\/v2\/product_brand?post=257209"},{"taxonomy":"product_cat","embeddable":true,"href":"https:\/\/baldumarket.lt\/lt\/wp-json\/wp\/v2\/product_cat?post=257209"},{"taxonomy":"product_tag","embeddable":true,"href":"https:\/\/baldumarket.lt\/lt\/wp-json\/wp\/v2\/product_tag?post=257209"}],"curies":[{"name":"wp","href":"https:\/\/api.w.org\/{rel}","templated":true}]}}