{"id":257203,"date":"2026-01-10T22:53:41","date_gmt":"2026-01-10T19:53:41","guid":{"rendered":"https:\/\/baldumarket.lt\/product\/snobi-sb02-komoda\/"},"modified":"2026-02-11T18:30:27","modified_gmt":"2026-02-11T15:30:27","slug":"snobi-sb02-komoda","status":"publish","type":"product","link":"https:\/\/baldumarket.lt\/lt\/product\/snobi-sb02-komoda\/","title":{"rendered":"SNOBI SB02 komoda"},"content":{"rendered":"<p>Komoda SNOBI SB02 puikiai tiks j\u016bs\u0173 svetainei ar bet kuriam kitam kambariui. Komoda turi du erdvius, rakinamus skyrius su lentynomis ir stal\u010diumi, kuriuose gal\u0117site susitvarkyti b\u016btiniausius daiktus. D\u0117l ma\u017eo plo\u010dio ji tilps net ir ma\u017eoje erdv\u0117je. Grioveliai spintel\u0117s priekyje suteikia svetain\u0117s zonai unikal\u0173 charakter\u012f. Nat\u016brali med\u017eio spalva vizualiai su\u0161ildo erdv\u0119 ir sukuria jauki\u0105 atmosfer\u0105. Dar vienas svarbus komodos bruo\u017eas \u2013 tamsios kojel\u0117s, kurios leid\u017eia lengvai palaikyti tvark\u0105 ir suteikia dizainui lengvumo. \u0160i minimalistin\u0117 komoda puikiai dera su kitais SNOBI serijos baldais arba yra atskiras baldas, prisitaikantis prie j\u016bs\u0173 kambario interjero.<\/p>\n<p>Plotis 85 cm Gylis 39,5 cm Auk\u0161tis 90 cm Gaminio svoris su pakuote 34,7 kg Gamintojo kodas \/ simbolis SB02 Kolekcijos pavadinimas SNOBI Gaminio pakuo\u010di\u0173 skai\u010dius 2 Stilius Moderni \u012eranga Surinkimo instrukcijos \/ surinkimo priedai Surinkimas Savaranki\u0161kam surinkimui Korpuso spalva auksin\u0117 \u201ecraft \u0105\u017euolas\u201c Vir\u0161utin\u0117s med\u017eiagos tipas \/ tipas \/ storis laminuota med\u017eio dro\u017eli\u0173 plok\u0161t\u0117 22 mm Korpuso med\u017eiaga \/ tipas \/ storis laminuota med\u017eio dro\u017eli\u0173 plok\u0161t\u0117 16 mm Lentynos spalva auksin\u0117 \u201ecraft \u0105\u017euolas\u201c Lentynos med\u017eiaga \/ tipas \/ storis laminuota med\u017eio dro\u017eli\u0173 plok\u0161t\u0117 16 mm Lentyn\u0173 kiekis 1 Galin\u0117s sienel\u0117s matomos dalies spalva auksin\u0117 \u201ecraft \u0105\u017euolas\u201c Priekin\u0117s spalvos auksin\u0117 \u201ecraft \u0105\u017euolas\u201c \/ blizgi alpi\u0173 balta Priekin\u0117s med\u017eiagos tipas \/ tipas \/ storis 16 mm med\u017eio dro\u017eli\u0173 plok\u0161t\u0117 \/ 18 mm MDF Priekin\u0117 rankena \/ tipas \/ spalva metalin\u0117 \u0160velnaus u\u017edarymo dur\u0173 sistema Standartin\u0117 Pilno i\u0161traukimo stal\u010di\u0173 b\u0117geliai Kojel\u0117 \/ tipas \/ spalva PLASTIKAS NEREGULIUOJAMAS<\/p>","protected":false},"excerpt":{"rendered":"<p>SNOBI SB02 komoda puikiai tiks j\u016bs\u0173 svetainei ar bet kuriam kitam kambariui. Komoda turi du erdvius, u\u017erakinamus skyrius su lentynomis ir stal\u010diumi, kuriuose gal\u0117site susitvarkyti b\u016btiniausius daiktus. D\u0117l ma\u017eo plo\u010dio ji tilps net ir ma\u017eoje erdv\u0117je. Grioveliai [\u2026]<\/p>","protected":false},"featured_media":257204,"comment_status":"open","ping_status":"open","template":"","meta":[],"product_brand":[],"product_cat":[1173,2457],"product_tag":[],"class_list":{"0":"post-257203","1":"product","2":"type-product","3":"status-publish","4":"has-post-thumbnail","6":"product_cat-chests-of-drawers","7":"product_cat-liveo","9":"first","10":"instock","11":"purchasable","12":"product-type-simple"},"_links":{"self":[{"href":"https:\/\/baldumarket.lt\/lt\/wp-json\/wp\/v2\/product\/257203","targetHints":{"allow":["GET"]}}],"collection":[{"href":"https:\/\/baldumarket.lt\/lt\/wp-json\/wp\/v2\/product"}],"about":[{"href":"https:\/\/baldumarket.lt\/lt\/wp-json\/wp\/v2\/types\/product"}],"replies":[{"embeddable":true,"href":"https:\/\/baldumarket.lt\/lt\/wp-json\/wp\/v2\/comments?post=257203"}],"wp:featuredmedia":[{"embeddable":true,"href":"https:\/\/baldumarket.lt\/lt\/wp-json\/wp\/v2\/media\/257204"}],"wp:attachment":[{"href":"https:\/\/baldumarket.lt\/lt\/wp-json\/wp\/v2\/media?parent=257203"}],"wp:term":[{"taxonomy":"product_brand","embeddable":true,"href":"https:\/\/baldumarket.lt\/lt\/wp-json\/wp\/v2\/product_brand?post=257203"},{"taxonomy":"product_cat","embeddable":true,"href":"https:\/\/baldumarket.lt\/lt\/wp-json\/wp\/v2\/product_cat?post=257203"},{"taxonomy":"product_tag","embeddable":true,"href":"https:\/\/baldumarket.lt\/lt\/wp-json\/wp\/v2\/product_tag?post=257203"}],"curies":[{"name":"wp","href":"https:\/\/api.w.org\/{rel}","templated":true}]}}