{"id":257195,"date":"2026-01-10T22:53:38","date_gmt":"2026-01-10T19:53:38","guid":{"rendered":"https:\/\/baldumarket.lt\/product\/snobi-sb01-rtv\/"},"modified":"2026-02-11T18:30:27","modified_gmt":"2026-02-11T15:30:27","slug":"snobi-sb01-rtv","status":"publish","type":"product","link":"https:\/\/baldumarket.lt\/lt\/product\/snobi-sb01-rtv\/","title":{"rendered":"SNOBI SB01 RTV"},"content":{"rendered":"<p>SNOBI SB01 televizoriaus staliukas \u2013 prakti\u0161kas baldas, kuris puikiai tiks tiek svetain\u0117je, tiek valgomajame. Jame yra atvira ni\u0161a televizoriaus \u012frangai, erdvus stal\u010dius smulkiems daiktams ir dvi u\u017erakinamos spintel\u0117s \u0161onuose, puikiai tinkan\u010dios visiems reikalingiems daiktams susid\u0117ti. 155,5 cm ilgis leid\u017eia pastatyti tikrai didel\u012f televizori\u0173, o minimalistinis dizainas leid\u017eia visi\u0161kai sutelkti d\u0117mes\u012f \u012f \u017ei\u016brimo filmo veiksm\u0105. Grioveliai stovo priekyje suteikia s\u0117dimajai zonai unikal\u0173 charakter\u012f. Nat\u016brali med\u017eio spalva vizualiai su\u0161ildo erdv\u0119 ir sukuria jauki\u0105 atmosfer\u0105. Dar vienas svarbus televizoriaus staliuko bruo\u017eas \u2013 tamsios kojel\u0117s, kurios palengvina tvark\u0105 ir suteikia dizainui lengvumo. Televizoriaus staliukas puikiai dera su kitais SNOBI serijos baldais.<\/p>\n<p>Plotis 155,5 cm Gylis 39,5 cm Auk\u0161tis 56,5 cm Produkto svoris su pakuote 39,9 kg Gamintojo kodas \/ simbolis SB01 Kolekcijos pavadinimas SNOBI Produkto pakuo\u010di\u0173 skai\u010dius 3 Stilius Moderni \u012franga Surinkimo instrukcijos \/ surinkimo priedai Surinkimas Savaranki\u0161kam surinkimui Korpuso spalva GOLDEN CRAFT OAK Vir\u0161utin\u0117s dalies med\u017eiaga \/ tipas \/ storis laminuota med\u017eio dro\u017eli\u0173 plok\u0161t\u0117 22 mm Korpuso med\u017eiaga \/ tipas \/ storis Laminuota med\u017eio dro\u017eli\u0173 plok\u0161t\u0117 16 mm Galin\u0117s sienel\u0117s matomos dalies spalva GOLDEN CRAFT OAK Priekin\u0117s spalvos GOLDEN CRAFT OAK \/ BLIZGI ALPI\u0172 WHITE Priekin\u0117s med\u017eiagos \/ tipas \/ storis 16 mm MED\u017dIO PLOK\u0160T\u0116 \/ 18 mm MDF Priekin\u0117 rankena \/ tipas \/ spalva metalin\u0117 Skyl\u0117 RTV laidams 50 mm Pilno i\u0161traukimo stal\u010di\u0173 b\u0117geliai Kojel\u0117 \/ tipas \/ spalva PLASTIKAS BE REGULIAVIMO Stal\u010di\u0173 skai\u010dius 1<\/p>","protected":false},"excerpt":{"rendered":"<p>SNOBI SB01 televizoriaus staliukas yra prakti\u0161kas baldas, kuris puikiai tiks tiek svetain\u0117je, tiek valgomajame. Jame yra atvira ni\u0161a televizoriaus \u012frangai, erdvus stal\u010dius smulkiems daiktams ir dvi u\u017erakinamos spintel\u0117s \u0161onuose, puikiai tinkan\u010dios visiems reikalingiems daiktams laikyti. Jo 155,5 cm ilgis [\u2026]<\/p>","protected":false},"featured_media":257196,"comment_status":"open","ping_status":"open","template":"","meta":[],"product_brand":[],"product_cat":[2457,1175],"product_tag":[],"class_list":{"0":"post-257195","1":"product","2":"type-product","3":"status-publish","4":"has-post-thumbnail","6":"product_cat-liveo","7":"product_cat-tv-stands","9":"first","10":"instock","11":"purchasable","12":"product-type-simple"},"_links":{"self":[{"href":"https:\/\/baldumarket.lt\/lt\/wp-json\/wp\/v2\/product\/257195","targetHints":{"allow":["GET"]}}],"collection":[{"href":"https:\/\/baldumarket.lt\/lt\/wp-json\/wp\/v2\/product"}],"about":[{"href":"https:\/\/baldumarket.lt\/lt\/wp-json\/wp\/v2\/types\/product"}],"replies":[{"embeddable":true,"href":"https:\/\/baldumarket.lt\/lt\/wp-json\/wp\/v2\/comments?post=257195"}],"wp:featuredmedia":[{"embeddable":true,"href":"https:\/\/baldumarket.lt\/lt\/wp-json\/wp\/v2\/media\/257196"}],"wp:attachment":[{"href":"https:\/\/baldumarket.lt\/lt\/wp-json\/wp\/v2\/media?parent=257195"}],"wp:term":[{"taxonomy":"product_brand","embeddable":true,"href":"https:\/\/baldumarket.lt\/lt\/wp-json\/wp\/v2\/product_brand?post=257195"},{"taxonomy":"product_cat","embeddable":true,"href":"https:\/\/baldumarket.lt\/lt\/wp-json\/wp\/v2\/product_cat?post=257195"},{"taxonomy":"product_tag","embeddable":true,"href":"https:\/\/baldumarket.lt\/lt\/wp-json\/wp\/v2\/product_tag?post=257195"}],"curies":[{"name":"wp","href":"https:\/\/api.w.org\/{rel}","templated":true}]}}