{"id":257193,"date":"2026-01-10T22:53:35","date_gmt":"2026-01-10T19:53:35","guid":{"rendered":"https:\/\/baldumarket.lt\/product\/sandy-s11-stol-rozkladany\/"},"modified":"2026-02-11T18:30:27","modified_gmt":"2026-02-11T15:30:27","slug":"sandy-s11-stol-rozkladany","status":"publish","type":"product","link":"https:\/\/baldumarket.lt\/lt\/product\/sandy-s11-stol-rozkladany\/","title":{"rendered":"SANDY S11 I\u0160PL\u0116STAMAS STALAS"},"content":{"rendered":"<p>SANDY S11 stalas puikiai tinka svetainei, valgomajam ar virtuvei. Jo privalumas \u2013 papildomas prailginimas, leid\u017eiantis prailginti stalvir\u0161\u012f nuo 160 iki 200 cm, taip sukuriant papildomos vietos stalo \u012frankiams, indams ir dekoratyviniams aksesuarams. Paprastas stalo stilius papildo bet kok\u012f interjer\u0105, o \u201eGrandson\u201c \u0105\u017euolo spalva d\u017eiugina nat\u016bralios, medin\u0117s i\u0161vaizdos gerb\u0117jus. Stalas idealiai tinka derinti su kitais SANDY serijos baldais arba kaip atskiras baldas, prisitaikantis prie j\u016bs\u0173 kambario dizaino.<\/p>\n<p>Plotis 90 cm Ilgis 160-200 cm Auk\u0161tis 76 cm Produkto svoris su pakuote 53,5 kg Gamintojo kodas \/ simbolis S11 Kolekcijos pavadinimas SANDY Sulankstoma TAIP Produkto pakuo\u010di\u0173 skai\u010dius 3 Stilius Moderni \u012franga Surinkimo instrukcijos \/ surinkimo priedai Surinkimas Savaranki\u0161kam surinkimui Kojel\u0117 \/ dizainas \/ spalvos SLIDE<\/p>","protected":false},"excerpt":{"rendered":"<p>SANDY S11 stalas puikiai tinka svetainei, valgomajam ar virtuvei. Jo privalumas \u2013 papildomas prailginimas, leid\u017eiantis prailginti stalvir\u0161\u012f nuo 160 iki 200 cm, taip sukuriant papildomos vietos stalo \u012frankiams, indams ir dekoratyviniams aksesuarams. Paprastas stalo stilius dera prie bet kokio interjero, o \u201eGrandson\u201c \u0105\u017euolo spalva yra [\u2026]<\/p>","protected":false},"featured_media":257176,"comment_status":"open","ping_status":"open","template":"","meta":[],"product_brand":[],"product_cat":[2457,1934],"product_tag":[],"class_list":{"0":"post-257193","1":"product","2":"type-product","3":"status-publish","4":"has-post-thumbnail","6":"product_cat-liveo","7":"product_cat-tables","9":"first","10":"instock","11":"product-type-simple"},"_links":{"self":[{"href":"https:\/\/baldumarket.lt\/lt\/wp-json\/wp\/v2\/product\/257193","targetHints":{"allow":["GET"]}}],"collection":[{"href":"https:\/\/baldumarket.lt\/lt\/wp-json\/wp\/v2\/product"}],"about":[{"href":"https:\/\/baldumarket.lt\/lt\/wp-json\/wp\/v2\/types\/product"}],"replies":[{"embeddable":true,"href":"https:\/\/baldumarket.lt\/lt\/wp-json\/wp\/v2\/comments?post=257193"}],"wp:featuredmedia":[{"embeddable":true,"href":"https:\/\/baldumarket.lt\/lt\/wp-json\/wp\/v2\/media\/257176"}],"wp:attachment":[{"href":"https:\/\/baldumarket.lt\/lt\/wp-json\/wp\/v2\/media?parent=257193"}],"wp:term":[{"taxonomy":"product_brand","embeddable":true,"href":"https:\/\/baldumarket.lt\/lt\/wp-json\/wp\/v2\/product_brand?post=257193"},{"taxonomy":"product_cat","embeddable":true,"href":"https:\/\/baldumarket.lt\/lt\/wp-json\/wp\/v2\/product_cat?post=257193"},{"taxonomy":"product_tag","embeddable":true,"href":"https:\/\/baldumarket.lt\/lt\/wp-json\/wp\/v2\/product_tag?post=257193"}],"curies":[{"name":"wp","href":"https:\/\/api.w.org\/{rel}","templated":true}]}}