{"id":257191,"date":"2026-01-10T22:53:33","date_gmt":"2026-01-10T19:53:33","guid":{"rendered":"https:\/\/baldumarket.lt\/product\/sandy-s10-lawa-rozkladana\/"},"modified":"2026-02-11T18:30:27","modified_gmt":"2026-02-11T15:30:27","slug":"sandy-s10-lawa-rozkladana","status":"publish","type":"product","link":"https:\/\/baldumarket.lt\/lt\/product\/sandy-s10-lawa-rozkladana\/","title":{"rendered":"SANDY S10 SULANKSTOMAS SUOLAS"},"content":{"rendered":"<p>SANDY S10 kavos staliukas yra b\u016btinas bet kurio svetain\u0117s ar darbo kambario aksesuaras. D\u0117l i\u0161traukiamo dizaino jis puikiai tinka tiek kasdieniam naudojimui, tiek didesniems susib\u016brimams ir \u0161vent\u0117ms. Erdvus stalvir\u0161is suteikia vietos arbatai, kavai, u\u017ekand\u017eiams ir g\u0117rimams. Modernus pagrindo ir kolonos formos r\u0117mo dizainas yra \u012fsp\u016bdingas ir u\u017etikrina pakankam\u0105 stabilum\u0105. \u201eGrandson Oak\u201c spalva patiks nat\u016bralios, medin\u0117s i\u0161vaizdos gerb\u0117jams. Kavos staliukas puikiai dera su kitais SANDY serijos baldais arba yra atskiras baldas, prisitaikantis prie j\u016bs\u0173 kambario interjero.<\/p>\n<p>Plotis 68 cm Ilgis 114-114 cm Auk\u0161tis 52 cm Produkto svoris su pakuote 39,15 kg Gamintojo kodas \/ simbolis S10 Kolekcijos pavadinimas SANDY Sulankstoma TAIP Produkto pakuo\u010di\u0173 skai\u010dius 3 Stilius Moderni \u012franga Surinkimo instrukcijos \/ surinkimo priedai Surinkimas Savaranki\u0161kam surinkimui Kojel\u0117 \/ dizainas \/ spalvos SLIDE<\/p>","protected":false},"excerpt":{"rendered":"<p>SANDY S10 kavos staliukas yra b\u016btinas bet kurio svetain\u0117s ar darbo kambario aksesuaras. D\u0117l i\u0161traukiamo dizaino jis puikiai tinka tiek kasdieniam naudojimui, tiek didesniems susib\u016brimams ir \u0161vent\u0117ms. Erdvus stalvir\u0161is suteikia vietos arbatai, kavai, u\u017ekand\u017eiams ir g\u0117rimams. Modernus pagrindo ir koloninio r\u0117mo dizainas yra \u012fsp\u016bdingas [\u2026]<\/p>","protected":false},"featured_media":254879,"comment_status":"open","ping_status":"open","template":"","meta":[],"product_brand":[],"product_cat":[866,2457],"product_tag":[],"class_list":{"0":"post-257191","1":"product","2":"type-product","3":"status-publish","4":"has-post-thumbnail","6":"product_cat-coffee-tables","7":"product_cat-liveo","9":"first","10":"instock","11":"product-type-simple"},"_links":{"self":[{"href":"https:\/\/baldumarket.lt\/lt\/wp-json\/wp\/v2\/product\/257191","targetHints":{"allow":["GET"]}}],"collection":[{"href":"https:\/\/baldumarket.lt\/lt\/wp-json\/wp\/v2\/product"}],"about":[{"href":"https:\/\/baldumarket.lt\/lt\/wp-json\/wp\/v2\/types\/product"}],"replies":[{"embeddable":true,"href":"https:\/\/baldumarket.lt\/lt\/wp-json\/wp\/v2\/comments?post=257191"}],"wp:featuredmedia":[{"embeddable":true,"href":"https:\/\/baldumarket.lt\/lt\/wp-json\/wp\/v2\/media\/254879"}],"wp:attachment":[{"href":"https:\/\/baldumarket.lt\/lt\/wp-json\/wp\/v2\/media?parent=257191"}],"wp:term":[{"taxonomy":"product_brand","embeddable":true,"href":"https:\/\/baldumarket.lt\/lt\/wp-json\/wp\/v2\/product_brand?post=257191"},{"taxonomy":"product_cat","embeddable":true,"href":"https:\/\/baldumarket.lt\/lt\/wp-json\/wp\/v2\/product_cat?post=257191"},{"taxonomy":"product_tag","embeddable":true,"href":"https:\/\/baldumarket.lt\/lt\/wp-json\/wp\/v2\/product_tag?post=257191"}],"curies":[{"name":"wp","href":"https:\/\/api.w.org\/{rel}","templated":true}]}}