{"id":257190,"date":"2026-01-10T22:53:30","date_gmt":"2026-01-10T19:53:30","guid":{"rendered":"https:\/\/baldumarket.lt\/product\/sandy-s09-polka-wiszaca\/"},"modified":"2026-02-11T18:30:27","modified_gmt":"2026-02-11T15:30:27","slug":"sandy-s09-polka-wiszaca","status":"publish","type":"product","link":"https:\/\/baldumarket.lt\/lt\/product\/sandy-s09-polka-wiszaca\/","title":{"rendered":"SANDY S09 PAKABINAMA LENTYNA"},"content":{"rendered":"<p>SANDY S09 lentyna \u2013 puikus b\u016bdas prakti\u0161kai sutvarkyti ir papuo\u0161ti tu\u0161\u010di\u0105 sien\u0105. Ji puikiai dera tiek prie modernaus, tiek prie klasikinio interjero. \u201eGrandson Oak\u201c spalva \u2013 tai malonumas nat\u016bralios, medin\u0117s i\u0161vaizdos gerb\u0117jams. Lentyna puikiai dera su kitais SANDY serijos baldais arba yra atskiras baldas, prisitaikantis prie j\u016bs\u0173 kambario dizaino.<\/p>\n<p>Plotis 150 cm Gylis 23 cm Auk\u0161tis 22 cm Gaminio svoris su pakuote 8,35 kg Gamintojo kodas \/ simbolis S09 Kolekcijos pavadinimas SANDY Gaminio pakuo\u010di\u0173 skai\u010dius 1 Stilius Moderni \u012franga Surinkimo instrukcijos \/ surinkimo priedai Surinkimas Savaranki\u0161kam surinkimui<\/p>","protected":false},"excerpt":{"rendered":"<p>SANDY S09 lentyna \u2013 puikus b\u016bdas prakti\u0161kai sutvarkyti ir papuo\u0161ti tu\u0161\u010di\u0105 sien\u0105. Ji puikiai dera tiek prie modernaus, tiek prie klasikinio interjero. \u201eGrandson Oak\u201c spalva \u2013 tai malonumas nat\u016bralios, medin\u0117s i\u0161vaizdos gerb\u0117jams. Lentyna puikiai dera su kitais SANDY serijos baldais arba kaip [\u2026]<\/p>","protected":false},"featured_media":257169,"comment_status":"open","ping_status":"open","template":"","meta":[],"product_brand":[],"product_cat":[1174,2457],"product_tag":[],"class_list":{"0":"post-257190","1":"product","2":"type-product","3":"status-publish","4":"has-post-thumbnail","6":"product_cat-hanging-shelves","7":"product_cat-liveo","9":"first","10":"instock","11":"product-type-simple"},"_links":{"self":[{"href":"https:\/\/baldumarket.lt\/lt\/wp-json\/wp\/v2\/product\/257190","targetHints":{"allow":["GET"]}}],"collection":[{"href":"https:\/\/baldumarket.lt\/lt\/wp-json\/wp\/v2\/product"}],"about":[{"href":"https:\/\/baldumarket.lt\/lt\/wp-json\/wp\/v2\/types\/product"}],"replies":[{"embeddable":true,"href":"https:\/\/baldumarket.lt\/lt\/wp-json\/wp\/v2\/comments?post=257190"}],"wp:featuredmedia":[{"embeddable":true,"href":"https:\/\/baldumarket.lt\/lt\/wp-json\/wp\/v2\/media\/257169"}],"wp:attachment":[{"href":"https:\/\/baldumarket.lt\/lt\/wp-json\/wp\/v2\/media?parent=257190"}],"wp:term":[{"taxonomy":"product_brand","embeddable":true,"href":"https:\/\/baldumarket.lt\/lt\/wp-json\/wp\/v2\/product_brand?post=257190"},{"taxonomy":"product_cat","embeddable":true,"href":"https:\/\/baldumarket.lt\/lt\/wp-json\/wp\/v2\/product_cat?post=257190"},{"taxonomy":"product_tag","embeddable":true,"href":"https:\/\/baldumarket.lt\/lt\/wp-json\/wp\/v2\/product_tag?post=257190"}],"curies":[{"name":"wp","href":"https:\/\/api.w.org\/{rel}","templated":true}]}}