{"id":257189,"date":"2026-01-10T22:53:27","date_gmt":"2026-01-10T19:53:27","guid":{"rendered":"https:\/\/baldumarket.lt\/product\/sandy-s08-polka-wiszaca\/"},"modified":"2026-02-11T18:30:27","modified_gmt":"2026-02-11T15:30:27","slug":"sandy-s08-polka-wiszaca","status":"publish","type":"product","link":"https:\/\/baldumarket.lt\/lt\/product\/sandy-s08-polka-wiszaca\/","title":{"rendered":"SANDY S08 PAKABINAMA LENTYNA"},"content":{"rendered":"<p>SANDY S08 lentyna puikiai tinka bet kuriai svetainei ar valgomajam. Paprasto dizaino d\u0117ka ji puikiai dera prie bet kokio interjero. Joje patogiai laikomi \u012fvair\u016bs smulk\u016bs daiktai. \u201eGrandson Oak\u201c spalva \u2013 tikras malonumas nat\u016bralios medienos gerb\u0117jams. Ji puikiai dera su kitais SANDY serijos baldais arba yra atskira lentyna, prisitaikanti prie j\u016bs\u0173 kambario dekoro.<\/p>\n<p>Plotis 91,5 cm Gylis 23 cm Auk\u0161tis 22 cm Gaminio svoris su pakuote 5,2 kg Gamintojo kodas \/ simbolis S08 Kolekcijos pavadinimas SANDY Gaminio pakuo\u010di\u0173 skai\u010dius 1 Stilius Moderni \u012franga Surinkimo instrukcijos \/ surinkimo priedai Surinkimas Savaranki\u0161kam surinkimui<\/p>","protected":false},"excerpt":{"rendered":"<p>SANDY S08 lentyna puikiai tinka bet kuriai svetainei ar valgomajam. Paprasto dizaino d\u0117ka ji puikiai dera prie bet kokio interjero. Joje galima patogiai laikyti \u012fvairius smulkius daiktus. \u201eGrandson Oak\u201c spalva \u2013 tikras malonumas nat\u016bralios, medin\u0117s i\u0161vaizdos gerb\u0117jams. Ji puikiai dera [\u2026]<\/p>","protected":false},"featured_media":257168,"comment_status":"open","ping_status":"open","template":"","meta":[],"product_brand":[],"product_cat":[1174,2457],"product_tag":[],"class_list":{"0":"post-257189","1":"product","2":"type-product","3":"status-publish","4":"has-post-thumbnail","6":"product_cat-hanging-shelves","7":"product_cat-liveo","9":"first","10":"instock","11":"product-type-simple"},"_links":{"self":[{"href":"https:\/\/baldumarket.lt\/lt\/wp-json\/wp\/v2\/product\/257189","targetHints":{"allow":["GET"]}}],"collection":[{"href":"https:\/\/baldumarket.lt\/lt\/wp-json\/wp\/v2\/product"}],"about":[{"href":"https:\/\/baldumarket.lt\/lt\/wp-json\/wp\/v2\/types\/product"}],"replies":[{"embeddable":true,"href":"https:\/\/baldumarket.lt\/lt\/wp-json\/wp\/v2\/comments?post=257189"}],"wp:featuredmedia":[{"embeddable":true,"href":"https:\/\/baldumarket.lt\/lt\/wp-json\/wp\/v2\/media\/257168"}],"wp:attachment":[{"href":"https:\/\/baldumarket.lt\/lt\/wp-json\/wp\/v2\/media?parent=257189"}],"wp:term":[{"taxonomy":"product_brand","embeddable":true,"href":"https:\/\/baldumarket.lt\/lt\/wp-json\/wp\/v2\/product_brand?post=257189"},{"taxonomy":"product_cat","embeddable":true,"href":"https:\/\/baldumarket.lt\/lt\/wp-json\/wp\/v2\/product_cat?post=257189"},{"taxonomy":"product_tag","embeddable":true,"href":"https:\/\/baldumarket.lt\/lt\/wp-json\/wp\/v2\/product_tag?post=257189"}],"curies":[{"name":"wp","href":"https:\/\/api.w.org\/{rel}","templated":true}]}}