{"id":257187,"date":"2026-01-10T22:53:23","date_gmt":"2026-01-10T19:53:23","guid":{"rendered":"https:\/\/baldumarket.lt\/product\/sandy-s07-szafa\/"},"modified":"2026-02-11T18:30:27","modified_gmt":"2026-02-11T15:30:27","slug":"sandy-s07-szafa","status":"publish","type":"product","link":"https:\/\/baldumarket.lt\/lt\/product\/sandy-s07-szafa\/","title":{"rendered":"SANDY S07 drabu\u017ei\u0173 spintos"},"content":{"rendered":"<p>Spinta SANDY S07 \u2013 tai universalus baldas, lengvai telpantis svetain\u0117je ar prie\u0161kambaryje. Dviej\u0173 dur\u0173 spinta turi pakab\u0105 daiktams ir lentyn\u0105, tod\u0117l yra daug vietos daiktams susid\u0117ti. Padalijimas \u012f vir\u0161utin\u0119 ir apatin\u0119 dalis leid\u017eia lengvai atskirti daiktus ir juos lengvai pasiekti. \u201eGrandson Oak\u201c spalva \u2013 tai malonumas nat\u016bralios medienos gerb\u0117jams. Madingas dizainas be ranken\u0117li\u0173 kartu su ap\u0161viestomis frezuotomis dekoratyvin\u0117mis juostel\u0117mis sukuria unikal\u0173 charakter\u012f ir suteikia puiki\u0105 galimyb\u0119 apstatyti namus pagal naujausias tendencijas. Spinta puikiai dera su kitais \u201eSANDY\u201c serijos baldais arba yra atskiras baldas, leid\u017eiantis pritaikyti kambar\u012f pagal savo poreikius.<\/p>\n<p>Plotis 91,5 cm Gylis 53,5 cm Auk\u0161tis 192,5 cm Produkto svoris su pakuote 78,55 kg Gamintojo kodas \/ simbolis S07 Kolekcijos pavadinimas SANDY Produkto pakuo\u010di\u0173 skai\u010dius 3 Stilius Modernus \u012eranga Surinkimo instrukcijos \/ surinkimo priedai Surinkimas Savaranki\u0161kam surinkimui Vidinis ap\u0161vietimas \u0160viesos spalva \u0160iltai balta Kojel\u0117 \/ dizainas \/ spalva Plastikin\u0117, nereguliuojama<\/p>","protected":false},"excerpt":{"rendered":"<p>SANDY S07 spinta yra universalus baldas, kuris lengvai telpa svetain\u0117je ar prie\u0161kambaryje. Dviej\u0173 dur\u0173 spinta turi pakab\u0105 daiktams ir lentyn\u0105, tod\u0117l yra daug vietos daiktams susid\u0117ti. Padalijimas \u012f vir\u0161utin\u0119 ir apatin\u0119 dalis leid\u017eia lengvai atskirti daiktus ir juos lengvai pasiekti. \u201eGrandson Oak\u201c spalva yra [\u2026]<\/p>","protected":false},"featured_media":257188,"comment_status":"open","ping_status":"open","template":"","meta":[],"product_brand":[],"product_cat":[2457,1177],"product_tag":[],"class_list":{"0":"post-257187","1":"product","2":"type-product","3":"status-publish","4":"has-post-thumbnail","6":"product_cat-liveo","7":"product_cat-wardrobes","9":"first","10":"instock","11":"product-type-simple"},"_links":{"self":[{"href":"https:\/\/baldumarket.lt\/lt\/wp-json\/wp\/v2\/product\/257187","targetHints":{"allow":["GET"]}}],"collection":[{"href":"https:\/\/baldumarket.lt\/lt\/wp-json\/wp\/v2\/product"}],"about":[{"href":"https:\/\/baldumarket.lt\/lt\/wp-json\/wp\/v2\/types\/product"}],"replies":[{"embeddable":true,"href":"https:\/\/baldumarket.lt\/lt\/wp-json\/wp\/v2\/comments?post=257187"}],"wp:featuredmedia":[{"embeddable":true,"href":"https:\/\/baldumarket.lt\/lt\/wp-json\/wp\/v2\/media\/257188"}],"wp:attachment":[{"href":"https:\/\/baldumarket.lt\/lt\/wp-json\/wp\/v2\/media?parent=257187"}],"wp:term":[{"taxonomy":"product_brand","embeddable":true,"href":"https:\/\/baldumarket.lt\/lt\/wp-json\/wp\/v2\/product_brand?post=257187"},{"taxonomy":"product_cat","embeddable":true,"href":"https:\/\/baldumarket.lt\/lt\/wp-json\/wp\/v2\/product_cat?post=257187"},{"taxonomy":"product_tag","embeddable":true,"href":"https:\/\/baldumarket.lt\/lt\/wp-json\/wp\/v2\/product_tag?post=257187"}],"curies":[{"name":"wp","href":"https:\/\/api.w.org\/{rel}","templated":true}]}}