{"id":257185,"date":"2026-01-10T22:53:21","date_gmt":"2026-01-10T19:53:21","guid":{"rendered":"https:\/\/baldumarket.lt\/product\/sandy-s06-regal-l-p\/"},"modified":"2026-02-11T18:30:27","modified_gmt":"2026-02-11T15:30:27","slug":"sandy-s06-regal-l-p","status":"publish","type":"product","link":"https:\/\/baldumarket.lt\/lt\/product\/sandy-s06-regal-l-p\/","title":{"rendered":"SANDY S06 LENTYNA K\/D"},"content":{"rendered":"<p>SANDY S06 L\/R knyg\u0173 lentyna \u2013 tai baldas, puikiai tinkantis svetain\u0117ms ir darbo erdv\u0117ms. Ji pasi\u017eymi standartiniu i\u0161planavimu, penkiais erdviais skyriais. Skirstymas \u012f vir\u0161utin\u0119 ir apatin\u0119 dalis leid\u017eia lengvai atskirti daiktus ir juos lengvai pasiekti. Papildomas privalumas \u2013 galimyb\u0117 \u012frengti dureles taip, kad jos atsidaryt\u0173 \u012f kair\u0119 arba \u012f de\u0161in\u0119. \u201eGrandson Oak\u201c spalva \u2013 tai malonumas nat\u016bralios medienos gerb\u0117jams. Madingas dizainas be ranken\u0117li\u0173 kartu su ap\u0161viestomis frezuotomis dekoratyvin\u0117mis juostel\u0117mis sukuria unikal\u0173 charakter\u012f ir suteikia puiki\u0105 galimyb\u0119 \u012frengti namus pagal naujausias tendencijas. Knyg\u0173 lentyna puikiai dera su kitais SANDY serijos baldais arba yra atskiras baldas, leid\u017eiantis pritaikyti kambar\u012f pagal savo poreikius.<\/p>\n<p>Plotis 63 cm Gylis 40 cm Auk\u0161tis 192,5 cm Produkto svoris su pakuote 54,3 kg Gamintojo kodas \/ simbolis S06 Kolekcijos pavadinimas SANDY Produkto pakuo\u010di\u0173 skai\u010dius 3 Stilius Modernus \u012eranga Surinkimo instrukcijos \/ surinkimo priedai Surinkimas Savaranki\u0161kam surinkimui Vidinis ap\u0161vietimas \u0160viesos spalva \u0160iltai balta Kojel\u0117 \/ dizainas \/ spalva Plastikin\u0117, nereguliuojama<\/p>","protected":false},"excerpt":{"rendered":"<p>SANDY S06 L\/R knyg\u0173 lentyna \u2013 tai baldas, puikiai tinkantis svetain\u0117ms ir darbo erdv\u0117ms. Ji pasi\u017eymi standartiniu i\u0161planavimu, su penkiais erdviais skyriais. Skirstymas \u012f vir\u0161utin\u0119 ir apatin\u0119 dalis leid\u017eia lengvai atskirti daiktus ir juos lengvai pasiekti. Papildomas privalumas \u2013 galimyb\u0117 \u012frengti duris taip, kad jos atsidaryt\u0173 [\u2026]<\/p>","protected":false},"featured_media":257186,"comment_status":"open","ping_status":"open","template":"","meta":[],"product_brand":[],"product_cat":[2457,1177],"product_tag":[],"class_list":{"0":"post-257185","1":"product","2":"type-product","3":"status-publish","4":"has-post-thumbnail","6":"product_cat-liveo","7":"product_cat-wardrobes","9":"first","10":"instock","11":"product-type-simple"},"_links":{"self":[{"href":"https:\/\/baldumarket.lt\/lt\/wp-json\/wp\/v2\/product\/257185","targetHints":{"allow":["GET"]}}],"collection":[{"href":"https:\/\/baldumarket.lt\/lt\/wp-json\/wp\/v2\/product"}],"about":[{"href":"https:\/\/baldumarket.lt\/lt\/wp-json\/wp\/v2\/types\/product"}],"replies":[{"embeddable":true,"href":"https:\/\/baldumarket.lt\/lt\/wp-json\/wp\/v2\/comments?post=257185"}],"wp:featuredmedia":[{"embeddable":true,"href":"https:\/\/baldumarket.lt\/lt\/wp-json\/wp\/v2\/media\/257186"}],"wp:attachment":[{"href":"https:\/\/baldumarket.lt\/lt\/wp-json\/wp\/v2\/media?parent=257185"}],"wp:term":[{"taxonomy":"product_brand","embeddable":true,"href":"https:\/\/baldumarket.lt\/lt\/wp-json\/wp\/v2\/product_brand?post=257185"},{"taxonomy":"product_cat","embeddable":true,"href":"https:\/\/baldumarket.lt\/lt\/wp-json\/wp\/v2\/product_cat?post=257185"},{"taxonomy":"product_tag","embeddable":true,"href":"https:\/\/baldumarket.lt\/lt\/wp-json\/wp\/v2\/product_tag?post=257185"}],"curies":[{"name":"wp","href":"https:\/\/api.w.org\/{rel}","templated":true}]}}