{"id":257183,"date":"2026-01-10T22:53:18","date_gmt":"2026-01-10T19:53:18","guid":{"rendered":"https:\/\/baldumarket.lt\/product\/sandy-s05-witryna-l-p\/"},"modified":"2026-02-11T18:30:27","modified_gmt":"2026-02-11T15:30:27","slug":"sandy-s05-witryna-l-p","status":"publish","type":"product","link":"https:\/\/baldumarket.lt\/lt\/product\/sandy-s05-witryna-l-p\/","title":{"rendered":"SANDY S05 VITRINA K\/D"},"content":{"rendered":"<p>SANDY S05 L\/R vitrina puikiai tinka svetainei arba valgomajam. Ap\u0161viestose spintel\u0117s lentynose gra\u017eiai eksponuojami indai ar kavos servizai. Spintel\u0117 taip pat suteikia galimyb\u0119 laikyti tekstil\u0117s gaminius, kuriuos galima laikyti u\u017erakinamose ni\u0161ose. Papildomas privalumas \u2013 galimyb\u0117 \u012frengti dureles taip, kad jos atsidaryt\u0173 \u012f kair\u0119 arba \u012f de\u0161in\u0119. \u201eGrandson Oak\u201c spalva \u2013 tikras malonumas nat\u016bralios medienos gerb\u0117jams. Madingas dizainas be ranken\u0117li\u0173 kartu su ap\u0161viestomis frezuotomis dekoratyvin\u0117mis juostel\u0117mis sukuria unikal\u0173 charakter\u012f ir suteikia puiki\u0105 galimyb\u0119 \u012frengti namus pagal naujausias tendencijas. Spintel\u0117 idealiai dera su kitais SANDY serijos baldais arba yra atskiras baldas, prisitaikantis prie j\u016bs\u0173 kambario interjero dizaino.<\/p>\n<p>Plotis 63 cm Gylis 40 cm Auk\u0161tis 192,5 cm Produkto svoris su pakuote 53,8 kg Gamintojo kodas \/ simbolis S05 Kolekcijos pavadinimas SANDY Produkto pakuo\u010di\u0173 skai\u010dius 3 Stilius Modernus \u012eranga Surinkimo instrukcijos \/ surinkimo priedai Surinkimas Savaranki\u0161kam surinkimui Vidinis ap\u0161vietimas \u0160viesos spalva \u0160iltai balta Kojel\u0117 \/ dizainas \/ spalva Plastikin\u0117, nereguliuojama<\/p>","protected":false},"excerpt":{"rendered":"<p>SANDY S05 L\/R vitrina puikiai tinka svetainei arba valgomajam. Ap\u0161viestose spintel\u0117s lentynose gra\u017eiai eksponuojami indai ar kavos servizai. Spintel\u0117 taip pat suteikia galimyb\u0119 laikyti tekstil\u0117s gaminius, kuriuos galima laikyti u\u017erakinamose ni\u0161ose. Papildomas privalumas \u2013 galimyb\u0117 \u012fmontuoti duris, kurios atsidaro [\u2026]<\/p>","protected":false},"featured_media":257184,"comment_status":"open","ping_status":"open","template":"","meta":[],"product_brand":[],"product_cat":[2457,2006],"product_tag":[],"class_list":{"0":"post-257183","1":"product","2":"type-product","3":"status-publish","4":"has-post-thumbnail","6":"product_cat-liveo","7":"product_cat-vitrines","9":"first","10":"instock","11":"product-type-simple"},"_links":{"self":[{"href":"https:\/\/baldumarket.lt\/lt\/wp-json\/wp\/v2\/product\/257183","targetHints":{"allow":["GET"]}}],"collection":[{"href":"https:\/\/baldumarket.lt\/lt\/wp-json\/wp\/v2\/product"}],"about":[{"href":"https:\/\/baldumarket.lt\/lt\/wp-json\/wp\/v2\/types\/product"}],"replies":[{"embeddable":true,"href":"https:\/\/baldumarket.lt\/lt\/wp-json\/wp\/v2\/comments?post=257183"}],"wp:featuredmedia":[{"embeddable":true,"href":"https:\/\/baldumarket.lt\/lt\/wp-json\/wp\/v2\/media\/257184"}],"wp:attachment":[{"href":"https:\/\/baldumarket.lt\/lt\/wp-json\/wp\/v2\/media?parent=257183"}],"wp:term":[{"taxonomy":"product_brand","embeddable":true,"href":"https:\/\/baldumarket.lt\/lt\/wp-json\/wp\/v2\/product_brand?post=257183"},{"taxonomy":"product_cat","embeddable":true,"href":"https:\/\/baldumarket.lt\/lt\/wp-json\/wp\/v2\/product_cat?post=257183"},{"taxonomy":"product_tag","embeddable":true,"href":"https:\/\/baldumarket.lt\/lt\/wp-json\/wp\/v2\/product_tag?post=257183"}],"curies":[{"name":"wp","href":"https:\/\/api.w.org\/{rel}","templated":true}]}}