{"id":257180,"date":"2026-01-10T22:53:15","date_gmt":"2026-01-10T19:53:15","guid":{"rendered":"https:\/\/baldumarket.lt\/product\/sandy-s04-kredens\/"},"modified":"2026-02-11T18:30:27","modified_gmt":"2026-02-11T15:30:27","slug":"sandy-s04-kredens","status":"publish","type":"product","link":"https:\/\/baldumarket.lt\/lt\/product\/sandy-s04-kredens\/","title":{"rendered":"SANDY S04 indauja"},"content":{"rendered":"<p>SANDY S04 indauja \u2013 eleganti\u0161kas ir stilingas pasirinkimas, puikiai papildantis svetain\u0117s ir valgomojo interjer\u0105. Interjere yra prakti\u0161kos ni\u0161os, pasl\u0117ptos u\u017e tvirt\u0173 dureli\u0173, taip pat ap\u0161viestos lentynos u\u017e stiklini\u0173 dureli\u0173, skirtos stikliniams indams ir \u012fdomiems aksesuarams eksponuoti. \u201eGrandson Oak\u201c spalva \u2013 tai malonumas nat\u016bralios, medin\u0117s i\u0161vaizdos gerb\u0117jams. Madingas dizainas be ranken\u0117li\u0173 kartu su ap\u0161viestomis frezuotomis dekoratyvin\u0117mis juostel\u0117mis sukuria unikal\u0173 charakter\u012f ir suteikia puiki\u0105 galimyb\u0119 \u012frengti namus pagal naujausias tendencijas. Indauja puikiai dera su kitais SANDY serijos baldais arba yra atskiras baldas, prisitaikantis prie j\u016bs\u0173 kambario interjero dizaino.<\/p>\n<p>Plotis 91,5 cm Gylis 40 cm Auk\u0161tis 132 cm Produkto svoris su pakuote 56,35 kg Gamintojo kodas \/ simbolis S04 Kolekcijos pavadinimas SANDY Produkto pakuo\u010di\u0173 skai\u010dius 3 Stilius Modernus \u012eranga Surinkimo instrukcijos \/ surinkimo priedai Surinkimas Savaranki\u0161kam surinkimui Vidinis ap\u0161vietimas \u0160viesos spalva \u0160iltai balta Kojel\u0117 \/ dizainas \/ spalva Plastikin\u0117, nereguliuojama<\/p>","protected":false},"excerpt":{"rendered":"<p>SANDY S04 indauja \u2013 eleganti\u0161kas ir stilingas pasirinkimas, puikiai papildantis svetain\u0117s ir valgomojo interjer\u0105. Interjere yra prakti\u0161kos ni\u0161os, pasl\u0117ptos u\u017e tvirt\u0173 dur\u0173, taip pat ap\u0161viestos lentynos u\u017e stiklini\u0173 dur\u0173, skirtos stikliniams indams ir \u012fdomiems aksesuarams eksponuoti. \u201eGrandson Oak\u201c spalva \u2013 tai malonumas nat\u016bralaus, medinio [\u2026]<\/p>","protected":false},"featured_media":257181,"comment_status":"open","ping_status":"open","template":"","meta":[],"product_brand":[],"product_cat":[2457,2006],"product_tag":[],"class_list":{"0":"post-257180","1":"product","2":"type-product","3":"status-publish","4":"has-post-thumbnail","6":"product_cat-liveo","7":"product_cat-vitrines","9":"first","10":"instock","11":"product-type-simple"},"_links":{"self":[{"href":"https:\/\/baldumarket.lt\/lt\/wp-json\/wp\/v2\/product\/257180","targetHints":{"allow":["GET"]}}],"collection":[{"href":"https:\/\/baldumarket.lt\/lt\/wp-json\/wp\/v2\/product"}],"about":[{"href":"https:\/\/baldumarket.lt\/lt\/wp-json\/wp\/v2\/types\/product"}],"replies":[{"embeddable":true,"href":"https:\/\/baldumarket.lt\/lt\/wp-json\/wp\/v2\/comments?post=257180"}],"wp:featuredmedia":[{"embeddable":true,"href":"https:\/\/baldumarket.lt\/lt\/wp-json\/wp\/v2\/media\/257181"}],"wp:attachment":[{"href":"https:\/\/baldumarket.lt\/lt\/wp-json\/wp\/v2\/media?parent=257180"}],"wp:term":[{"taxonomy":"product_brand","embeddable":true,"href":"https:\/\/baldumarket.lt\/lt\/wp-json\/wp\/v2\/product_brand?post=257180"},{"taxonomy":"product_cat","embeddable":true,"href":"https:\/\/baldumarket.lt\/lt\/wp-json\/wp\/v2\/product_cat?post=257180"},{"taxonomy":"product_tag","embeddable":true,"href":"https:\/\/baldumarket.lt\/lt\/wp-json\/wp\/v2\/product_tag?post=257180"}],"curies":[{"name":"wp","href":"https:\/\/api.w.org\/{rel}","templated":true}]}}