{"id":257177,"date":"2026-01-10T22:53:12","date_gmt":"2026-01-10T19:53:12","guid":{"rendered":"https:\/\/baldumarket.lt\/product\/sandy-s03-komoda\/"},"modified":"2026-02-11T18:30:28","modified_gmt":"2026-02-11T15:30:28","slug":"sandy-s03-komoda","status":"publish","type":"product","link":"https:\/\/baldumarket.lt\/lt\/product\/sandy-s03-komoda\/","title":{"rendered":"SANDY S03 komoda su stal\u010diais"},"content":{"rendered":"<p>SANDY S03 komoda \u2013 tai baldas, kuris ras savo viet\u0105 svetain\u0117je, darbo kambaryje ar prie\u0161kambaryje. Dviejuose erdviuose stal\u010diuose ir u\u017edarose ni\u0161ose ji suteikia daug vietos drabu\u017eiams, papuo\u0161alams ir kitiems daiktams. Platus stalvir\u0161is puikiai leis susid\u0117ti dekoratyvinius nieku\u010dius, nuotrauk\u0173 r\u0117melius ir kitus svarbius daiktus. \u201eGrandson Oak\u201c spalva \u2013 tai malonumas nat\u016bralios medienos gerb\u0117jams. Madingas dizainas be ranken\u0117li\u0173 kartu su frezuot\u0173 dekoratyvini\u0173 juosteli\u0173 ap\u0161vietimu sukuria unikal\u0173 charakter\u012f ir suteikia puiki\u0105 galimyb\u0119 \u012frengti namus pagal naujausias tendencijas. Komoda puikiai der\u0117s su kitais SANDY serijos baldais arba bus naudojama kaip atskiras baldas, prisitaikant prie j\u016bs\u0173 kambario interjero dizaino.<\/p>\n<p>Plotis 150 cm Gylis 40 cm Auk\u0161tis 86 cm Produkto svoris su pakuote 62,95 kg Gamintojo kodas \/ simbolis S03 Kolekcijos pavadinimas SANDY Produkto pakuo\u010di\u0173 skai\u010dius 3 Stilius Modernus \u012eranga Surinkimo instrukcijos \/ surinkimo priedai Surinkimas Savaranki\u0161kam surinkimui Vidinis ap\u0161vietimas \u0160viesos spalva \u0160iltai balta Kojel\u0117 \/ dizainas \/ spalva Plastikin\u0117, nereguliuojama<\/p>","protected":false},"excerpt":{"rendered":"<p>Komoda SANDY S03 \u2013 tai baldas, kuris ras savo viet\u0105 svetain\u0117je, darbo kambaryje ar prie\u0161kambaryje. Dviejuose erdviuose stal\u010diuose ir u\u017edarose ni\u0161ose ji suteikia daug vietos drabu\u017eiams, papuo\u0161alams ir kitiems daiktams. Platus stalvir\u0161is leis gra\u017eiai demonstruoti dekoratyvinius nieku\u010dius, nuotrauk\u0173 r\u0117melius ir kitus svarbius daiktus. [\u2026]<\/p>","protected":false},"featured_media":257178,"comment_status":"open","ping_status":"open","template":"","meta":[],"product_brand":[],"product_cat":[1173,2457],"product_tag":[],"class_list":{"0":"post-257177","1":"product","2":"type-product","3":"status-publish","4":"has-post-thumbnail","6":"product_cat-chests-of-drawers","7":"product_cat-liveo","9":"first","10":"instock","11":"product-type-simple"},"_links":{"self":[{"href":"https:\/\/baldumarket.lt\/lt\/wp-json\/wp\/v2\/product\/257177","targetHints":{"allow":["GET"]}}],"collection":[{"href":"https:\/\/baldumarket.lt\/lt\/wp-json\/wp\/v2\/product"}],"about":[{"href":"https:\/\/baldumarket.lt\/lt\/wp-json\/wp\/v2\/types\/product"}],"replies":[{"embeddable":true,"href":"https:\/\/baldumarket.lt\/lt\/wp-json\/wp\/v2\/comments?post=257177"}],"wp:featuredmedia":[{"embeddable":true,"href":"https:\/\/baldumarket.lt\/lt\/wp-json\/wp\/v2\/media\/257178"}],"wp:attachment":[{"href":"https:\/\/baldumarket.lt\/lt\/wp-json\/wp\/v2\/media?parent=257177"}],"wp:term":[{"taxonomy":"product_brand","embeddable":true,"href":"https:\/\/baldumarket.lt\/lt\/wp-json\/wp\/v2\/product_brand?post=257177"},{"taxonomy":"product_cat","embeddable":true,"href":"https:\/\/baldumarket.lt\/lt\/wp-json\/wp\/v2\/product_cat?post=257177"},{"taxonomy":"product_tag","embeddable":true,"href":"https:\/\/baldumarket.lt\/lt\/wp-json\/wp\/v2\/product_tag?post=257177"}],"curies":[{"name":"wp","href":"https:\/\/api.w.org\/{rel}","templated":true}]}}