{"id":257172,"date":"2026-01-10T22:53:09","date_gmt":"2026-01-10T19:53:09","guid":{"rendered":"https:\/\/baldumarket.lt\/product\/sandy-s02-komoda\/"},"modified":"2026-02-11T18:30:28","modified_gmt":"2026-02-11T15:30:28","slug":"sandy-s02-komoda","status":"publish","type":"product","link":"https:\/\/baldumarket.lt\/lt\/product\/sandy-s02-komoda\/","title":{"rendered":"SANDY S02 komoda su stal\u010diais"},"content":{"rendered":"<p>SANDY S02 indauja puikiai papildys j\u016bs\u0173 svetain\u0117s, valgomojo ar prie\u0161kambario interjer\u0105. Tai baldas, kuris pad\u0117s jums suvaldyti netvark\u0105. Erdvios spintel\u0117s ir du stal\u010diai, kuriuose telpa \u012fvair\u016bs daiktai, suteikia erdv\u0119, pritaikyt\u0105 j\u016bs\u0173 poreikiams. \u201eGrandson Oak\u201c spalva \u2013 tai malonumas nat\u016bralios, medin\u0117s i\u0161vaizdos gerb\u0117jams. Madingas dizainas be ranken\u0117li\u0173, derinamas su frezuot\u0173 dekoratyvini\u0173 juosteli\u0173 foniniu ap\u0161vietimu, sukuria unikal\u0173 charakter\u012f ir suteikia puiki\u0105 galimyb\u0119 \u012frengti savo namus pagal naujausias tendencijas. Indauja puikiai dera su kitais SANDY serijos baldais arba kaip atskiras baldas, prisitaikantis prie j\u016bs\u0173 kambario interjero dizaino.<\/p>\n<p>Plotis 91,5 cm Gylis 40 cm Auk\u0161tis 86 cm Produkto svoris su pakuote 42 kg Gamintojo kodas \/ simbolis S02 Kolekcijos pavadinimas SANDY Produkto pakuo\u010di\u0173 skai\u010dius 3 Stilius Modernus \u012eranga Surinkimo instrukcijos \/ surinkimo priedai Surinkimas Savaranki\u0161kam surinkimui Vidinis ap\u0161vietimas \u0160viesos spalva \u0160iltai balta Kojel\u0117 \/ dizainas \/ spalva Plastikin\u0117, nereguliuojama<\/p>","protected":false},"excerpt":{"rendered":"<p>SANDY S02 indauja puikiai papildys j\u016bs\u0173 svetain\u0117s, valgomojo ar prie\u0161kambario interjer\u0105. Tai baldas, kuris pad\u0117s jums suvaldyti netvark\u0105. Erdvios spintel\u0117s ir du stal\u010diai, kuriuose telpa \u012fvair\u016bs daiktai, suteikia erdv\u0119, pritaikyt\u0105 j\u016bs\u0173 poreikiams. \u201eGrandson Oak\u201c spalva \u2013 tai malonumas [\u2026]<\/p>","protected":false},"featured_media":257173,"comment_status":"open","ping_status":"open","template":"","meta":[],"product_brand":[],"product_cat":[1173,2457],"product_tag":[],"class_list":{"0":"post-257172","1":"product","2":"type-product","3":"status-publish","4":"has-post-thumbnail","6":"product_cat-chests-of-drawers","7":"product_cat-liveo","9":"first","10":"instock","11":"product-type-simple"},"_links":{"self":[{"href":"https:\/\/baldumarket.lt\/lt\/wp-json\/wp\/v2\/product\/257172","targetHints":{"allow":["GET"]}}],"collection":[{"href":"https:\/\/baldumarket.lt\/lt\/wp-json\/wp\/v2\/product"}],"about":[{"href":"https:\/\/baldumarket.lt\/lt\/wp-json\/wp\/v2\/types\/product"}],"replies":[{"embeddable":true,"href":"https:\/\/baldumarket.lt\/lt\/wp-json\/wp\/v2\/comments?post=257172"}],"wp:featuredmedia":[{"embeddable":true,"href":"https:\/\/baldumarket.lt\/lt\/wp-json\/wp\/v2\/media\/257173"}],"wp:attachment":[{"href":"https:\/\/baldumarket.lt\/lt\/wp-json\/wp\/v2\/media?parent=257172"}],"wp:term":[{"taxonomy":"product_brand","embeddable":true,"href":"https:\/\/baldumarket.lt\/lt\/wp-json\/wp\/v2\/product_brand?post=257172"},{"taxonomy":"product_cat","embeddable":true,"href":"https:\/\/baldumarket.lt\/lt\/wp-json\/wp\/v2\/product_cat?post=257172"},{"taxonomy":"product_tag","embeddable":true,"href":"https:\/\/baldumarket.lt\/lt\/wp-json\/wp\/v2\/product_tag?post=257172"}],"curies":[{"name":"wp","href":"https:\/\/api.w.org\/{rel}","templated":true}]}}