{"id":257165,"date":"2026-01-10T22:53:06","date_gmt":"2026-01-10T19:53:06","guid":{"rendered":"https:\/\/baldumarket.lt\/product\/sandy-s01-rtv\/"},"modified":"2026-02-11T18:30:28","modified_gmt":"2026-02-11T15:30:28","slug":"sandy-s01-rtv","status":"publish","type":"product","link":"https:\/\/baldumarket.lt\/lt\/product\/sandy-s01-rtv\/","title":{"rendered":"SANDY S01 RTV"},"content":{"rendered":"<p>SANDY S01 televizoriaus staliukas \u2013 stilingas svetain\u0117s ar darbo kambario aksesuaras. Stovas turi dvi atviras ni\u0161as, puikiai tinkan\u010dias televizoriaus \u012frangai laikyti. Po ni\u0161omis yra du prakti\u0161ki stal\u010diai, skirti svarbiausiems svetain\u0117s reikmenims susid\u0117ti. \u201eGrandson Oak\u201c apdaila \u2013 tai malonumas nat\u016bralios medienos gerb\u0117jams. Madingas dizainas be ranken\u0117li\u0173 kartu su ap\u0161viestomis frezuotomis dekoratyvin\u0117mis juostel\u0117mis sukuria unikal\u0173 charakter\u012f ir suteikia puiki\u0105 galimyb\u0119 \u012frengti namus pagal naujausias tendencijas. Televizoriaus staliukas puikiai dera su kitais SANDY serijos baldais arba yra atskiras baldas, prisitaikantis prie j\u016bs\u0173 kambario interjero.<\/p>\n<p>Plotis 150 cm Gylis 40 cm Auk\u0161tis 49 cm Produkto svoris su pakuote 43,75 kg Gamintojo kodas \/ simbolis S01 Kolekcijos pavadinimas SANDY Produkto pakuo\u010di\u0173 skai\u010dius 3 Stilius Modernus \u012eranga Surinkimo instrukcijos \/ surinkimo priedai Surinkimas Savaranki\u0161kam surinkimui Vidinis ap\u0161vietimas \u0160viesos spalva \u0160iltai balta Kojel\u0117 \/ dizainas \/ spalva Plastikin\u0117, nereguliuojama<\/p>","protected":false},"excerpt":{"rendered":"<p>SANDY S01 televizoriaus staliukas \u2013 stilingas svetain\u0117s ar darbo kambario aksesuaras. Stovas turi dvi atviras ni\u0161as, puikiai tinkan\u010dias televizijos \u012frangai laikyti. Po ni\u0161omis yra du prakti\u0161ki stal\u010diai, skirti svarbiausiems svetain\u0117s reikmenims susid\u0117ti. \u201eGrandson Oak\u201c apdaila \u2013 tikras malonumas nat\u016bralios medienos m\u0117g\u0117jams. Madingas [\u2026]<\/p>","protected":false},"featured_media":257166,"comment_status":"open","ping_status":"open","template":"","meta":[],"product_brand":[],"product_cat":[2457,1175],"product_tag":[],"class_list":{"0":"post-257165","1":"product","2":"type-product","3":"status-publish","4":"has-post-thumbnail","6":"product_cat-liveo","7":"product_cat-tv-stands","9":"first","10":"instock","11":"product-type-simple"},"_links":{"self":[{"href":"https:\/\/baldumarket.lt\/lt\/wp-json\/wp\/v2\/product\/257165","targetHints":{"allow":["GET"]}}],"collection":[{"href":"https:\/\/baldumarket.lt\/lt\/wp-json\/wp\/v2\/product"}],"about":[{"href":"https:\/\/baldumarket.lt\/lt\/wp-json\/wp\/v2\/types\/product"}],"replies":[{"embeddable":true,"href":"https:\/\/baldumarket.lt\/lt\/wp-json\/wp\/v2\/comments?post=257165"}],"wp:featuredmedia":[{"embeddable":true,"href":"https:\/\/baldumarket.lt\/lt\/wp-json\/wp\/v2\/media\/257166"}],"wp:attachment":[{"href":"https:\/\/baldumarket.lt\/lt\/wp-json\/wp\/v2\/media?parent=257165"}],"wp:term":[{"taxonomy":"product_brand","embeddable":true,"href":"https:\/\/baldumarket.lt\/lt\/wp-json\/wp\/v2\/product_brand?post=257165"},{"taxonomy":"product_cat","embeddable":true,"href":"https:\/\/baldumarket.lt\/lt\/wp-json\/wp\/v2\/product_cat?post=257165"},{"taxonomy":"product_tag","embeddable":true,"href":"https:\/\/baldumarket.lt\/lt\/wp-json\/wp\/v2\/product_tag?post=257165"}],"curies":[{"name":"wp","href":"https:\/\/api.w.org\/{rel}","templated":true}]}}