{"id":257156,"date":"2026-01-10T22:53:00","date_gmt":"2026-01-10T19:53:00","guid":{"rendered":"https:\/\/baldumarket.lt\/product\/s-line-sl08-szafa\/"},"modified":"2026-02-11T18:30:28","modified_gmt":"2026-02-11T15:30:28","slug":"s-line-sl08-szafa","status":"publish","type":"product","link":"https:\/\/baldumarket.lt\/lt\/product\/s-line-sl08-szafa\/","title":{"rendered":"S-LINE SL08 DRABU\u017dIN\u0116"},"content":{"rendered":"<p>Spinta S-LINE SL08 puikiai tinka svetainei, miegamajam ar net miegamajam. Dviej\u0173 dur\u0173 spinta turi pakabinimo b\u0117gel\u012f ir lentyn\u0105, tod\u0117l yra daug vietos daiktams susid\u0117ti. Ji neu\u017eima daug vietos ir yra labai pritaikoma. Tai modernus pasirinkimas interjerui, pasi\u017eymin\u010diam paprastu, industriniu ir dar auk\u0161tesniu stiliumi. Paprast\u0105 dizain\u0105 pary\u0161kina madingos \u012fgilintos juodos linijos, sukurian\u010dios stiling\u0105 bendr\u0105 vaizd\u0105. Spinta idealiai tinka derinti su kitais S-LINE serijos baldais arba naudoti kaip atskir\u0105 bald\u0105, prisitaikant prie j\u016bs\u0173 kambario interjero.<\/p>","protected":false},"excerpt":{"rendered":"<p>Spinta \u201eS-LINE SL08\u201c puikiai tinka svetainei, miegamajam ar net miegamajam. Dviej\u0173 dur\u0173 spinta turi pakabos b\u0117gel\u012f ir lentyn\u0105, tod\u0117l yra daug vietos daiktams susid\u0117ti. Ji neu\u017eima daug vietos ir yra labai pritaikoma. Tai modernus pasirinkimas interjerui, pasi\u017eymin\u010diam paprastu, industriniu ir dar auk\u0161tesniu stiliumi. Paprastas dizainas yra [\u2026]<\/p>","protected":false},"featured_media":254843,"comment_status":"open","ping_status":"open","template":"","meta":[],"product_brand":[],"product_cat":[2457,1177],"product_tag":[],"class_list":{"0":"post-257156","1":"product","2":"type-product","3":"status-publish","4":"has-post-thumbnail","6":"product_cat-liveo","7":"product_cat-wardrobes","9":"first","10":"instock","11":"purchasable","12":"product-type-simple"},"_links":{"self":[{"href":"https:\/\/baldumarket.lt\/lt\/wp-json\/wp\/v2\/product\/257156","targetHints":{"allow":["GET"]}}],"collection":[{"href":"https:\/\/baldumarket.lt\/lt\/wp-json\/wp\/v2\/product"}],"about":[{"href":"https:\/\/baldumarket.lt\/lt\/wp-json\/wp\/v2\/types\/product"}],"replies":[{"embeddable":true,"href":"https:\/\/baldumarket.lt\/lt\/wp-json\/wp\/v2\/comments?post=257156"}],"wp:featuredmedia":[{"embeddable":true,"href":"https:\/\/baldumarket.lt\/lt\/wp-json\/wp\/v2\/media\/254843"}],"wp:attachment":[{"href":"https:\/\/baldumarket.lt\/lt\/wp-json\/wp\/v2\/media?parent=257156"}],"wp:term":[{"taxonomy":"product_brand","embeddable":true,"href":"https:\/\/baldumarket.lt\/lt\/wp-json\/wp\/v2\/product_brand?post=257156"},{"taxonomy":"product_cat","embeddable":true,"href":"https:\/\/baldumarket.lt\/lt\/wp-json\/wp\/v2\/product_cat?post=257156"},{"taxonomy":"product_tag","embeddable":true,"href":"https:\/\/baldumarket.lt\/lt\/wp-json\/wp\/v2\/product_tag?post=257156"}],"curies":[{"name":"wp","href":"https:\/\/api.w.org\/{rel}","templated":true}]}}