{"id":257148,"date":"2026-01-10T22:52:56","date_gmt":"2026-01-10T19:52:56","guid":{"rendered":"https:\/\/baldumarket.lt\/product\/s-line-sl07-regal-l-p\/"},"modified":"2026-02-11T18:30:28","modified_gmt":"2026-02-11T15:30:28","slug":"s-line-sl07-regal-l-p","status":"publish","type":"product","link":"https:\/\/baldumarket.lt\/lt\/product\/s-line-sl07-regal-l-p\/","title":{"rendered":"S-LINE SL07 LENTYNA K\/D"},"content":{"rendered":"<p>S-LINE SL07 L\/R televizoriaus lentyna yra funkcionalus baldas, kuris puikiai tinka bet kurioje erdv\u0117je. Ji padalinta \u012f tris dalis. Centrin\u0117je dalyje yra dvi atviros ni\u0161os, kurias galima naudoti knyg\u0173 lentynai sukurti arba dekoratyviniams daiktams eksponuoti, o u\u017e dureli\u0173 pasl\u0117ptos lentynos gali b\u016bti naudojamos tekstilei ar smulkiems aksesuarams. Papildomas privalumas \u2013 galimyb\u0117 \u012frengti dureles taip, kad jos atsidaryt\u0173 \u012f kair\u0119 arba \u012f de\u0161in\u0119. \u0160is modernus dizainas puikiai tinka interjerui su paprastu industriniu ir auk\u0161tesniu stiliumi. Paprast\u0105 baldo form\u0105 pary\u0161kina madingos juod\u0173 linij\u0173 formos \u012fdubos, suteikian\u010dios visam baldui labai stiling\u0105 i\u0161vaizd\u0105. L\/R lentyna idealiai tinka derinti su kitais S-LINE serijos baldais arba kaip atskiras baldas, prisitaikantis prie j\u016bs\u0173 kambario interjero dizaino.<\/p>","protected":false},"excerpt":{"rendered":"<p>S-LINE SL07 L\/R televizoriaus lentyna yra funkcionalus baldas, kuris puikiai tinka bet kurioje erdv\u0117je. Ji padalinta \u012f tris dalis. Centrin\u0117je dalyje yra dvi atviros ni\u0161os, kurias galima panaudoti knyg\u0173 lentynai sukurti arba dekoratyviniams daiktams eksponuoti, o u\u017e dureli\u0173 pasl\u0117ptos lentynos gali b\u016bti naudojamos tekstilei arba [\u2026]<\/p>","protected":false},"featured_media":257149,"comment_status":"open","ping_status":"open","template":"","meta":[],"product_brand":[],"product_cat":[2457,1177],"product_tag":[],"class_list":{"0":"post-257148","1":"product","2":"type-product","3":"status-publish","4":"has-post-thumbnail","6":"product_cat-liveo","7":"product_cat-wardrobes","9":"first","10":"instock","11":"purchasable","12":"product-type-simple"},"_links":{"self":[{"href":"https:\/\/baldumarket.lt\/lt\/wp-json\/wp\/v2\/product\/257148","targetHints":{"allow":["GET"]}}],"collection":[{"href":"https:\/\/baldumarket.lt\/lt\/wp-json\/wp\/v2\/product"}],"about":[{"href":"https:\/\/baldumarket.lt\/lt\/wp-json\/wp\/v2\/types\/product"}],"replies":[{"embeddable":true,"href":"https:\/\/baldumarket.lt\/lt\/wp-json\/wp\/v2\/comments?post=257148"}],"wp:featuredmedia":[{"embeddable":true,"href":"https:\/\/baldumarket.lt\/lt\/wp-json\/wp\/v2\/media\/257149"}],"wp:attachment":[{"href":"https:\/\/baldumarket.lt\/lt\/wp-json\/wp\/v2\/media?parent=257148"}],"wp:term":[{"taxonomy":"product_brand","embeddable":true,"href":"https:\/\/baldumarket.lt\/lt\/wp-json\/wp\/v2\/product_brand?post=257148"},{"taxonomy":"product_cat","embeddable":true,"href":"https:\/\/baldumarket.lt\/lt\/wp-json\/wp\/v2\/product_cat?post=257148"},{"taxonomy":"product_tag","embeddable":true,"href":"https:\/\/baldumarket.lt\/lt\/wp-json\/wp\/v2\/product_tag?post=257148"}],"curies":[{"name":"wp","href":"https:\/\/api.w.org\/{rel}","templated":true}]}}