{"id":257134,"date":"2026-01-10T22:52:49","date_gmt":"2026-01-10T19:52:49","guid":{"rendered":"https:\/\/baldumarket.lt\/product\/s-line-sl05-witryna-lewa\/"},"modified":"2026-02-11T18:30:28","modified_gmt":"2026-02-11T15:30:28","slug":"s-line-sl05-witryna-lewa","status":"publish","type":"product","link":"https:\/\/baldumarket.lt\/lt\/product\/s-line-sl05-witryna-lewa\/","title":{"rendered":"S-LINE SL05 KAIR\u0116 VITRIN\u0116 SPINTEL\u0116"},"content":{"rendered":"<p>Kair\u0117je pus\u0117je esanti vitrina S-LINE SL05 puikiai papildys svetain\u0119 arba valgom\u0105j\u012f. Spintel\u0117s viduje yra trys prakti\u0161kos lentynos, i\u0161 kuri\u0173 dvi pary\u0161kintos stikliniu \u012fd\u0117klu. Stiklin\u0117je dalyje bus galima laikyti stalo \u012frankius, roman\u0173 kolekcij\u0105 ar suvenyrus. Apatin\u0117 spintel\u0117s dalis puikiai tinka kitiems daiktams laikyti. Stiklini\u0173 lentyn\u0173 LED ap\u0161vietimas yra papildoma parinktis, pabr\u0117\u017eianti unikal\u0173 spintel\u0117s charakter\u012f. \u0160is modernus dizainas puikiai tinka interjerui, pasi\u017eymin\u010diam paprastu, industriniu ir auk\u0161tesniu stiliumi. Paprast\u0105 spintel\u0117s form\u0105 pary\u0161kina madingos \u012fgilintos juodos linijos, suteikian\u010dios visam baldui stiling\u0105 i\u0161vaizd\u0105. Kair\u0117je pus\u0117je esanti vitrina idealiai tinka derinti su kitais S-LINE serijos baldais arba kaip atskiras baldas, prisitaikantis prie j\u016bs\u0173 interjero dizaino.<\/p>","protected":false},"excerpt":{"rendered":"<p>Kair\u0117je pus\u0117je esanti vitrina S-LINE SL05 puikiai papildys svetain\u0119 arba valgom\u0105j\u012f. Spintel\u0117s viduje yra trys prakti\u0161kos lentynos, i\u0161 kuri\u0173 dvi pary\u0161kintos stikliniu \u012fd\u0117klu. Stiklin\u0117je dalyje bus galima laikyti stalo \u012frankius, roman\u0173 kolekcij\u0105 ar suvenyrus. Apatin\u0117 spintel\u0117s dalis puikiai [\u2026]<\/p>","protected":false},"featured_media":257135,"comment_status":"open","ping_status":"open","template":"","meta":[],"product_brand":[],"product_cat":[2457,2006],"product_tag":[],"class_list":{"0":"post-257134","1":"product","2":"type-product","3":"status-publish","4":"has-post-thumbnail","6":"product_cat-liveo","7":"product_cat-vitrines","9":"first","10":"instock","11":"purchasable","12":"product-type-simple"},"_links":{"self":[{"href":"https:\/\/baldumarket.lt\/lt\/wp-json\/wp\/v2\/product\/257134","targetHints":{"allow":["GET"]}}],"collection":[{"href":"https:\/\/baldumarket.lt\/lt\/wp-json\/wp\/v2\/product"}],"about":[{"href":"https:\/\/baldumarket.lt\/lt\/wp-json\/wp\/v2\/types\/product"}],"replies":[{"embeddable":true,"href":"https:\/\/baldumarket.lt\/lt\/wp-json\/wp\/v2\/comments?post=257134"}],"wp:featuredmedia":[{"embeddable":true,"href":"https:\/\/baldumarket.lt\/lt\/wp-json\/wp\/v2\/media\/257135"}],"wp:attachment":[{"href":"https:\/\/baldumarket.lt\/lt\/wp-json\/wp\/v2\/media?parent=257134"}],"wp:term":[{"taxonomy":"product_brand","embeddable":true,"href":"https:\/\/baldumarket.lt\/lt\/wp-json\/wp\/v2\/product_brand?post=257134"},{"taxonomy":"product_cat","embeddable":true,"href":"https:\/\/baldumarket.lt\/lt\/wp-json\/wp\/v2\/product_cat?post=257134"},{"taxonomy":"product_tag","embeddable":true,"href":"https:\/\/baldumarket.lt\/lt\/wp-json\/wp\/v2\/product_tag?post=257134"}],"curies":[{"name":"wp","href":"https:\/\/api.w.org\/{rel}","templated":true}]}}