{"id":257127,"date":"2026-01-10T22:52:46","date_gmt":"2026-01-10T19:52:46","guid":{"rendered":"https:\/\/baldumarket.lt\/product\/s-line-sl04-kredens\/"},"modified":"2026-02-11T18:30:28","modified_gmt":"2026-02-11T15:30:28","slug":"s-line-sl04-kredens","status":"publish","type":"product","link":"https:\/\/baldumarket.lt\/lt\/product\/s-line-sl04-kredens\/","title":{"rendered":"S-LINE SL04 INDAUJA"},"content":{"rendered":"<p>S-LINE SL04 televizoriaus staliukas puikiai papildys valgom\u0105j\u012f arba svetain\u0119. I\u0161 dalies \u012fstiklinti fasadai leid\u017eia eksponuoti ornamentus ar atminimo daiktus. Apatin\u0117je dalyje yra erdvi ni\u0161a su lentyna, skirta daugiau vietos daiktams susid\u0117ti ir organizuoti. Papildoma galimyb\u0117 \u2013 LED ap\u0161vietimas stiklin\u0117ms lentynoms, pabr\u0117\u017eiantis unikal\u0173 baldo charakter\u012f. Modernus pasirinkimas interjerui, pasi\u017eymin\u010diam paprastu, industriniu ir auk\u0161tesniu stiliumi. Paprast\u0105 baldo form\u0105 pary\u0161kina madingos \u012fgilintos juodos linijos, sukurian\u010dios labai stiling\u0105 bendr\u0105 vaizd\u0105. Stovas idealiai tinka derinti su kitais S-LINE serijos baldais arba naudoti kaip atskiras baldas, prisitaikantis prie j\u016bs\u0173 kambario interjero.<\/p>","protected":false},"excerpt":{"rendered":"<p>S-LINE SL04 televizoriaus staliukas puikiai papildys valgom\u0105j\u012f arba svetain\u0119. I\u0161 dalies \u012fstiklinti fasadai leid\u017eia eksponuoti ornamentus ar atminimo daiktus. Apatin\u0117je dalyje yra erdvi ni\u0161a su lentyna, skirta daugiau vietos daiktams susid\u0117ti ir organizuoti. Papildoma galimyb\u0117 yra LED ap\u0161vietimas stiklin\u0117ms lentynoms, pabr\u0117\u017eiantis unikal\u0173 [\u2026] charakter\u012f.<\/p>","protected":false},"featured_media":257128,"comment_status":"open","ping_status":"open","template":"","meta":[],"product_brand":[],"product_cat":[2457,2006],"product_tag":[],"class_list":{"0":"post-257127","1":"product","2":"type-product","3":"status-publish","4":"has-post-thumbnail","6":"product_cat-liveo","7":"product_cat-vitrines","9":"first","10":"instock","11":"purchasable","12":"product-type-simple"},"_links":{"self":[{"href":"https:\/\/baldumarket.lt\/lt\/wp-json\/wp\/v2\/product\/257127","targetHints":{"allow":["GET"]}}],"collection":[{"href":"https:\/\/baldumarket.lt\/lt\/wp-json\/wp\/v2\/product"}],"about":[{"href":"https:\/\/baldumarket.lt\/lt\/wp-json\/wp\/v2\/types\/product"}],"replies":[{"embeddable":true,"href":"https:\/\/baldumarket.lt\/lt\/wp-json\/wp\/v2\/comments?post=257127"}],"wp:featuredmedia":[{"embeddable":true,"href":"https:\/\/baldumarket.lt\/lt\/wp-json\/wp\/v2\/media\/257128"}],"wp:attachment":[{"href":"https:\/\/baldumarket.lt\/lt\/wp-json\/wp\/v2\/media?parent=257127"}],"wp:term":[{"taxonomy":"product_brand","embeddable":true,"href":"https:\/\/baldumarket.lt\/lt\/wp-json\/wp\/v2\/product_brand?post=257127"},{"taxonomy":"product_cat","embeddable":true,"href":"https:\/\/baldumarket.lt\/lt\/wp-json\/wp\/v2\/product_cat?post=257127"},{"taxonomy":"product_tag","embeddable":true,"href":"https:\/\/baldumarket.lt\/lt\/wp-json\/wp\/v2\/product_tag?post=257127"}],"curies":[{"name":"wp","href":"https:\/\/api.w.org\/{rel}","templated":true}]}}