{"id":257121,"date":"2026-01-10T22:52:43","date_gmt":"2026-01-10T19:52:43","guid":{"rendered":"https:\/\/baldumarket.lt\/product\/s-line-sl03-komoda\/"},"modified":"2026-02-11T18:30:28","modified_gmt":"2026-02-11T15:30:28","slug":"s-line-sl03-komoda","status":"publish","type":"product","link":"https:\/\/baldumarket.lt\/lt\/product\/s-line-sl03-komoda\/","title":{"rendered":"S-LINE SL03 komoda su stal\u010diais"},"content":{"rendered":"<p>S-LINE SL03 televizoriaus staliukas skirtas svetainei, ta\u010diau jis taip pat puikiai tinka miegamajame kaip drabu\u017ei\u0173 spinta ar papildoma patalyn\u0117s komplektas. Vir\u0161utin\u0117 dalis puikiai tinka suvenyrin\u0117ms nuotraukoms ir kitiems daiktams, kuriuos norite tur\u0117ti po ranka. Stal\u010diai padeda sutvarkyti erdv\u0119. De\u0161in\u0117 pus\u0117 atsidaro naudojant \u201ePUSH-TO-OPEN\u201c sistem\u0105 \u2013 modern\u0173 ir patog\u0173 sprendim\u0105. Modernus pasirinkimas interjerui, pasi\u017eymin\u010diam paprastu industriniu stiliumi ir auk\u0161tesniu. Paprasta baldo forma praturtinta madingomis juod\u0173 linij\u0173 formos \u012fdubomis, suteikian\u010diomis visam baldui labai stiling\u0105 i\u0161vaizd\u0105. Stovas idealiai tinka derinti su kitais S-LINE serijos baldais arba kaip atskiras baldas, prisitaikantis prie j\u016bs\u0173 kambario interjero dizaino.<\/p>\n<p>Plotis 153 cm Gylis 39 cm Auk\u0161tis 83,5 cm Gaminio svoris su pakuote 59 kg Stilius Modernus \u012eranga Surinkimo instrukcijos \/ surinkimo priedai Surinkimas Savaranki\u0161kam surinkimui Kojel\u0117 \/ dizainas \/ spalva Plastikin\u0117, nereguliuojama Kojel\u0117s auk\u0161tis 12 cm<\/p>","protected":false},"excerpt":{"rendered":"<p>S-LINE SL03 televizoriaus staliukas skirtas svetainei, ta\u010diau jis taip pat puikiai tinka miegamajame kaip drabu\u017ei\u0173 spinta ar papildoma patalyn\u0117. Vir\u0161utin\u0117 dalis yra puiki vieta suvenyrin\u0117ms nuotraukoms ir kitiems daiktams, kuriuos norite tur\u0117ti po ranka. Stal\u010diai padeda susitvarkyti erdv\u0119. Tinkamas [\u2026]<\/p>","protected":false},"featured_media":257112,"comment_status":"open","ping_status":"open","template":"","meta":[],"product_brand":[],"product_cat":[1173,2457],"product_tag":[],"class_list":{"0":"post-257121","1":"product","2":"type-product","3":"status-publish","4":"has-post-thumbnail","6":"product_cat-chests-of-drawers","7":"product_cat-liveo","9":"first","10":"instock","11":"purchasable","12":"product-type-simple"},"_links":{"self":[{"href":"https:\/\/baldumarket.lt\/lt\/wp-json\/wp\/v2\/product\/257121","targetHints":{"allow":["GET"]}}],"collection":[{"href":"https:\/\/baldumarket.lt\/lt\/wp-json\/wp\/v2\/product"}],"about":[{"href":"https:\/\/baldumarket.lt\/lt\/wp-json\/wp\/v2\/types\/product"}],"replies":[{"embeddable":true,"href":"https:\/\/baldumarket.lt\/lt\/wp-json\/wp\/v2\/comments?post=257121"}],"wp:featuredmedia":[{"embeddable":true,"href":"https:\/\/baldumarket.lt\/lt\/wp-json\/wp\/v2\/media\/257112"}],"wp:attachment":[{"href":"https:\/\/baldumarket.lt\/lt\/wp-json\/wp\/v2\/media?parent=257121"}],"wp:term":[{"taxonomy":"product_brand","embeddable":true,"href":"https:\/\/baldumarket.lt\/lt\/wp-json\/wp\/v2\/product_brand?post=257121"},{"taxonomy":"product_cat","embeddable":true,"href":"https:\/\/baldumarket.lt\/lt\/wp-json\/wp\/v2\/product_cat?post=257121"},{"taxonomy":"product_tag","embeddable":true,"href":"https:\/\/baldumarket.lt\/lt\/wp-json\/wp\/v2\/product_tag?post=257121"}],"curies":[{"name":"wp","href":"https:\/\/api.w.org\/{rel}","templated":true}]}}