{"id":257113,"date":"2026-01-10T22:52:39","date_gmt":"2026-01-10T19:52:39","guid":{"rendered":"https:\/\/baldumarket.lt\/product\/s-line-sl02-komoda\/"},"modified":"2026-02-11T18:30:28","modified_gmt":"2026-02-11T15:30:28","slug":"s-line-sl02-komoda","status":"publish","type":"product","link":"https:\/\/baldumarket.lt\/lt\/product\/s-line-sl02-komoda\/","title":{"rendered":"S-LINE SL02 komoda su stal\u010diais"},"content":{"rendered":"<p>S-LINE SL02 indauja puikiai dera prie svetain\u0117s ir valgomojo interjero. Tai modernus pasirinkimas interjerui, pasi\u017eymin\u010diam paprastu, industriniu ir auk\u0161tesniu stiliumi. Tiek kair\u0117je, tiek de\u0161in\u0117je spintel\u0117s pus\u0117se yra durel\u0117mis pasl\u0117ptos lentynos. Erdvus stal\u010dius praver\u010dia susid\u0117ti smulkius daiktus. Kair\u0117 pus\u0117 atsidaro naudojant \u201ePUSH-TO-OPEN\u201c sistem\u0105 \u2013 modern\u0173 ir patog\u0173 sprendim\u0105. Paprast\u0105 spintel\u0117s form\u0105 papildo madingos juod\u0173 linij\u0173 formos \u012fdubos, suteikian\u010dios visam spinteliui labai stiling\u0105 i\u0161vaizd\u0105. Indauja idealiai tinka derinti su kitais S-LINE serijos baldais arba kaip atskiras baldas, prisitaikantis prie j\u016bs\u0173 kambario interjero.<\/p>\n<p>Plotis 91,5 cm Gylis 39 cm Auk\u0161tis 83,5 cm Gaminio svoris su pakuote 37,25 kg Stilius Modernus \u012eranga Surinkimo instrukcijos \/ surinkimo priedai Surinkimas Savaranki\u0161kam surinkimui Kojel\u0117 \/ dizainas \/ spalva Plastikin\u0117, nereguliuojama Kojel\u0117s auk\u0161tis 12 cm<\/p>","protected":false},"excerpt":{"rendered":"<p>S-LINE SL02 indauja puikiai dera prie svetain\u0117s ir valgomojo interjero. Tai modernus pasirinkimas interjerui, pasi\u017eymin\u010diam paprastu, industriniu ir auk\u0161tesniu stiliumi. Tiek kair\u0117je, tiek de\u0161in\u0117je spintel\u0117s pus\u0117se yra durel\u0117mis pasl\u0117ptos lentynos. Erdvus stal\u010dius pravers smulkiems daiktams laikyti. Kair\u0117 pus\u0117 atsidaro naudojant \u201ePUSH-TO-OPEN\u201c sistem\u0105, [\u2026]<\/p>","protected":false},"featured_media":257114,"comment_status":"open","ping_status":"open","template":"","meta":[],"product_brand":[],"product_cat":[1173,2457],"product_tag":[],"class_list":{"0":"post-257113","1":"product","2":"type-product","3":"status-publish","4":"has-post-thumbnail","6":"product_cat-chests-of-drawers","7":"product_cat-liveo","9":"first","10":"instock","11":"purchasable","12":"product-type-simple"},"_links":{"self":[{"href":"https:\/\/baldumarket.lt\/lt\/wp-json\/wp\/v2\/product\/257113","targetHints":{"allow":["GET"]}}],"collection":[{"href":"https:\/\/baldumarket.lt\/lt\/wp-json\/wp\/v2\/product"}],"about":[{"href":"https:\/\/baldumarket.lt\/lt\/wp-json\/wp\/v2\/types\/product"}],"replies":[{"embeddable":true,"href":"https:\/\/baldumarket.lt\/lt\/wp-json\/wp\/v2\/comments?post=257113"}],"wp:featuredmedia":[{"embeddable":true,"href":"https:\/\/baldumarket.lt\/lt\/wp-json\/wp\/v2\/media\/257114"}],"wp:attachment":[{"href":"https:\/\/baldumarket.lt\/lt\/wp-json\/wp\/v2\/media?parent=257113"}],"wp:term":[{"taxonomy":"product_brand","embeddable":true,"href":"https:\/\/baldumarket.lt\/lt\/wp-json\/wp\/v2\/product_brand?post=257113"},{"taxonomy":"product_cat","embeddable":true,"href":"https:\/\/baldumarket.lt\/lt\/wp-json\/wp\/v2\/product_cat?post=257113"},{"taxonomy":"product_tag","embeddable":true,"href":"https:\/\/baldumarket.lt\/lt\/wp-json\/wp\/v2\/product_tag?post=257113"}],"curies":[{"name":"wp","href":"https:\/\/api.w.org\/{rel}","templated":true}]}}