{"id":257105,"date":"2026-01-10T22:52:36","date_gmt":"2026-01-10T19:52:36","guid":{"rendered":"https:\/\/baldumarket.lt\/product\/s-line-sl01-rtv\/"},"modified":"2026-02-11T18:30:28","modified_gmt":"2026-02-11T15:30:28","slug":"s-line-sl01-rtv","status":"publish","type":"product","link":"https:\/\/baldumarket.lt\/lt\/product\/s-line-sl01-rtv\/","title":{"rendered":"S-LINE SL01 RTV"},"content":{"rendered":"<p>\u201eS-LINE SL01\u201c televizoriaus staliukas \u2013 puikus pasirinkimas svetainei. Jame yra atvira ni\u0161a televizoriaus \u012frangai, erdvus stal\u010dius smulkiems daiktams ir dvi u\u017erakinamos spintel\u0117s \u0161onuose, puikiai tinkan\u010dios visiems reikalingiems daiktams laikyti. Stalvir\u0161is gali b\u016bti naudojamas televizoriui ar dekoratyviniams daiktams eksponuoti. Ni\u0161os galin\u0117je sienel\u0117je yra skyl\u0117 laidams tvarkyti. \u0160is modernus dizainas puikiai tinka interjerui, pasi\u017eymin\u010diam paprastu, industriniu ir auk\u0161tesniu stiliumi. Paprast\u0105 dizain\u0105 papildo madingos juod\u0173 linij\u0173 formos ni\u0161os, suteikian\u010dios visam baldui stiling\u0105 i\u0161vaizd\u0105. Televizoriaus staliukas idealiai tinka derinti su kitais \u201eS-LINE\u201c serijos baldais arba naudoti kaip atskiras baldas, prisitaikantis prie j\u016bs\u0173 kambario interjero.<\/p>\n<p>Plotis 153 cm Gylis 39 cm Auk\u0161tis 53 cm Gaminio svoris su pakuote 42,65 kg Stilius Modernus \u012eranga Surinkimo instrukcijos \/ surinkimo priedai Surinkimas Savaranki\u0161kam surinkimui Kojel\u0117 \/ dizainas \/ spalva Plastikin\u0117, nereguliuojama Kojel\u0117s auk\u0161tis 12 cm<\/p>","protected":false},"excerpt":{"rendered":"<p>\u201eS-LINE SL01\u201c televizoriaus staliukas \u2013 puikus pasirinkimas svetainei. Jame yra atvira ni\u0161a televizoriaus \u012frangai, erdvus stal\u010dius smulkiems daiktams ir dvi u\u017erakinamos spintel\u0117s \u0161onuose, puikiai tinkan\u010dios visiems reikalingiems daiktams laikyti. Stalvir\u0161is gali b\u016bti naudojamas televizoriui ar dekoratyviniams daiktams eksponuoti. Galin\u0117 sienel\u0117 [\u2026]<\/p>","protected":false},"featured_media":257106,"comment_status":"open","ping_status":"open","template":"","meta":[],"product_brand":[],"product_cat":[2457,1175],"product_tag":[],"class_list":{"0":"post-257105","1":"product","2":"type-product","3":"status-publish","4":"has-post-thumbnail","6":"product_cat-liveo","7":"product_cat-tv-stands","9":"first","10":"instock","11":"purchasable","12":"product-type-simple"},"_links":{"self":[{"href":"https:\/\/baldumarket.lt\/lt\/wp-json\/wp\/v2\/product\/257105","targetHints":{"allow":["GET"]}}],"collection":[{"href":"https:\/\/baldumarket.lt\/lt\/wp-json\/wp\/v2\/product"}],"about":[{"href":"https:\/\/baldumarket.lt\/lt\/wp-json\/wp\/v2\/types\/product"}],"replies":[{"embeddable":true,"href":"https:\/\/baldumarket.lt\/lt\/wp-json\/wp\/v2\/comments?post=257105"}],"wp:featuredmedia":[{"embeddable":true,"href":"https:\/\/baldumarket.lt\/lt\/wp-json\/wp\/v2\/media\/257106"}],"wp:attachment":[{"href":"https:\/\/baldumarket.lt\/lt\/wp-json\/wp\/v2\/media?parent=257105"}],"wp:term":[{"taxonomy":"product_brand","embeddable":true,"href":"https:\/\/baldumarket.lt\/lt\/wp-json\/wp\/v2\/product_brand?post=257105"},{"taxonomy":"product_cat","embeddable":true,"href":"https:\/\/baldumarket.lt\/lt\/wp-json\/wp\/v2\/product_cat?post=257105"},{"taxonomy":"product_tag","embeddable":true,"href":"https:\/\/baldumarket.lt\/lt\/wp-json\/wp\/v2\/product_tag?post=257105"}],"curies":[{"name":"wp","href":"https:\/\/api.w.org\/{rel}","templated":true}]}}