{"id":257089,"date":"2026-01-10T22:52:29","date_gmt":"2026-01-10T19:52:29","guid":{"rendered":"https:\/\/baldumarket.lt\/product\/remi-rm16-toaletka-bialy\/"},"modified":"2026-02-11T18:30:28","modified_gmt":"2026-02-11T15:30:28","slug":"remi-rm16-toaletka-bialy","status":"publish","type":"product","link":"https:\/\/baldumarket.lt\/lt\/product\/remi-rm16-toaletka-bialy\/","title":{"rendered":"REMI RM16 TUALETINIS STALIUKAS, BALTAS"},"content":{"rendered":"<p>REMI RM16 tualetinis staliukas puikiai tinka miegamajam arba paauglio kambariui. Didelis veidrodis leid\u017eia puikiai pasida\u017eyti ar susi\u0161ukuoti, o du erdv\u016bs stal\u010diai talpina visk\u0105, ko reikia kasdienei prie\u017ei\u016brai. Did\u017eiausias jo bruo\u017eas \u2013 LED ap\u0161vietimas su a\u0161tuoniomis lemput\u0117mis, i\u0161d\u0117stytomis aplink pavir\u0161i\u0173. Moderni spalv\u0173 gama leid\u017eia sukurti tobul\u0105 interjer\u0105, pritaikyt\u0105 prie vartotoj\u0173 skonio ir poreiki\u0173. Kolekcijai b\u016bdinga minimalistin\u0117 i\u0161vaizda ir funkcionalumas. Tualetinis staliukas puikiai dera su kitais REMI serijos baldais arba kaip atskiras baldas, prisitaikantis prie j\u016bs\u0173 kambario interjero dizaino.<\/p>\n<p>Plotis 100 cm Gylis 44 cm Auk\u0161tis 140 cm Produkto svoris su pakuote 32,75 kg Kolekcijos pavadinimas REMI Produkto pakuo\u010di\u0173 skai\u010dius 3 Stilius Moderni \u012franga Surinkimo instrukcijos \/ surinkimo priedai Surinkimas Savaranki\u0161kam surinkimui Stalvir\u0161io med\u017eiaga \/ tipas \/ storis laminuota med\u017eio dro\u017eli\u0173 plok\u0161t\u0117 16 mm Korpuso med\u017eiaga \/ tipas \/ storis laminuota med\u017eio dro\u017eli\u0173 plok\u0161t\u0117 16 mm Matomos galin\u0117s sienel\u0117s dalis spalva balta Priekin\u0117 med\u017eiaga \/ tipas \/ storis laminuota med\u017eio dro\u017eli\u0173 plok\u0161t\u0117 16 mm Priekinis veidrodis veidrod\u017eio matmenys 55\u00d763,8 cm Priekin\u0117 rankena \/ dizainas \/ spalva frezuota Vidaus ap\u0161vietimas \u0161viesos spalva Neutrali balta Stal\u010di\u0173 b\u0117geliai rutulinis guolis Kojel\u0117 \/ dizainas \/ spalva GLIDE Stal\u010di\u0173 skai\u010dius 2<\/p>","protected":false},"excerpt":{"rendered":"<p>REMI RM16 tualetinis staliukas puikiai tinka miegamajam arba paauglio kambariui. Didelis veidrodis leid\u017eia puikiai pasida\u017eyti ar susi\u0161ukuoti, o dviejuose erdviuose stal\u010diuose telpa viskas, ko reikia kasdienei prie\u017ei\u016brai. Did\u017eiausias jo bruo\u017eas \u2013 LED ap\u0161vietimas su a\u0161tuoniomis lemput\u0117mis aplink pavir\u0161i\u0173. Modernios spalvos [\u2026]<\/p>","protected":false},"featured_media":257090,"comment_status":"open","ping_status":"open","template":"","meta":[],"product_brand":[],"product_cat":[1237,2457],"product_tag":[],"class_list":{"0":"post-257089","1":"product","2":"type-product","3":"status-publish","4":"has-post-thumbnail","6":"product_cat-dressing-tables","7":"product_cat-liveo","9":"first","10":"instock","11":"purchasable","12":"product-type-simple"},"_links":{"self":[{"href":"https:\/\/baldumarket.lt\/lt\/wp-json\/wp\/v2\/product\/257089","targetHints":{"allow":["GET"]}}],"collection":[{"href":"https:\/\/baldumarket.lt\/lt\/wp-json\/wp\/v2\/product"}],"about":[{"href":"https:\/\/baldumarket.lt\/lt\/wp-json\/wp\/v2\/types\/product"}],"replies":[{"embeddable":true,"href":"https:\/\/baldumarket.lt\/lt\/wp-json\/wp\/v2\/comments?post=257089"}],"wp:featuredmedia":[{"embeddable":true,"href":"https:\/\/baldumarket.lt\/lt\/wp-json\/wp\/v2\/media\/257090"}],"wp:attachment":[{"href":"https:\/\/baldumarket.lt\/lt\/wp-json\/wp\/v2\/media?parent=257089"}],"wp:term":[{"taxonomy":"product_brand","embeddable":true,"href":"https:\/\/baldumarket.lt\/lt\/wp-json\/wp\/v2\/product_brand?post=257089"},{"taxonomy":"product_cat","embeddable":true,"href":"https:\/\/baldumarket.lt\/lt\/wp-json\/wp\/v2\/product_cat?post=257089"},{"taxonomy":"product_tag","embeddable":true,"href":"https:\/\/baldumarket.lt\/lt\/wp-json\/wp\/v2\/product_tag?post=257089"}],"curies":[{"name":"wp","href":"https:\/\/api.w.org\/{rel}","templated":true}]}}