{"id":257067,"date":"2026-01-10T22:52:19","date_gmt":"2026-01-10T19:52:19","guid":{"rendered":"https:\/\/baldumarket.lt\/product\/remi-rm15-biurko-dab-castello\/"},"modified":"2026-02-11T18:30:28","modified_gmt":"2026-02-11T15:30:28","slug":"remi-rm15-biurko-dab-castello","status":"publish","type":"product","link":"https:\/\/baldumarket.lt\/lt\/product\/remi-rm15-biurko-dab-castello\/","title":{"rendered":"REMI RM15 stalas, \u0105\u017euolo spalvos, \u201eCastello\u201c"},"content":{"rendered":"<p>REMI RM15 ra\u0161omasis stalas puikiai tinka ne tik paauglio kambariui, bet ir nam\u0173 biurui ar darbo kambariui. Platus stalvir\u0161is suteikia daug vietos mokymuisi, o po stalvir\u0161iu esantis stal\u010dius leid\u017eia susid\u0117ti smulkius daiktus. Stalas gali b\u016bti montuojamas kair\u0117je arba de\u0161in\u0117je pus\u0117je. Moderni spalv\u0173 gama leid\u017eia sukurti tobul\u0105 interjer\u0105, pritaikyt\u0105 prie naudotoj\u0173 skonio ir poreiki\u0173. Kolekcijai b\u016bdinga minimalistin\u0117 i\u0161vaizda ir funkcionalumas. Stalas idealiai tinka derinant su REMI RM12 spintele arba kaip atskiras baldas, prisitaikantis prie j\u016bs\u0173 kambario interjero dizaino.<\/p>\n<p>Plotis 115 cm Gylis 54 cm Auk\u0161tis 75 cm Produkto svoris su pakuote 23,45 kg Gamintojo kodas \/ simbolis RM15 Kolekcijos pavadinimas REMI Produkto pakuo\u010di\u0173 skai\u010dius 1 Stilius Moderni \u012franga Surinkimo instrukcijos \/ surinkimo priedai Surinkimas Savaranki\u0161kam surinkimui Stalvir\u0161io med\u017eiaga \/ tipas \/ storis laminuota med\u017eio dro\u017eli\u0173 plok\u0161t\u0117 16 mm Korpuso med\u017eiaga \/ tipas \/ storis Laminuota med\u017eio dro\u017eli\u0173 plok\u0161t\u0117 16 mm Priekin\u0117 rankena \/ dizainas \/ spalva frezuota Kojel\u0117 \/ dizainas \/ spalva SLIDE Stal\u010di\u0173 skai\u010dius 1<\/p>","protected":false},"excerpt":{"rendered":"<p>REMI RM15 ra\u0161omasis stalas puikiai tinka ne tik paauglio kambariui, bet ir nam\u0173 biurui ar darbo kambariui. Platus stalvir\u0161is suteikia daug vietos mokymuisi, o stal\u010dius po stalvir\u0161iu leid\u017eia susid\u0117ti smulkius daiktus. Stalas gali b\u016bti montuojamas kair\u0117je arba de\u0161in\u0117je pus\u0117je. Moderni spalv\u0173 schema leid\u017eia sukurti [\u2026]<\/p>","protected":false},"featured_media":257055,"comment_status":"open","ping_status":"open","template":"","meta":[],"product_brand":[],"product_cat":[1312,2457],"product_tag":[],"class_list":{"0":"post-257067","1":"product","2":"type-product","3":"status-publish","4":"has-post-thumbnail","6":"product_cat-desks","7":"product_cat-liveo","9":"first","10":"instock","11":"purchasable","12":"product-type-simple"},"_links":{"self":[{"href":"https:\/\/baldumarket.lt\/lt\/wp-json\/wp\/v2\/product\/257067","targetHints":{"allow":["GET"]}}],"collection":[{"href":"https:\/\/baldumarket.lt\/lt\/wp-json\/wp\/v2\/product"}],"about":[{"href":"https:\/\/baldumarket.lt\/lt\/wp-json\/wp\/v2\/types\/product"}],"replies":[{"embeddable":true,"href":"https:\/\/baldumarket.lt\/lt\/wp-json\/wp\/v2\/comments?post=257067"}],"wp:featuredmedia":[{"embeddable":true,"href":"https:\/\/baldumarket.lt\/lt\/wp-json\/wp\/v2\/media\/257055"}],"wp:attachment":[{"href":"https:\/\/baldumarket.lt\/lt\/wp-json\/wp\/v2\/media?parent=257067"}],"wp:term":[{"taxonomy":"product_brand","embeddable":true,"href":"https:\/\/baldumarket.lt\/lt\/wp-json\/wp\/v2\/product_brand?post=257067"},{"taxonomy":"product_cat","embeddable":true,"href":"https:\/\/baldumarket.lt\/lt\/wp-json\/wp\/v2\/product_cat?post=257067"},{"taxonomy":"product_tag","embeddable":true,"href":"https:\/\/baldumarket.lt\/lt\/wp-json\/wp\/v2\/product_tag?post=257067"}],"curies":[{"name":"wp","href":"https:\/\/api.w.org\/{rel}","templated":true}]}}